{"id":93,"date":"2017-01-25T15:16:17","date_gmt":"2017-01-25T14:16:17","guid":{"rendered":"http:\/\/blog.senat.fr\/moocs\/?page_id=93"},"modified":"2017-05-09T18:13:30","modified_gmt":"2017-05-09T16:13:30","slug":"la-fonction-legislative","status":"publish","type":"page","link":"https:\/\/blog.senat.fr\/moocs\/la-fonction-legislative\/","title":{"rendered":"La fonction l\u00e9gislative"},"content":{"rendered":"<p>&nbsp;<\/p>\n<h3>Le r\u00f4le l\u00e9gislatif du Parlement, le domaine de la loi<\/h3>\n<p><!-- 1.1 --><\/p>\n<div style=\"float: left; min-width: 25%; font-size: 0.7em; background-color: #eeeded; padding: 10px;\">\n<div style=\"margin: 0 auto;\">\n<div><img loading=\"lazy\" decoding=\"async\" class=\"alignleft size-full wp-image-774\" src=\"http:\/\/blog.senat.fr\/moocs\/wp-content\/uploads\/sites\/4\/2017\/02\/pascal-jan.png\" alt=\"\" width=\"200\" height=\"133\" \/><\/div>\n<div style=\"clear: both;\"><\/div>\n<div style=\"margin: 0 auto; line-height: 1.2em;\"><a href=\"http:\/\/blog.senat.fr\/moocs\/la-fonction-legislative\/le-role-legislatif-du-parlement-le-domaine-de-la-loi\/le-role-legislatif-du-parlement-le-domaine-de-la-loi-13\/\"><strong>M. Pascal Jan<\/strong><br \/>\n<\/a><br \/>\nprofesseur des Universit\u00e9s<br \/>\nInstitut d&rsquo;\u00e9tudes politiques<br \/>\nde Bordeaux<\/div>\n<div style=\"clear: both;\"><\/div>\n<\/div>\n<\/div>\n<p><!-- Fin 1.1 --><\/p>\n<p><!-- 1.3 --><\/p>\n<div style=\"float: left; min-width: 25%; font-size: 0.7em; padding: 10px;\">\n<div style=\"margin: 0 auto;\">\n<div><img loading=\"lazy\" decoding=\"async\" class=\"alignleft size-full wp-image-695\" src=\"http:\/\/blog.senat.fr\/moocs\/wp-content\/uploads\/sites\/4\/2017\/02\/jean-louis-herin.png\" alt=\"\" width=\"200\" height=\"133\" \/><\/div>\n<div style=\"clear: both;\"><\/div>\n<div style=\"margin: 0 auto; line-height: 1.2em;\"><a href=\"http:\/\/blog.senat.fr\/moocs\/la-fonction-legislative\/le-role-legislatif-du-parlement-le-domaine-de-la-loi\/le-role-legislatif-du-parlement-le-domaine-de-la-loi-33\/\"><strong>M. Jean-Louis H\u00e9rin<\/strong><br \/>\n<\/a><br \/>\nSecr\u00e9taire g\u00e9n\u00e9ral du S\u00e9nat<\/div>\n<div style=\"clear: both;\"><\/div>\n<\/div>\n<\/div>\n<p><!-- Fin 1.3 --><\/p>\n<div style=\"clear: both;\"><\/div>\n<h3>Le droit d\u2019initiative<\/h3>\n<p><!-- 2.2 --><\/p>\n<div style=\"float: left; min-width: 25%; font-size: 0.7em; padding: 10px;\">\n<div style=\"margin: 0 auto;\">\n<div><img loading=\"lazy\" decoding=\"async\" class=\"alignleft size-full wp-image-796\" src=\"http:\/\/blog.senat.fr\/moocs\/wp-content\/uploads\/sites\/4\/2017\/02\/francois-sicard.png\" alt=\"\" width=\"200\" height=\"133\" \/><\/div>\n<div style=\"clear: both;\"><\/div>\n<div style=\"margin: 0 auto; line-height: 1.2em;\">\n<p><a href=\"http:\/\/blog.senat.fr\/moocs\/la-fonction-legislative\/le-droit-dinitiative\/le-droit-dinitiative-22\/\"><strong>M. Fran\u00e7ois Sicard<\/strong><\/a><\/p>\n<p>responsable de la Division du soutien<br \/>\n\u00e0 l&rsquo;initiative parlementaire<\/p>\n<\/div>\n<div style=\"clear: both;\"><\/div>\n<\/div>\n<\/div>\n<p><!-- Fin 2.2 --><\/p>\n<div style=\"clear: both;\"><\/div>\n<h3>Le droit d\u2019amendement<\/h3>\n<div style=\"float: left; min-width: 25%; font-size: 0.7em; background-color: #eeeded; padding: 10px;\">\n<div style=\"margin: 0 auto;\">\n<div><img loading=\"lazy\" decoding=\"async\" class=\"alignleft size-full wp-image-767\" src=\"http:\/\/blog.senat.fr\/moocs\/wp-content\/uploads\/sites\/4\/2017\/02\/marion-jolivet.png\" alt=\"\" width=\"200\" height=\"133\" \/><\/div>\n<div style=\"clear: both;\"><\/div>\n<div style=\"margin: 0 auto; line-height: 1.2em;\">\n<p><a href=\"http:\/\/blog.senat.fr\/moocs\/la-fonction-legislative\/le-droit-damendement\/le-droit-damendement-12\/\"><strong>Mme Marion Jolivet<\/strong><\/a><\/p>\n<p>responsable de la Division de la S\u00e9ance<br \/>\net du droit parlementaire<\/p>\n<\/div>\n<div style=\"clear: both;\"><\/div>\n<\/div>\n<\/div>\n<div style=\"clear: both;\"><\/div>\n<h3>Les irrecevabilit\u00e9s<\/h3>\n<div style=\"float: left; min-width: 25%; font-size: 0.7em; background-color: #eeeded; padding: 10px;\">\n<div style=\"margin: 0 auto;\">\n<div><img loading=\"lazy\" decoding=\"async\" class=\"alignleft wp-image-2030 size-full\" title=\"Priscilla Monge et Audrey de Montis\" src=\"http:\/\/blog.senat.fr\/moocs\/wp-content\/uploads\/sites\/4\/2017\/05\/priscilla-monge-audrey-de-montis-1.jpg\" alt=\"Priscilla Monge et Audrey de Montis\" width=\"200\" height=\"133\" \/><\/div>\n<div style=\"clear: both;\"><\/div>\n<div style=\"margin: 0 auto; line-height: 1.2em;\">\n<p><a href=\"http:\/\/blog.senat.fr\/moocs\/la-fonction-legislative\/les-irrecevabilites\/les-irrecevabilites-14\/\"><strong>Mme Priscilla Monge<br \/>\nMme Audrey de Montis <\/strong><\/a><\/p>\n<p>universitaires, Universit\u00e9 d&rsquo;Aix-Marseille<br \/>\net Universit\u00e9 de Rennes 1<\/p>\n<\/div>\n<div style=\"clear: both;\"><\/div>\n<\/div>\n<\/div>\n<div style=\"float: left; min-width: 25%; font-size: 0.7em; padding: 10px;\">\n<div style=\"margin: 0 auto;\">\n<div><img loading=\"lazy\" decoding=\"async\" class=\"alignleft size-full wp-image-782\" src=\"http:\/\/blog.senat.fr\/moocs\/wp-content\/uploads\/sites\/4\/2017\/02\/pierre-chavy.png\" alt=\"\" width=\"200\" height=\"133\" \/><\/div>\n<div style=\"clear: both;\"><\/div>\n<div style=\"margin: 0 auto; line-height: 1.2em;\">\n<p><a href=\"http:\/\/blog.senat.fr\/moocs\/la-fonction-legislative\/les-irrecevabilites\/les-irrecevabilites-44\/\"><strong>M. Pierre Chavy<\/strong><\/a><\/p>\n<p>administrateur \u00e0 la commission<br \/>\ndes Finances<\/p>\n<\/div>\n<div style=\"clear: both;\"><\/div>\n<\/div>\n<\/div>\n<div style=\"clear: both;\"><\/div>\n<h3 style=\"clear: both;\">\u00a0L&rsquo;examen en commission<\/h3>\n<div style=\"float: left; min-width: 25%; font-size: 0.7em; padding: 10px;\">\n<div style=\"margin: 0 auto;\">\n<div><img loading=\"lazy\" decoding=\"async\" class=\"alignleft size-full wp-image-777\" src=\"http:\/\/blog.senat.fr\/moocs\/wp-content\/uploads\/sites\/4\/2017\/02\/Philippe-Bachschmidt.png\" alt=\"\" width=\"200\" height=\"133\" \/><\/div>\n<div style=\"clear: both;\"><\/div>\n<div style=\"margin: 0 auto; line-height: 1.2em;\">\n<p><a href=\"http:\/\/blog.senat.fr\/moocs\/la-fonction-legislative\/lexamen-en-commission\/lexamen-en-commission-44\/\"><strong>M. Philippe Bachschmidt<\/strong><\/a><\/p>\n<p>administrateur \u00e0 la commission<br \/>\ndes Lois<\/p>\n<\/div>\n<div style=\"clear: both;\"><\/div>\n<\/div>\n<\/div>\n<div style=\"clear: both;\"><\/div>\n<h3>Le travail l\u00e9gislatif en s\u00e9ance pl\u00e9ni\u00e8re<\/h3>\n<div style=\"float: left; min-width: 25%; font-size: 0.7em; padding: 10px;\">\n<div style=\"margin: 0 auto;\">\n<div><img loading=\"lazy\" decoding=\"async\" class=\"alignleft wp-image-737 size-full\" src=\"http:\/\/blog.senat.fr\/moocs\/wp-content\/uploads\/sites\/4\/2017\/02\/bertrand-follin.png\" width=\"200\" height=\"133\" \/><\/div>\n<div style=\"clear: both;\"><\/div>\n<div style=\"margin: 0 auto; line-height: 1.2em;\">\n<p><a href=\"http:\/\/blog.senat.fr\/moocs\/la-fonction-legislative\/la-seance-pleniere\/la-seance-pleniere-24\/\"><strong>M. Bertrand Follin<\/strong><\/a><\/p>\n<p>directeur de la S\u00e9ance<\/p>\n<\/div>\n<\/div>\n<\/div>\n<div style=\"clear: both;\"><\/div>\n<h3>La commission mixte paritaire<\/h3>\n<div style=\"float: left; min-width: 25%; background-color: #eeeded; font-size: 0.7em; padding: 10px;\">\n<div style=\"margin: 0 auto;\">\n<div><img loading=\"lazy\" decoding=\"async\" class=\"alignleft size-full wp-image-777\" src=\"http:\/\/blog.senat.fr\/moocs\/wp-content\/uploads\/sites\/4\/2017\/02\/Philippe-Bachschmidt.png\" alt=\"\" width=\"200\" height=\"133\" \/><\/div>\n<div style=\"clear: both;\"><\/div>\n<div style=\"margin: 0 auto; line-height: 1.2em;\">\n<p><a href=\"http:\/\/blog.senat.fr\/moocs\/la-fonction-legislative\/la-commission-mixte-paritaire\/la-commission-mixte-paritaire-22\/\"><strong>M. Philippe Bachschmidt<\/strong><\/a><\/p>\n<p>administrateur \u00e0 la commission des Lois<\/p>\n<\/div>\n<\/div>\n<\/div>\n<div style=\"clear: both;\"><\/div>\n<h3>Le contr\u00f4le de constitutionnalit\u00e9 en France<\/h3>\n<div style=\"float: left; min-width: 25%; font-size: 0.7em; padding: 10px;\">\n<div style=\"margin: 0 auto;\">\n<div><img loading=\"lazy\" decoding=\"async\" class=\"alignleft wp-image-786 size-full\" src=\"http:\/\/blog.senat.fr\/moocs\/wp-content\/uploads\/sites\/4\/2017\/02\/sebastien-miller.png\" width=\"200\" height=\"133\" \/><\/div>\n<div style=\"clear: both;\"><\/div>\n<div style=\"margin: 0 auto; line-height: 1.2em;\">\n<p><a href=\"http:\/\/blog.senat.fr\/moocs\/la-fonction-legislative\/le-controle-de-constitutionnalite\/le-controle-de-constitutionnalite-22\/\"><strong>M. S\u00e9bastien Miller<\/strong><\/a><\/p>\n<p>administrateur mis \u00e0 disposition du<br \/>\nConseil constitutionnel<\/p>\n<\/div>\n<\/div>\n<\/div>\n<div style=\"clear: both;\"><\/div>\n<h3>Les lois de finances<\/h3>\n<div style=\"float: left; min-width: 25%; font-size: 0.7em; background-color: #eeeded; padding: 10px;\">\n<div style=\"margin: 0 auto;\">\n<div><img loading=\"lazy\" decoding=\"async\" class=\"alignleft wp-image-745 size-full\" src=\"http:\/\/blog.senat.fr\/moocs\/wp-content\/uploads\/sites\/4\/2017\/02\/emmanuel-triboulet.png\" width=\"200\" height=\"133\" \/><\/div>\n<div style=\"clear: both;\"><\/div>\n<div style=\"margin: 0 auto; line-height: 1.2em;\">\n<p><a href=\"http:\/\/blog.senat.fr\/moocs\/la-fonction-legislative\/les-lois-de-finances\/les-lois-de-finances-12\/\"><strong>M. Emmanuel Triboulet<\/strong><\/a><\/p>\n<p>chef du service de la<br \/>\ncommission des Finances<\/p>\n<\/div>\n<div style=\"clear: both;\"><\/div>\n<\/div>\n<\/div>\n<div style=\"clear: both;\"><\/div>\n<h3>Les lois de financement de la s\u00e9curit\u00e9 sociale<\/h3>\n<div style=\"float: left; min-width: 25%; font-size: 0.7em; background-color: #eeeded; padding: 10px;\">\n<div style=\"margin: 0 auto;\">\n<div><img loading=\"lazy\" decoding=\"async\" class=\"alignleft wp-image-747 size-full\" src=\"http:\/\/blog.senat.fr\/moocs\/wp-content\/uploads\/sites\/4\/2017\/02\/etienne-sallenave.png\" width=\"200\" height=\"133\" \/><\/div>\n<div style=\"clear: both;\"><\/div>\n<div style=\"margin: 0 auto; line-height: 1.2em;\">\n<p><a href=\"http:\/\/blog.senat.fr\/moocs\/la-fonction-legislative\/les-lois-de-financement-de-la-securite-sociale\/les-lois-de-financement-de-la-securite-sociale-12\/\"><strong>M. \u00c9tienne Sallenave<\/strong><\/a><\/p>\n<p>chef du service de la<br \/>\ncommission des Affaires sociales<\/p>\n<\/div>\n<div style=\"clear: both;\"><\/div>\n<\/div>\n<\/div>\n<div style=\"float: left; min-width: 25%; font-size: 0.7em; padding: 10px;\">\n<div style=\"margin: 0 auto;\">\n<div><img loading=\"lazy\" decoding=\"async\" class=\"alignleft wp-image-742 size-full\" src=\"http:\/\/blog.senat.fr\/moocs\/wp-content\/uploads\/sites\/4\/2017\/02\/delphine-mancel.png\" width=\"200\" height=\"133\" \/><\/div>\n<div style=\"clear: both;\"><\/div>\n<div style=\"margin: 0 auto; line-height: 1.2em;\">\n<p><a href=\"http:\/\/blog.senat.fr\/moocs\/la-fonction-legislative\/les-lois-de-financement-de-la-securite-sociale\/les-lois-de-financement-de-la-securite-sociale-22\/\"><strong>Mme Delphine Mancel<\/strong><\/a><\/p>\n<p>conseiller \u00e0 la<br \/>\ncommission des Affaires sociales<\/p>\n<\/div>\n<\/div>\n<\/div>\n<div style=\"clear: both;\"><\/div>\n<h3>Le R\u00e8glement du S\u00e9nat<\/h3>\n<div style=\"float: left; min-width: 25%; font-size: 0.7em; padding: 10px;\">\n<div style=\"margin: 0 auto;\">\n<div><img loading=\"lazy\" decoding=\"async\" class=\"alignleft wp-image-2010 size-full\" title=\"Sophie de Cacqueray\" src=\"http:\/\/blog.senat.fr\/moocs\/wp-content\/uploads\/sites\/4\/2017\/05\/sophie-de-cacqueray.jpg\" alt=\"\" width=\"200\" height=\"133\" \/><\/div>\n<div style=\"clear: both;\"><\/div>\n<div style=\"margin: 0 auto; line-height: 1.2em;\">\n<p><a href=\"http:\/\/blog.senat.fr\/moocs\/la-fonction-legislative\/le-reglement-du-senat-2\/le-reglement-du-senat\/\"><strong>Mme Sophie de Cacqueray<\/strong><\/a><\/p>\n<p>ma\u00eetre de conf\u00e9rence<br \/>\n\u00e0 l&rsquo;Universit\u00e9 d&rsquo;Aix-Marseille<\/p>\n<\/div>\n<\/div>\n<\/div>\n<div style=\"clear: both;\"><\/div>\n","protected":false},"excerpt":{"rendered":"<p>&nbsp; Le r\u00f4le l\u00e9gislatif du Parlement, le domaine de la loi M. Pascal Jan professeur des Universit\u00e9s Institut d&rsquo;\u00e9tudes politiques&#8230;  <a class=\"excerpt-read-more\" href=\"https:\/\/blog.senat.fr\/moocs\/la-fonction-legislative\/\" title=\"Read La fonction l\u00e9gislative\">Read more &raquo;<\/a><\/p>\n","protected":false},"author":1,"featured_media":0,"parent":0,"menu_order":3,"comment_status":"closed","ping_status":"closed","template":"full-width.php","meta":{"footnotes":""},"class_list":["post-93","page","type-page","status-publish","hentry"],"_links":{"self":[{"href":"https:\/\/blog.senat.fr\/moocs\/wp-json\/wp\/v2\/pages\/93","targetHints":{"allow":["GET"]}}],"collection":[{"href":"https:\/\/blog.senat.fr\/moocs\/wp-json\/wp\/v2\/pages"}],"about":[{"href":"https:\/\/blog.senat.fr\/moocs\/wp-json\/wp\/v2\/types\/page"}],"author":[{"embeddable":true,"href":"https:\/\/blog.senat.fr\/moocs\/wp-json\/wp\/v2\/users\/1"}],"replies":[{"embeddable":true,"href":"https:\/\/blog.senat.fr\/moocs\/wp-json\/wp\/v2\/comments?post=93"}],"version-history":[{"count":53,"href":"https:\/\/blog.senat.fr\/moocs\/wp-json\/wp\/v2\/pages\/93\/revisions"}],"predecessor-version":[{"id":2036,"href":"https:\/\/blog.senat.fr\/moocs\/wp-json\/wp\/v2\/pages\/93\/revisions\/2036"}],"wp:attachment":[{"href":"https:\/\/blog.senat.fr\/moocs\/wp-json\/wp\/v2\/media?parent=93"}],"curies":[{"name":"wp","href":"https:\/\/api.w.org\/{rel}","templated":true}]}}