{"id":665,"date":"2017-02-02T15:53:16","date_gmt":"2017-02-02T14:53:16","guid":{"rendered":"http:\/\/blog.senat.fr\/moocs\/?page_id=665"},"modified":"2024-03-04T15:47:56","modified_gmt":"2024-03-04T14:47:56","slug":"les-senateurs-mode-delection-et-statut","status":"publish","type":"page","link":"https:\/\/blog.senat.fr\/moocs\/lorganisation-du-senat\/les-senateurs-mode-demploi-et-statut\/les-senateurs-mode-delection-et-statut\/","title":{"rendered":"Les S\u00e9nateurs : mode d&rsquo;\u00e9lection et statut"},"content":{"rendered":"<div style=\"float: left; width: 70%; height: auto; padding: 0 20px;\"><iframe\n\t\t\t\t\t\t\t\tsrc=\"https:\/\/videos.senat.fr\/iframe.4423911_65e0a80ce05c6\"\n\t\t\t\t\t\t\t\twidth=\"640\" height=\"500\"\n\t\t\t\t\t\t\t\tframeborder=\"0\"\n\t\t\t\t\t\t\t\tallowfullscreen=\"true\"\n\t\t\t\t\t\t\t\tscrolling=\"no\"><\/iframe><\/div>\n<div style=\"float: left; width: 30%; padding: 0 10px;\">\n<h3>M. Philippe Blacher<\/h3>\n<h4>Professeur des Universit\u00e9s, Universit\u00e9 de Lyon 3<\/h4>\n<\/div>\n<div style=\"clear: both;\"><\/div>\n<div style=\"border-radius: 25px; background: #eeeded; padding: 25px; font-size: 0.9em; line-height: 1.2em;\">\n<p>Docteur en droit public (1998). Ma\u00eetre de conf\u00e9rences en droit public \u00e0 la Facult\u00e9 de droit de Montpellier. Membre du centre d&rsquo;\u00e9tudes et de recherches comparatives constitutionnelles et politiques (en 2001). Professeur \u00e0 la Facult\u00e9 de droit et sciences politiques des Universit\u00e9s de Lyon 3.<\/p>\n<\/div>\n<hr style=\"width: 80%; color: #c9a96e;\" \/>\n<div style=\"float: left; width: 10%; height: auto; padding: 0 20px; text-align: left;\"><a href=\"http:\/\/blog.senat.fr\/moocs\/lorganisation-du-senat\/\"><img loading=\"lazy\" decoding=\"async\" class=\"alignleft wp-image-451 size-full\" title=\"Retour \u00e0 la page &quot;l'organisation du S\u00e9nat&quot;\" src=\"http:\/\/blog.senat.fr\/moocs\/wp-content\/uploads\/sites\/4\/2017\/01\/previous-1.png\" alt=\"Retour \u00e0 la page &quot;l'organisation du S\u00e9nat&quot;\" width=\"30\" height=\"30\" \/><\/a><\/div>\n<div style=\"float: left; width: 80%; height: auto; padding: 0 20px;\">\n<h4>Tous les modules de ce cours<\/h4>\n<div style=\"float: left; text-align: center; width: 120px;\">\n<p><a href=\"http:\/\/blog.senat.fr\/moocs\/lorganisation-du-senat\/les-senateurs-mode-demploi-et-statut\/les-senateurs-mode-delection-et-statut\/\"><img loading=\"lazy\" decoding=\"async\" class=\"alignleft wp-image-993 size-full\" title=\"Philippe Blacher\" src=\"http:\/\/blog.senat.fr\/moocs\/wp-content\/uploads\/sites\/4\/2017\/02\/tn-philippe-blacher.png\" alt=\"Philippe Blacher\" width=\"100\" height=\"67\" \/><\/a><\/p>\n<\/div>\n<div style=\"float: left; text-align: center; width: 120px;\">\n<p><a href=\"http:\/\/blog.senat.fr\/moocs\/lorganisation-du-senat\/les-senateurs-mode-demploi-et-statut\/les-senateurs-mode-delection-et-statut-2-m-laflandre\/\"><img loading=\"lazy\" decoding=\"async\" class=\"alignleft wp-image-987 size-full\" title=\"Michel Laflandre\" src=\"http:\/\/blog.senat.fr\/moocs\/wp-content\/uploads\/sites\/4\/2017\/02\/tn-michel-laflandre.png\" alt=\"Michel Laflandre\" width=\"100\" height=\"67\" \/><\/a><\/p>\n<\/div>\n<div style=\"float: left; text-align: center; width: 120px;\">\n<p><a href=\"http:\/\/blog.senat.fr\/moocs\/lorganisation-du-senat\/les-senateurs-mode-demploi-et-statut\/les-senateurs-mode-delection-et-statut-3-j-roubin\/\"><img loading=\"lazy\" decoding=\"async\" class=\"alignleft wp-image-981 size-full\" title=\"J\u00e9r\u00e9my Roubin\" src=\"http:\/\/blog.senat.fr\/moocs\/wp-content\/uploads\/sites\/4\/2017\/02\/tn-jeremy-roubin.png\" alt=\"J\u00e9r\u00e9my Roubin\" width=\"100\" height=\"67\" \/><\/a><\/p>\n<\/div>\n<div style=\"float: left; text-align: center; width: 120px;\">\n<p><a href=\"http:\/\/blog.senat.fr\/moocs\/lorganisation-du-senat\/les-senateurs-mode-demploi-et-statut\/1139-2-c-allais\/\"><img loading=\"lazy\" decoding=\"async\" class=\"alignleft wp-image-958 size-full\" title=\"Christine Allais\" src=\"http:\/\/blog.senat.fr\/moocs\/wp-content\/uploads\/sites\/4\/2017\/02\/tn-christine-allais.png\" alt=\"Christine Allais\" width=\"100\" height=\"67\" \/><\/a><\/p>\n<\/div>\n<\/div>\n<div style=\"float: left; width: 10%; height: auto; padding: 0 20px; text-align: right;\"><\/div>\n","protected":false},"excerpt":{"rendered":"<p>M. Philippe Blacher Professeur des Universit\u00e9s, Universit\u00e9 de Lyon 3 Docteur en droit public (1998). Ma\u00eetre de conf\u00e9rences en droit&#8230;  <a class=\"excerpt-read-more\" href=\"https:\/\/blog.senat.fr\/moocs\/lorganisation-du-senat\/les-senateurs-mode-demploi-et-statut\/les-senateurs-mode-delection-et-statut\/\" title=\"Read Les S\u00e9nateurs : mode d&rsquo;\u00e9lection et statut\">Read more &raquo;<\/a><\/p>\n","protected":false},"author":1,"featured_media":0,"parent":65,"menu_order":1,"comment_status":"closed","ping_status":"closed","template":"full-width.php","meta":{"footnotes":""},"class_list":["post-665","page","type-page","status-publish","hentry"],"_links":{"self":[{"href":"https:\/\/blog.senat.fr\/moocs\/wp-json\/wp\/v2\/pages\/665","targetHints":{"allow":["GET"]}}],"collection":[{"href":"https:\/\/blog.senat.fr\/moocs\/wp-json\/wp\/v2\/pages"}],"about":[{"href":"https:\/\/blog.senat.fr\/moocs\/wp-json\/wp\/v2\/types\/page"}],"author":[{"embeddable":true,"href":"https:\/\/blog.senat.fr\/moocs\/wp-json\/wp\/v2\/users\/1"}],"replies":[{"embeddable":true,"href":"https:\/\/blog.senat.fr\/moocs\/wp-json\/wp\/v2\/comments?post=665"}],"version-history":[{"count":31,"href":"https:\/\/blog.senat.fr\/moocs\/wp-json\/wp\/v2\/pages\/665\/revisions"}],"predecessor-version":[{"id":2208,"href":"https:\/\/blog.senat.fr\/moocs\/wp-json\/wp\/v2\/pages\/665\/revisions\/2208"}],"up":[{"embeddable":true,"href":"https:\/\/blog.senat.fr\/moocs\/wp-json\/wp\/v2\/pages\/65"}],"wp:attachment":[{"href":"https:\/\/blog.senat.fr\/moocs\/wp-json\/wp\/v2\/media?parent=665"}],"curies":[{"name":"wp","href":"https:\/\/api.w.org\/{rel}","templated":true}]}}