{"id":63,"date":"2017-01-25T14:29:26","date_gmt":"2017-01-25T13:29:26","guid":{"rendered":"http:\/\/blog.senat.fr\/moocs\/?page_id=63"},"modified":"2020-11-12T17:05:25","modified_gmt":"2020-11-12T16:05:25","slug":"lorganisation-du-senat","status":"publish","type":"page","link":"https:\/\/blog.senat.fr\/moocs\/lorganisation-du-senat\/","title":{"rendered":"L&rsquo;organisation du S\u00e9nat"},"content":{"rendered":"<p><strong>Le polycentrisme s\u00e9natorial&#8230;<\/strong><\/p>\n<h3>Les S\u00e9nateurs : mode d\u2019\u00e9lection et statut<\/h3>\n<p><!-- 1.1 --><\/p>\n<div style=\"float: left; min-width: 25%; font-size: 0.7em; background-color: #eeeded; padding: 10px;\">\n<div style=\"margin: 0 auto;\">\n<div><img loading=\"lazy\" decoding=\"async\" class=\"alignleft size-full wp-image-725\" src=\"http:\/\/blog.senat.fr\/moocs\/wp-content\/uploads\/sites\/4\/2017\/02\/philippe-blacher.png\" alt=\"\" width=\"200\" height=\"133\" \/><\/div>\n<div style=\"clear: both;\"><\/div>\n<div style=\"margin: 0 auto; line-height: 1.2em;\"><a href=\"http:\/\/blog.senat.fr\/moocs\/lorganisation-du-senat\/les-senateurs-mode-demploi-et-statut\/les-senateurs-mode-delection-et-statut\/\"><strong>M. Philippe Blacher<\/strong><\/a><a href=\"http:\/\/blog.senat.fr\/moocs\/le-bicamerisme\/les-fondements-du-bicamerisme-a-la-francaise\/les-fondements-du-bicamerisme-a-la-francaise-22\/\"><br \/>\n<\/a><br \/>\nprofesseur des Universit\u00e9s<br \/>\nUniversit\u00e9 de Lyon 3<\/div>\n<div style=\"clear: both;\"><\/div>\n<\/div>\n<\/div>\n<p><!-- Fin 1.1 --><\/p>\n<p><!-- 1.2 --><\/p>\n<div style=\"float: left; min-width: 25%; font-size: 0.7em; padding: 10px;\">\n<div style=\"margin: 0 auto;\">\n<div><img loading=\"lazy\" decoding=\"async\" class=\"alignleft size-full wp-image-724\" src=\"http:\/\/blog.senat.fr\/moocs\/wp-content\/uploads\/sites\/4\/2017\/02\/michel-laflandre.png\" alt=\"\" width=\"200\" height=\"133\" \/><\/div>\n<div style=\"clear: both;\"><\/div>\n<div style=\"margin: 0 auto; line-height: 1.2em;\">\n<p><a href=\"http:\/\/blog.senat.fr\/moocs\/lorganisation-du-senat\/les-senateurs-mode-demploi-et-statut\/les-senateurs-mode-delection-et-statut-2-m-laflandre\/\"><strong>M. Michel Laflandre<\/strong><\/a><\/p>\n<p>conseiller hors classe \u00e0 la Direction<br \/>\ndu Secr\u00e9tariat du Bureau,du Protocole<br \/>\net des Relations internationales<\/p>\n<\/div>\n<div style=\"clear: both;\"><\/div>\n<\/div>\n<\/div>\n<p><!-- fin 1.2 --><\/p>\n<p><!-- 1.3 --><\/p>\n<div style=\"float: left; min-width: 25%; font-size: 0.7em; background-color: #eeeded; padding: 10px;\">\n<div style=\"margin: 0 auto;\">\n<div><img loading=\"lazy\" decoding=\"async\" class=\"alignleft size-full wp-image-723\" src=\"http:\/\/blog.senat.fr\/moocs\/wp-content\/uploads\/sites\/4\/2017\/02\/jeremy-roubin.png\" alt=\"\" width=\"200\" height=\"133\" \/><\/div>\n<div style=\"clear: both;\"><\/div>\n<div style=\"margin: 0 auto; line-height: 1.2em;\">\n<p><a href=\"http:\/\/blog.senat.fr\/moocs\/lorganisation-du-senat\/les-senateurs-mode-demploi-et-statut\/les-senateurs-mode-delection-et-statut-3-j-roubin\/\"><strong>M. J\u00e9r\u00e9my Roubin<\/strong><\/a><\/p>\n<p>administrateur<br \/>\n\u00e0 la commission des Lois<\/p>\n<\/div>\n<div style=\"clear: both;\"><\/div>\n<\/div>\n<\/div>\n<p><!-- Fin 1.3 --><\/p>\n<p><!-- 1.4 --><\/p>\n<div style=\"float: left; min-width: 25%; font-size: 0.7em; padding: 10px;\">\n<div style=\"margin: 0 auto;\">\n<div><\/div>\n<div style=\"clear: both;\"><\/div>\n<div style=\"margin: 0 auto; line-height: 1.2em;\"><\/div>\n<div style=\"clear: both;\"><\/div>\n<\/div>\n<\/div>\n<p><!-- fin 1.4 --><\/p>\n<div style=\"clear: both;\"><\/div>\n<h3>Le Pr\u00e9sident du S\u00e9nat<\/h3>\n<p><!-- 2.2 --><\/p>\n<div style=\"float: left; min-width: 25%; font-size: 0.7em; padding: 10px;\">\n<div style=\"margin: 0 auto;\">\n<div><img loading=\"lazy\" decoding=\"async\" class=\"alignleft size-full wp-image-695\" src=\"http:\/\/blog.senat.fr\/moocs\/wp-content\/uploads\/sites\/4\/2017\/02\/jean-louis-herin.png\" alt=\"\" width=\"200\" height=\"133\" \/><\/div>\n<div style=\"clear: both;\"><\/div>\n<div style=\"margin: 0 auto; line-height: 1.2em;\">\n<p><a href=\"http:\/\/blog.senat.fr\/moocs\/lorganisation-du-senat\/le-president-du-senat\/le-president-du-senat-22\/\"><strong>M. Jean-Louis H\u00e9rin<\/strong><\/a><\/p>\n<p>Secr\u00e9taire g\u00e9n\u00e9ral du S\u00e9nat<\/p>\n<\/div>\n<div style=\"clear: both;\"><\/div>\n<\/div>\n<\/div>\n<p><!-- fin 2.2 --><\/p>\n<p><!-- fin 3.1 --><\/p>\n<div style=\"clear: both;\"><\/div>\n<h3>Le Conseil de Questure<\/h3>\n<p><!-- 4.1 --><\/p>\n<div style=\"float: left; min-width: 25%; font-size: 0.7em; padding: 10px;\">\n<div style=\"margin: 0 auto;\">\n<div><img loading=\"lazy\" decoding=\"async\" class=\"alignleft wp-image-1726 size-full\" title=\"MM. Bernatd Saugey et Dominique Bailly, Questeurs du S\u00e9nat\" src=\"http:\/\/blog.senat.fr\/moocs\/wp-content\/uploads\/sites\/4\/2017\/02\/saugey-bailly.png\" alt=\"MM. Bernatd Saugey et Dominique Bailly, Questeurs du S\u00e9nat\" width=\"200\" height=\"133\" \/><\/div>\n<div style=\"clear: both;\"><\/div>\n<div style=\"margin: 0 auto; line-height: 1.2em;\">\n<p><a href=\"http:\/\/blog.senat.fr\/moocs\/lorganisation-du-senat\/le-conseil-de-questure\/le-conseil-de-questure\/\"><strong>MM. Bernard Saugey<br \/>\net Dominique Bailly<\/strong><\/a><\/p>\n<p>Questeurs du S\u00e9nat<\/p>\n<\/div>\n<div style=\"clear: both;\"><\/div>\n<\/div>\n<\/div>\n<p><!-- fin 4.1 --><\/p>\n<div style=\"clear: both;\"><\/div>\n<h3>Les groupes politiques<\/h3>\n<p><!-- 5.1 --><\/p>\n<div style=\"float: left; min-width: 25%; font-size: 0.7em; padding: 10px;\">\n<div style=\"margin: 0 auto;\">\n<div><img loading=\"lazy\" decoding=\"async\" class=\"alignleft wp-image-1800 size-full\" src=\"http:\/\/blog.senat.fr\/moocs\/wp-content\/uploads\/sites\/4\/2017\/03\/groupes-politiques.jpg\" width=\"200\" height=\"133\" \/><\/div>\n<div style=\"clear: both;\"><\/div>\n<div style=\"margin: 0 auto; line-height: 1.2em;\">\n<p><a href=\"http:\/\/blog.senat.fr\/moocs\/lorganisation-du-senat\/les-groupes-politiques\/les-groupes-politiques-43\/\"><strong>Pr\u00e9sentation<\/strong><\/a><\/p>\n<p>Pr\u00e9sentation par les Pr\u00e9sidents<br \/>\ndes groupes politiques au S\u00e9nat<\/p>\n<\/div>\n<div style=\"clear: both;\"><\/div>\n<\/div>\n<\/div>\n<p><!-- fin 5.1 --><\/p>\n<p><!-- 5.2 --><\/p>\n<div style=\"float: left; min-width: 25%; background-color: #eeeded; font-size: 0.7em; padding: 10px;\">\n<div style=\"margin: 0 auto;\">\n<div><img loading=\"lazy\" decoding=\"async\" class=\"alignleft size-full wp-image-718\" src=\"http:\/\/blog.senat.fr\/moocs\/wp-content\/uploads\/sites\/4\/2017\/02\/julie-benetti.png\" alt=\"\" width=\"200\" height=\"133\" \/><\/div>\n<div style=\"clear: both;\"><\/div>\n<div style=\"margin: 0 auto; line-height: 1.2em;\">\n<p><a href=\"http:\/\/blog.senat.fr\/moocs\/lorganisation-du-senat\/les-groupes-politiques\/les-groupes-politiques-13\/\"><strong>Mme Julie Benetti<\/strong><\/a><\/p>\n<p>Professeur des Universit\u00e9s,<br \/>\nUniversit\u00e9 de Paris 1<br \/>\nPanth\u00e9on-Sorbonne<\/p>\n<\/div>\n<div style=\"clear: both;\"><\/div>\n<\/div>\n<\/div>\n<p><!-- fin 5.2 --><\/p>\n<p><!-- 5.3 --><\/p>\n<div style=\"float: left; min-width: 25%; font-size: 0.7em; padding: 10px;\">\n<div style=\"margin: 0 auto;\">\n<div><img loading=\"lazy\" decoding=\"async\" class=\"alignleft size-full wp-image-717\" src=\"http:\/\/blog.senat.fr\/moocs\/wp-content\/uploads\/sites\/4\/2017\/02\/jean-eric-gicquel.png\" alt=\"\" width=\"200\" height=\"133\" \/><\/div>\n<div style=\"clear: both;\"><\/div>\n<div style=\"margin: 0 auto; line-height: 1.2em;\">\n<p><a href=\"http:\/\/blog.senat.fr\/moocs\/lorganisation-du-senat\/les-groupes-politiques\/les-groupes-politiques-23\/\"><strong>M. Jean-Eric Gicquel<\/strong><\/a><\/p>\n<p>professeur des Universit\u00e9s,<br \/>\nUniversit\u00e9 de Rennes 1<\/p>\n<\/div>\n<div style=\"clear: both;\"><\/div>\n<\/div>\n<\/div>\n<p><!-- fin 5.3 --><\/p>\n<p><!-- 5.4 --><\/p>\n<div style=\"float: left; min-width: 25%; background-color: #eeeded; font-size: 0.7em; padding: 10px;\">\n<div style=\"margin: 0 auto;\">\n<div><img loading=\"lazy\" decoding=\"async\" class=\"alignleft size-full wp-image-695\" src=\"http:\/\/blog.senat.fr\/moocs\/wp-content\/uploads\/sites\/4\/2017\/02\/jean-louis-herin.png\" alt=\"\" width=\"200\" height=\"133\" \/><\/div>\n<div style=\"clear: both;\"><\/div>\n<div style=\"margin: 0 auto; line-height: 1.2em;\">\n<p><a href=\"http:\/\/blog.senat.fr\/moocs\/lorganisation-du-senat\/les-groupes-politiques\/les-groupes-politiques-33\/\">M. Jean-Louis H\u00e9rin<\/a><\/p>\n<p>Secr\u00e9taire g\u00e9n\u00e9ral du S\u00e9nat<\/p>\n<\/div>\n<div style=\"clear: both;\"><\/div>\n<\/div>\n<\/div>\n<p><!-- fin 5.4 --><\/p>\n<div style=\"clear: both;\"><\/div>\n<h3>Les commissions<\/h3>\n<p><!-- 6.1 --><\/p>\n<div style=\"float: left; min-width: 25%; font-size: 0.7em; padding: 10px;\">\n<div style=\"margin: 0 auto;\">\n<div><img loading=\"lazy\" decoding=\"async\" class=\"alignleft wp-image-1814 size-full\" title=\"Les commissions : pr\u00e9sentation\" src=\"http:\/\/blog.senat.fr\/moocs\/wp-content\/uploads\/sites\/4\/2017\/03\/presidents-commissions.jpg\" width=\"200\" height=\"133\" \/><\/div>\n<div style=\"clear: both;\"><\/div>\n<div style=\"margin: 0 auto; line-height: 1.2em;\">\n<p><a href=\"http:\/\/blog.senat.fr\/moocs\/lorganisation-du-senat\/les-commissions\/les-commissions-15\/\"><strong>Pr\u00e9sentation<\/strong><\/a><\/p>\n<p>Pr\u00e9sentation par les Pr\u00e9sidents<br \/>\ndes commissions du S\u00e9nat<\/p>\n<\/div>\n<div style=\"clear: both;\"><\/div>\n<\/div>\n<\/div>\n<p><!-- fin 6.1 --><\/p>\n<p><!-- 6.2 --><\/p>\n<div style=\"float: left; min-width: 25%; background-color: #eeeded; font-size: 0.7em; padding: 10px;\">\n<div style=\"margin: 0 auto;\">\n<div><img loading=\"lazy\" decoding=\"async\" class=\"alignleft size-full wp-image-716\" src=\"http:\/\/blog.senat.fr\/moocs\/wp-content\/uploads\/sites\/4\/2017\/02\/pauline-turk.png\" alt=\"\" width=\"200\" height=\"133\" \/><\/div>\n<div style=\"clear: both;\"><\/div>\n<div style=\"margin: 0 auto; line-height: 1.2em;\">\n<p><a href=\"http:\/\/blog.senat.fr\/moocs\/lorganisation-du-senat\/les-commissions\/les-commissions-14\/\"><strong>Mme Pauline T\u00fcrk<\/strong><\/a><\/p>\n<p>professeur \u00e0 l\u2019Universit\u00e9<br \/>\nde Nice C\u00f4te d\u2019Azur<\/p>\n<\/div>\n<div style=\"clear: both;\"><\/div>\n<\/div>\n<\/div>\n<p><!-- fin 6.2 --><\/p>\n<p><!-- 6.3 --><\/p>\n<div style=\"float: left; min-width: 25%; font-size: 0.7em; padding: 10px;\">\n<div style=\"margin: 0 auto;\">\n<div><img loading=\"lazy\" decoding=\"async\" class=\"alignleft size-full wp-image-715\" src=\"http:\/\/blog.senat.fr\/moocs\/wp-content\/uploads\/sites\/4\/2017\/02\/severin-fonrojet.png\" alt=\"\" width=\"200\" height=\"133\" \/><\/div>\n<div style=\"clear: both;\"><\/div>\n<div style=\"margin: 0 auto; line-height: 1.2em;\">\n<p><a href=\"http:\/\/blog.senat.fr\/moocs\/lorganisation-du-senat\/les-commissions\/les-commissions-24\/\"><strong>M. S\u00e9verin Fonrojet<\/strong><\/a><\/p>\n<p>Chef du service de la<br \/>\ncommission des Lois<\/p>\n<\/div>\n<div style=\"clear: both;\"><\/div>\n<\/div>\n<\/div>\n<p><!-- fin 6.3 --><\/p>\n<p><!-- 6.4 --><\/p>\n<div style=\"float: left; min-width: 25%; background-color: #eeeded; font-size: 0.7em; padding: 10px;\">\n<div style=\"margin: 0 auto;\">\n<div><img loading=\"lazy\" decoding=\"async\" class=\"alignleft size-full wp-image-714\" src=\"http:\/\/blog.senat.fr\/moocs\/wp-content\/uploads\/sites\/4\/2017\/02\/fabrice-robert.png\" alt=\"\" width=\"200\" height=\"133\" \/><\/div>\n<div style=\"clear: both;\"><\/div>\n<div style=\"margin: 0 auto; line-height: 1.2em;\">\n<p><a href=\"http:\/\/blog.senat.fr\/moocs\/lorganisation-du-senat\/les-commissions\/les-commissions-34\/\">M. Fabrice Robert<\/a><\/p>\n<p>chef du service de la<br \/>\ncommission des Affaires \u00e9conomiques<\/p>\n<\/div>\n<div style=\"clear: both;\"><\/div>\n<\/div>\n<\/div>\n<p><!-- fin 6.4 --><\/p>\n<p><!-- 6.5 --><\/p>\n<div style=\"float: left; min-width: 25%; font-size: 0.7em; padding: 10px;\">\n<div style=\"margin: 0 auto;\">\n<div><img loading=\"lazy\" decoding=\"async\" class=\"alignleft size-full wp-image-713\" src=\"http:\/\/blog.senat.fr\/moocs\/wp-content\/uploads\/sites\/4\/2017\/02\/dorothee-roy.png\" alt=\"\" width=\"200\" height=\"133\" \/><\/div>\n<div style=\"clear: both;\"><\/div>\n<div style=\"margin: 0 auto; line-height: 1.2em;\">\n<p><a href=\"http:\/\/blog.senat.fr\/moocs\/lorganisation-du-senat\/les-commissions\/les-commissions-44\/\">Mme Doroth\u00e9e Roy<\/a><\/p>\n<p>chef du service de la<br \/>\ncommission des Affaires \u00e9trang\u00e8res<br \/>\net de la D\u00e9fense<\/p>\n<\/div>\n<div style=\"clear: both;\"><\/div>\n<\/div>\n<\/div>\n<p><!-- fin 6.5 --><\/p>\n<div style=\"clear: both;\"><\/div>\n<h3>L\u2019initiative parlementaire et les d\u00e9l\u00e9gations<\/h3>\n<p><!-- 7.1 --><\/p>\n<div style=\"float: left; min-width: 25%; font-size: 0.7em; padding: 10px;\">\n<div style=\"margin: 0 auto;\">\n<div><img loading=\"lazy\" decoding=\"async\" class=\"alignleft size-full wp-image-712\" src=\"http:\/\/blog.senat.fr\/moocs\/wp-content\/uploads\/sites\/4\/2017\/02\/Marie-Jousseaume-de-La-Bretesche.png\" alt=\"\" width=\"200\" height=\"133\" \/><\/div>\n<div style=\"clear: both;\"><\/div>\n<div style=\"margin: 0 auto; line-height: 1.2em;\">\n<p><a href=\"http:\/\/blog.senat.fr\/moocs\/lorganisation-du-senat\/les-delegations-et-lopecst\/les-delegations-et-lopecst\/\">Mme Marie Jousseaume de La Bretesche<\/a><\/p>\n<p>directeur de l\u2019Initiative parlementaire<br \/>\net des d\u00e9l\u00e9gations<\/p>\n<\/div>\n<div style=\"clear: both;\"><\/div>\n<\/div>\n<\/div>\n<p><!-- fin 7.1 --><\/p>\n<div style=\"clear: both;\"><\/div>\n<h3>La Conf\u00e9rence des Pr\u00e9sidents<\/h3>\n<p><!-- 8.1 --><\/p>\n<div style=\"float: left; min-width: 25%; font-size: 0.7em; padding: 10px;\">\n<div style=\"margin: 0 auto;\">\n<div><img loading=\"lazy\" decoding=\"async\" class=\"alignleft size-full wp-image-711\" src=\"http:\/\/blog.senat.fr\/moocs\/wp-content\/uploads\/sites\/4\/2017\/02\/eric-tavernier.png\" alt=\"\" width=\"200\" height=\"133\" \/><\/div>\n<div style=\"clear: both;\"><\/div>\n<div style=\"margin: 0 auto; line-height: 1.2em;\">\n<p><a href=\"http:\/\/blog.senat.fr\/moocs\/lorganisation-du-senat\/la-conference-des-presidents\/la-conference-des-presidents\/\">M. Eric Tavernier<\/a><\/p>\n<p>directeur g\u00e9n\u00e9ral des<br \/>\nMissions institutionnelles<\/p>\n<\/div>\n<div style=\"clear: both;\"><\/div>\n<\/div>\n<\/div>\n<p><!-- fin 8.1 --><\/p>\n<div style=\"clear: both;\"><\/div>\n<h3>Les comptes rendus<\/h3>\n<p><!-- 9.1 --><\/p>\n<div style=\"float: left; min-width: 25%; font-size: 0.7em; padding: 10px;\">\n<div style=\"margin: 0 auto;\">\n<div><img loading=\"lazy\" decoding=\"async\" class=\"alignleft size-full wp-image-710\" src=\"http:\/\/blog.senat.fr\/moocs\/wp-content\/uploads\/sites\/4\/2017\/02\/jean-leonce-dupont.png\" alt=\"\" width=\"200\" height=\"133\" \/><\/div>\n<div style=\"clear: both;\"><\/div>\n<div style=\"margin: 0 auto; line-height: 1.2em;\">\n<p><a href=\"http:\/\/blog.senat.fr\/moocs\/lorganisation-du-senat\/les-comptes-rendus\/les-comptes-rendus\/\">M. Jean-L\u00e9once Dupont<\/a><\/p>\n<p>Questeur du S\u00e9nat<\/p>\n<\/div>\n<div style=\"clear: both;\"><\/div>\n<\/div>\n<\/div>\n<p><!-- fin 9.1 --><\/p>\n<div style=\"clear: both;\"><\/div>\n<h3>Les services et la fonction publique s\u00e9natoriale<\/h3>\n<p><!-- 10.1 --><\/p>\n<div style=\"float: left; min-width: 25%; font-size: 0.7em; padding: 10px;\">\n<div style=\"margin: 0 auto;\">\n<div><img loading=\"lazy\" decoding=\"async\" class=\"alignleft size-full wp-image-1029\" src=\"http:\/\/blog.senat.fr\/moocs\/wp-content\/uploads\/sites\/4\/2017\/02\/jean-dominique-nuttens.png\" alt=\"\" width=\"200\" height=\"133\" \/><\/div>\n<div style=\"clear: both;\"><\/div>\n<div style=\"margin: 0 auto; line-height: 1.2em;\"><a href=\"http:\/\/blog.senat.fr\/moocs\/lorganisation-du-senat\/les-services-et-la-fonction-publique-senatoriale\/les-services-et-la-fonction-publique-senatoriale\/\">M. Jean-Dominique Nuttens<\/a><a href=\"http:\/\/blog.senat.fr\/moocs\/le-bicamerisme\/les-fondements-du-bicamerisme-a-la-francaise\/les-fondements-du-bicamerisme-a-la-francaise-22\/\"><br \/>\n<\/a><br \/>\ndirecteur des Ressources humaines<br \/>\net de la Formation<\/div>\n<div style=\"clear: both;\"><\/div>\n<\/div>\n<\/div>\n<p><!-- fin 10.1 --><\/p>\n<div style=\"clear: both;\"><\/div>\n<h3>La communication et la cha\u00eene parlementaire Public S\u00e9nat<\/h3>\n<p><!-- 11.1 --><\/p>\n<div style=\"float: left; min-width: 25%; background-color: #eeeded; font-size: 0.7em; padding: 10px;\">\n<div style=\"margin: 0 auto;\">\n<div><img loading=\"lazy\" decoding=\"async\" class=\"alignleft size-full wp-image-709\" src=\"http:\/\/blog.senat.fr\/moocs\/wp-content\/uploads\/sites\/4\/2017\/02\/isabelle-debre.png\" alt=\"\" width=\"200\" height=\"133\" \/><\/div>\n<div style=\"clear: both;\"><\/div>\n<div style=\"margin: 0 auto; line-height: 1.2em;\"><a href=\"http:\/\/blog.senat.fr\/moocs\/lorganisation-du-senat\/la-communication-et-la-chaine-parlementaire-public-senat\/la-communication-et-la-chaine-parlementaire-public-senat-13\/\">Mme Isabelle Debr\u00e9<\/a><a href=\"http:\/\/blog.senat.fr\/moocs\/le-bicamerisme\/les-fondements-du-bicamerisme-a-la-francaise\/les-fondements-du-bicamerisme-a-la-francaise-22\/\"><br \/>\n<\/a><br \/>\nVice-pr\u00e9sidente du S\u00e9nat,<br \/>\npr\u00e9sidente de la D\u00e9l\u00e9gation du Bureau<br \/>\ncharg\u00e9e de la communication et de<br \/>\nla cha\u00eene Public S\u00e9nat<\/div>\n<div style=\"clear: both;\"><\/div>\n<\/div>\n<\/div>\n<p><!-- fin 11.1 --><\/p>\n<p><!-- 11.3 --><\/p>\n<div style=\"float: left; min-width: 25%; font-size: 0.7em; padding: 10px;\">\n<div style=\"margin: 0 auto;\">\n<div><img loading=\"lazy\" decoding=\"async\" class=\"alignleft size-full wp-image-707\" src=\"http:\/\/blog.senat.fr\/moocs\/wp-content\/uploads\/sites\/4\/2017\/02\/emmanuel-kessler.png\" alt=\"\" width=\"200\" height=\"133\" \/><\/div>\n<div style=\"clear: both;\"><\/div>\n<div style=\"margin: 0 auto; line-height: 1.2em;\">\n<p><a href=\"http:\/\/blog.senat.fr\/moocs\/lorganisation-du-senat\/la-communication-et-la-chaine-parlementaire-public-senat\/la-communication-et-la-chaine-parlementaire-public-senat-33\/\">M. Emmanuel Kessler<\/a><\/p>\n<p>Pr\u00e9sident de Public S\u00e9nat<\/p>\n<\/div>\n<div style=\"clear: both;\"><\/div>\n<\/div>\n<\/div>\n<p><!-- fin 11.3 --><\/p>\n<div style=\"clear: both;\"><\/div>\n<h3>Le budget et les comptes du S\u00e9nat<\/h3>\n<p><!-- 12.1 --><\/p>\n<div style=\"float: left; min-width: 25%; font-size: 0.7em; padding: 10px;\">\n<div style=\"margin: 0 auto;\">\n<div><img loading=\"lazy\" decoding=\"async\" class=\"alignleft size-full wp-image-706\" src=\"http:\/\/blog.senat.fr\/moocs\/wp-content\/uploads\/sites\/4\/2017\/02\/xavier-canchon.png\" alt=\"\" width=\"200\" height=\"133\" \/><\/div>\n<div style=\"clear: both;\"><\/div>\n<div style=\"margin: 0 auto; line-height: 1.2em;\">\n<p><a href=\"http:\/\/blog.senat.fr\/moocs\/lorganisation-du-senat\/le-budget-et-les-comptes-du-senat\/le-budget-et-les-comptes-du-senat\/\">M. Xavier Canchon<\/a><\/p>\n<p>Directeur des Affaires financi\u00e8res<br \/>\net sociales<\/p>\n<\/div>\n<div style=\"clear: both;\"><\/div>\n<\/div>\n<\/div>\n<p><!-- fin 12.1 --><\/p>\n<div style=\"clear: both;\"><\/div>\n<h3>Les collaborateurs des S\u00e9nateurs<\/h3>\n<p><!-- 13.1 --><\/p>\n<div style=\"float: left; min-width: 25%; background-color: #eeeded; font-size: 0.7em; padding: 10px;\">\n<div style=\"margin: 0 auto;\">\n<div><img loading=\"lazy\" decoding=\"async\" class=\"alignleft size-full wp-image-705\" src=\"http:\/\/blog.senat.fr\/moocs\/wp-content\/uploads\/sites\/4\/2017\/02\/francoise-cartron.png\" alt=\"\" width=\"200\" height=\"133\" \/><\/div>\n<div style=\"clear: both;\"><\/div>\n<div style=\"margin: 0 auto; line-height: 1.2em;\">\n<p><a href=\"http:\/\/blog.senat.fr\/moocs\/lorganisation-du-senat\/les-collaborateurs-des-senateurs\/les-collaborateurs-des-senateurs-12\/\">Mme Fran\u00e7oise Cartron<\/a><\/p>\n<p>Vice-pr\u00e9sidente du S\u00e9nat,<br \/>\npr\u00e9sidente de la D\u00e9l\u00e9gation du Bureau<br \/>\naux Ressources humaines<br \/>\net \u00e0 l\u2019AGAS<\/p>\n<\/div>\n<div style=\"clear: both;\"><\/div>\n<\/div>\n<\/div>\n<p><!-- fin 13.1 --><\/p>\n<div style=\"clear: both;\"><\/div>\n","protected":false},"excerpt":{"rendered":"<p>Le polycentrisme s\u00e9natorial&#8230; Les S\u00e9nateurs : mode d\u2019\u00e9lection et statut M. Philippe Blacher professeur des Universit\u00e9s Universit\u00e9 de Lyon 3&#8230;  <a class=\"excerpt-read-more\" href=\"https:\/\/blog.senat.fr\/moocs\/lorganisation-du-senat\/\" title=\"Read L&rsquo;organisation du S\u00e9nat\">Read more &raquo;<\/a><\/p>\n","protected":false},"author":1,"featured_media":0,"parent":0,"menu_order":2,"comment_status":"closed","ping_status":"closed","template":"full-width.php","meta":{"footnotes":""},"class_list":["post-63","page","type-page","status-publish","hentry"],"_links":{"self":[{"href":"https:\/\/blog.senat.fr\/moocs\/wp-json\/wp\/v2\/pages\/63","targetHints":{"allow":["GET"]}}],"collection":[{"href":"https:\/\/blog.senat.fr\/moocs\/wp-json\/wp\/v2\/pages"}],"about":[{"href":"https:\/\/blog.senat.fr\/moocs\/wp-json\/wp\/v2\/types\/page"}],"author":[{"embeddable":true,"href":"https:\/\/blog.senat.fr\/moocs\/wp-json\/wp\/v2\/users\/1"}],"replies":[{"embeddable":true,"href":"https:\/\/blog.senat.fr\/moocs\/wp-json\/wp\/v2\/comments?post=63"}],"version-history":[{"count":89,"href":"https:\/\/blog.senat.fr\/moocs\/wp-json\/wp\/v2\/pages\/63\/revisions"}],"predecessor-version":[{"id":2136,"href":"https:\/\/blog.senat.fr\/moocs\/wp-json\/wp\/v2\/pages\/63\/revisions\/2136"}],"wp:attachment":[{"href":"https:\/\/blog.senat.fr\/moocs\/wp-json\/wp\/v2\/media?parent=63"}],"curies":[{"name":"wp","href":"https:\/\/api.w.org\/{rel}","templated":true}]}}