{"id":61,"date":"2017-01-25T14:28:25","date_gmt":"2017-01-25T13:28:25","guid":{"rendered":"http:\/\/blog.senat.fr\/moocs\/?page_id=61"},"modified":"2024-03-04T15:46:44","modified_gmt":"2024-03-04T14:46:44","slug":"la-perception-politique-du-bicamerisme","status":"publish","type":"page","link":"https:\/\/blog.senat.fr\/moocs\/le-bicamerisme\/la-perception-politique-du-bicamerisme\/","title":{"rendered":"La perception politique du bicam\u00e9risme"},"content":{"rendered":"<div style=\"float: left; width: 70%; height: auto; padding: 0 20px;\"><iframe\n\t\t\t\t\t\t\t\tsrc=\"https:\/\/videos.senat.fr\/iframe.4423540_65e0a71e514e2\"\n\t\t\t\t\t\t\t\twidth=\"640\" height=\"500\"\n\t\t\t\t\t\t\t\tframeborder=\"0\"\n\t\t\t\t\t\t\t\tallowfullscreen=\"true\"\n\t\t\t\t\t\t\t\tscrolling=\"no\"><\/iframe><\/div>\n<div style=\"float: left; width: 30%; padding: 0 10px;\">\n<h3>M. Pascal Perrineau<\/h3>\n<h4>Professeur des Universit\u00e9s, Institut d\u2019\u00e9tudes politiques de Paris<\/h4>\n<\/div>\n<div style=\"clear: both;\"><\/div>\n<div style=\"border-radius: 25px; background: #eeeded; padding: 25px; font-size: 0.9em; line-height: 1.2em;\">\n<p>Politologue fran\u00e7ais et sp\u00e9cialiste de sociologie \u00e9lectorale, M. pascal Perrineau a \u00e9t\u00e9 le directeur du CEVIPOF, le Centre de recherches politiques de Sciences Po Paris, (Sciences Po, CNRS) entre 1994 et 2013. Il est professeur des Universit\u00e9s \u00e0 l&rsquo;Institut d&rsquo;\u00e9tudes politiques de Paris (Sciences Po Paris).<\/p>\n<\/div>\n<hr style=\"width: 80%; color: #c9a96e;\" \/>\n<div style=\"float: left; width: 10%; height: auto; padding: 0 20px; text-align: left;\"><a href=\"http:\/\/blog.senat.fr\/moocs\/le-bicamerisme\/\"><img loading=\"lazy\" decoding=\"async\" class=\"alignleft wp-image-451 size-full\" title=\"Retour \u00e0 la page &quot;le bicam\u00e9risme&quot;\" src=\"http:\/\/blog.senat.fr\/moocs\/wp-content\/uploads\/sites\/4\/2017\/01\/previous-1.png\" alt=\"Retour \u00e0 la page &quot;le bicam\u00e9risme&quot;\" width=\"30\" height=\"30\" \/><\/a><\/div>\n<div style=\"float: left; width: 80%; height: auto; padding: 0 20px;\">\n<h4>Tous les modules de ce cours<\/h4>\n<div style=\"float: left; text-align: center; width: 120px;\">\n<p><a href=\"http:\/\/blog.senat.fr\/moocs\/le-bicamerisme\/la-perception-politique-du-bicamerisme\/\"><img loading=\"lazy\" decoding=\"async\" class=\"alignleft wp-image-990 size-full\" title=\"Pascal Perrineau\" src=\"http:\/\/blog.senat.fr\/moocs\/wp-content\/uploads\/sites\/4\/2017\/02\/tn-pascal-perrineau.png\" width=\"100\" height=\"67\" \/><\/a><\/p>\n<\/div>\n<div style=\"float: left; width: 10%; height: auto; padding: 0 20px; text-align: right;\"><\/div>\n<\/div>\n","protected":false},"excerpt":{"rendered":"<p>M. Pascal Perrineau Professeur des Universit\u00e9s, Institut d\u2019\u00e9tudes politiques de Paris Politologue fran\u00e7ais et sp\u00e9cialiste de sociologie \u00e9lectorale, M. pascal&#8230;  <a class=\"excerpt-read-more\" href=\"https:\/\/blog.senat.fr\/moocs\/le-bicamerisme\/la-perception-politique-du-bicamerisme\/\" title=\"Read La perception politique du bicam\u00e9risme\">Read more &raquo;<\/a><\/p>\n","protected":false},"author":6,"featured_media":0,"parent":57,"menu_order":3,"comment_status":"closed","ping_status":"closed","template":"full-width.php","meta":{"footnotes":""},"class_list":["post-61","page","type-page","status-publish","hentry"],"_links":{"self":[{"href":"https:\/\/blog.senat.fr\/moocs\/wp-json\/wp\/v2\/pages\/61","targetHints":{"allow":["GET"]}}],"collection":[{"href":"https:\/\/blog.senat.fr\/moocs\/wp-json\/wp\/v2\/pages"}],"about":[{"href":"https:\/\/blog.senat.fr\/moocs\/wp-json\/wp\/v2\/types\/page"}],"author":[{"embeddable":true,"href":"https:\/\/blog.senat.fr\/moocs\/wp-json\/wp\/v2\/users\/6"}],"replies":[{"embeddable":true,"href":"https:\/\/blog.senat.fr\/moocs\/wp-json\/wp\/v2\/comments?post=61"}],"version-history":[{"count":12,"href":"https:\/\/blog.senat.fr\/moocs\/wp-json\/wp\/v2\/pages\/61\/revisions"}],"predecessor-version":[{"id":2207,"href":"https:\/\/blog.senat.fr\/moocs\/wp-json\/wp\/v2\/pages\/61\/revisions\/2207"}],"up":[{"embeddable":true,"href":"https:\/\/blog.senat.fr\/moocs\/wp-json\/wp\/v2\/pages\/57"}],"wp:attachment":[{"href":"https:\/\/blog.senat.fr\/moocs\/wp-json\/wp\/v2\/media?parent=61"}],"curies":[{"name":"wp","href":"https:\/\/api.w.org\/{rel}","templated":true}]}}