{"id":57,"date":"2017-01-25T14:26:52","date_gmt":"2017-01-25T13:26:52","guid":{"rendered":"http:\/\/blog.senat.fr\/moocs\/?page_id=57"},"modified":"2017-02-27T17:14:10","modified_gmt":"2017-02-27T16:14:10","slug":"le-bicamerisme","status":"publish","type":"page","link":"https:\/\/blog.senat.fr\/moocs\/le-bicamerisme\/","title":{"rendered":"Le bicam\u00e9risme"},"content":{"rendered":"<h4>Histoire du bicam\u00e9risme depuis 1795<\/h4>\n<p><!-- 1 --><\/p>\n<div style=\"float: left; min-width: 25%; font-size: 0.7em; background-color: #eeeded; padding: 10px;\">\n<div style=\"margin: 0 auto;\">\n<div><a href=\"http:\/\/blog.senat.fr\/moocs\/le-bicamerisme\/histoire-du-bicamerisme-depuis-1795-m-a\/\"><img loading=\"lazy\" decoding=\"async\" class=\"alignleft size-full wp-image-1086\" src=\"http:\/\/blog.senat.fr\/moocs\/wp-content\/uploads\/sites\/4\/2017\/02\/jean-garrigues-1.png\" alt=\"\" width=\"200\" height=\"133\" \/><\/a><\/div>\n<div style=\"clear: both;\"><\/div>\n<div style=\"margin: 0 auto; line-height: 1.2em;\">\n<p><a href=\"http:\/\/blog.senat.fr\/moocs\/le-bicamerisme\/histoire-du-bicamerisme-depuis-1795-m-a\/\"><strong>M. Jean Garrigues<\/strong><\/a><\/p>\n<p>pr\u00e9sident du Comit\u00e9 d\u2019histoire politique<br \/>\net parlementaire,\u00a0 professeur<br \/>\n\u00e0 l&rsquo;Universit\u00e9 d&rsquo;Orl\u00e9ans<\/p>\n<\/div>\n<\/div>\n<\/div>\n<div style=\"clear: both;\"><\/div>\n<h4>Les fondements du bicam\u00e9risme \u00ab\u00a0\u00e0 la fran\u00e7aise\u00a0\u00bb<\/h4>\n<p><!-- 2.0 --><\/p>\n<div style=\"float: left; min-width: 25%; font-size: 0.7em; background-color: #eeeded; padding: 10px;\">\n<div style=\"margin: 0 auto;\">\n<div><img loading=\"lazy\" decoding=\"async\" class=\"alignleft size-full wp-image-1615\" src=\"http:\/\/blog.senat.fr\/moocs\/wp-content\/uploads\/sites\/4\/2017\/02\/gicquel-herin.png\" alt=\"\" width=\"200\" height=\"133\" \/><\/div>\n<div style=\"clear: both;\"><\/div>\n<div style=\"margin: 0 auto; line-height: 1.2em;\">\n<p><a href=\"http:\/\/blog.senat.fr\/moocs\/le-bicamerisme\/les-fondements-du-bicamerisme-a-la-francaise\/les-fondements-du-bicamerisme-a-la-francaise-12\/\"><strong>M. Jean Gicquel et Jean-Louis H\u00e9rin<\/strong><\/a><\/p>\n<p>professeur \u00e9m\u00e9rite de l\u2019Universit\u00e9 de<br \/>\nParis I Panth\u00e9on-Sorbonne |<br \/>\nSecr\u00e9taire g\u00e9n\u00e9ral du S\u00e9nat<\/p>\n<\/div>\n<div style=\"clear: both;\"><\/div>\n<\/div>\n<\/div>\n<p><!-- Fin 2.0 --><\/p>\n<div style=\"clear: both;\"><\/div>\n<h4>La perception politique du bicam\u00e9risme<\/h4>\n<div style=\"float: left; min-width: 25%; font-size: 0.7em; background-color: #eeeded; padding: 10px;\">\n<div style=\"margin: 0 auto;\">\n<div><a href=\"http:\/\/blog.senat.fr\/moocs\/le-bicamerisme\/la-perception-politique-du-bicamerisme\/\"><img loading=\"lazy\" decoding=\"async\" class=\"alignleft wp-image-697 size-full\" src=\"http:\/\/blog.senat.fr\/moocs\/wp-content\/uploads\/sites\/4\/2017\/02\/pascal-perrineau.png\" width=\"200\" height=\"133\" \/><\/a><\/div>\n<div style=\"clear: both;\"><\/div>\n<div style=\"margin: 0 auto; line-height: 1.2em;\">\n<p><a href=\"http:\/\/blog.senat.fr\/moocs\/le-bicamerisme\/la-perception-politique-du-bicamerisme\/\"><strong>M. Pascal Perrineau<\/strong><\/a><\/p>\n<p>professeur des Universit\u00e9s,<br \/>\nInstitut d\u2019\u00e9tudes politiques de Paris<\/p>\n<\/div>\n<div style=\"clear: both;\"><\/div>\n<\/div>\n<\/div>\n","protected":false},"excerpt":{"rendered":"<p>Histoire du bicam\u00e9risme depuis 1795 M. Jean Garrigues pr\u00e9sident du Comit\u00e9 d\u2019histoire politique et parlementaire,\u00a0 professeur \u00e0 l&rsquo;Universit\u00e9 d&rsquo;Orl\u00e9ans Les&#8230;  <a class=\"excerpt-read-more\" href=\"https:\/\/blog.senat.fr\/moocs\/le-bicamerisme\/\" title=\"Read Le bicam\u00e9risme\">Read more &raquo;<\/a><\/p>\n","protected":false},"author":1,"featured_media":0,"parent":0,"menu_order":1,"comment_status":"closed","ping_status":"closed","template":"full-width.php","meta":{"footnotes":""},"class_list":["post-57","page","type-page","status-publish","hentry"],"_links":{"self":[{"href":"https:\/\/blog.senat.fr\/moocs\/wp-json\/wp\/v2\/pages\/57","targetHints":{"allow":["GET"]}}],"collection":[{"href":"https:\/\/blog.senat.fr\/moocs\/wp-json\/wp\/v2\/pages"}],"about":[{"href":"https:\/\/blog.senat.fr\/moocs\/wp-json\/wp\/v2\/types\/page"}],"author":[{"embeddable":true,"href":"https:\/\/blog.senat.fr\/moocs\/wp-json\/wp\/v2\/users\/1"}],"replies":[{"embeddable":true,"href":"https:\/\/blog.senat.fr\/moocs\/wp-json\/wp\/v2\/comments?post=57"}],"version-history":[{"count":102,"href":"https:\/\/blog.senat.fr\/moocs\/wp-json\/wp\/v2\/pages\/57\/revisions"}],"predecessor-version":[{"id":1626,"href":"https:\/\/blog.senat.fr\/moocs\/wp-json\/wp\/v2\/pages\/57\/revisions\/1626"}],"wp:attachment":[{"href":"https:\/\/blog.senat.fr\/moocs\/wp-json\/wp\/v2\/media?parent=57"}],"curies":[{"name":"wp","href":"https:\/\/api.w.org\/{rel}","templated":true}]}}