{"id":468,"date":"2017-01-26T16:51:28","date_gmt":"2017-01-26T15:51:28","guid":{"rendered":"http:\/\/blog.senat.fr\/moocs\/?page_id=468"},"modified":"2024-03-04T15:33:33","modified_gmt":"2024-03-04T14:33:33","slug":"les-fondements-du-bicamerisme-a-la-francaise-12","status":"publish","type":"page","link":"https:\/\/blog.senat.fr\/moocs\/le-bicamerisme\/les-fondements-du-bicamerisme-a-la-francaise\/les-fondements-du-bicamerisme-a-la-francaise-12\/","title":{"rendered":"Les fondements du bicam\u00e9risme \u00ab\u00a0\u00e0 la fran\u00e7aise\u00a0\u00bb"},"content":{"rendered":"<div style=\"float: left; width: 70%; height: auto; padding: 0 20px;\"><iframe\n\t\t\t\t\t\t\t\tsrc=\"https:\/\/videos.senat.fr\/iframe.4423979_65e0a8324f058\"\n\t\t\t\t\t\t\t\twidth=\"640\" height=\"500\"\n\t\t\t\t\t\t\t\tframeborder=\"0\"\n\t\t\t\t\t\t\t\tallowfullscreen=\"true\"\n\t\t\t\t\t\t\t\tscrolling=\"no\"><\/iframe><\/div>\n<div style=\"float: left; width: 30%; padding: 0 10px;\">\n<h3>M. Jean Gicquel<\/h3>\n<h4>Professeur \u00e9m\u00e9rite de l&rsquo;Universit\u00e9 de Paris I Panth\u00e9on-Sorbonnes<\/h4>\n<h3>M. Jean-Louis H\u00e9rin<\/h3>\n<h4>Secr\u00e9taire g\u00e9n\u00e9ral du S\u00e9nat<\/h4>\n<\/div>\n<div style=\"clear: both;\"><\/div>\n<div style=\"border-radius: 25px; background: #eeeded; padding: 25px; font-size: 0.9em; line-height: 1.2em;\">\n<p>M. Jean Gicquel est juriste, professeur \u00e9m\u00e9rite de droit public \u00e0 l&rsquo;universit\u00e9 Paris I Panth\u00e9on Sorbonne, sp\u00e9cialiste du droit constitutionnel et ancien membre du Conseil sup\u00e9rieur de la magistrature (CSM).<\/p>\n<\/div>\n<hr style=\"width: 80%; color: #c9a96e;\" \/>\n<div style=\"float: left; width: 10%; height: auto; padding: 0 20px; text-align: left;\"><a href=\"http:\/\/blog.senat.fr\/moocs\/le-bicamerisme\/\"><img loading=\"lazy\" decoding=\"async\" class=\"alignleft wp-image-451 size-full\" title=\"Retour \u00e0 la page &quot;le bicam\u00e9risme&quot;\" src=\"http:\/\/blog.senat.fr\/moocs\/wp-content\/uploads\/sites\/4\/2017\/01\/previous-1.png\" alt=\"Retour \u00e0 la page &quot;le bicam\u00e9risme&quot;\" width=\"30\" height=\"30\" \/><\/a><\/div>\n<div style=\"float: left; width: 80%; height: auto; padding: 0 20px;\">\n<h4>Tous les modules de ce cours<\/h4>\n<div style=\"float: left; text-align: center; width: 120px;\">\n<p><a href=\"http:\/\/blog.senat.fr\/moocs\/le-bicamerisme\/les-fondements-du-bicamerisme-a-la-francaise\/les-fondements-du-bicamerisme-a-la-francaise-12\/\"><img loading=\"lazy\" decoding=\"async\" class=\"alignleft wp-image-1618 size-full\" title=\"Jean Gicquel et Jean-Louis H\u00e9rin\" src=\"http:\/\/blog.senat.fr\/moocs\/wp-content\/uploads\/sites\/4\/2017\/02\/gicquel-herin-1.png\" width=\"100\" height=\"67\" \/><\/a><\/p>\n<\/div>\n<div style=\"float: left; text-align: center; width: 120px;\"><\/div>\n<div style=\"float: left; width: 10%; height: auto; padding: 0 20px; text-align: right;\"><\/div>\n<\/div>\n","protected":false},"excerpt":{"rendered":"<p>M. Jean Gicquel Professeur \u00e9m\u00e9rite de l&rsquo;Universit\u00e9 de Paris I Panth\u00e9on-Sorbonnes M. Jean-Louis H\u00e9rin Secr\u00e9taire g\u00e9n\u00e9ral du S\u00e9nat M. Jean&#8230;  <a class=\"excerpt-read-more\" href=\"https:\/\/blog.senat.fr\/moocs\/le-bicamerisme\/les-fondements-du-bicamerisme-a-la-francaise\/les-fondements-du-bicamerisme-a-la-francaise-12\/\" title=\"Read Les fondements du bicam\u00e9risme \u00ab\u00a0\u00e0 la fran\u00e7aise\u00a0\u00bb\">Read more &raquo;<\/a><\/p>\n","protected":false},"author":1,"featured_media":0,"parent":77,"menu_order":1,"comment_status":"closed","ping_status":"closed","template":"full-width.php","meta":{"footnotes":""},"class_list":["post-468","page","type-page","status-publish","hentry"],"_links":{"self":[{"href":"https:\/\/blog.senat.fr\/moocs\/wp-json\/wp\/v2\/pages\/468","targetHints":{"allow":["GET"]}}],"collection":[{"href":"https:\/\/blog.senat.fr\/moocs\/wp-json\/wp\/v2\/pages"}],"about":[{"href":"https:\/\/blog.senat.fr\/moocs\/wp-json\/wp\/v2\/types\/page"}],"author":[{"embeddable":true,"href":"https:\/\/blog.senat.fr\/moocs\/wp-json\/wp\/v2\/users\/1"}],"replies":[{"embeddable":true,"href":"https:\/\/blog.senat.fr\/moocs\/wp-json\/wp\/v2\/comments?post=468"}],"version-history":[{"count":39,"href":"https:\/\/blog.senat.fr\/moocs\/wp-json\/wp\/v2\/pages\/468\/revisions"}],"predecessor-version":[{"id":2206,"href":"https:\/\/blog.senat.fr\/moocs\/wp-json\/wp\/v2\/pages\/468\/revisions\/2206"}],"up":[{"embeddable":true,"href":"https:\/\/blog.senat.fr\/moocs\/wp-json\/wp\/v2\/pages\/77"}],"wp:attachment":[{"href":"https:\/\/blog.senat.fr\/moocs\/wp-json\/wp\/v2\/media?parent=468"}],"curies":[{"name":"wp","href":"https:\/\/api.w.org\/{rel}","templated":true}]}}