{"id":427,"date":"2017-01-26T12:16:09","date_gmt":"2017-01-26T11:16:09","guid":{"rendered":"http:\/\/blog.senat.fr\/moocs\/?page_id=427"},"modified":"2024-03-04T15:22:26","modified_gmt":"2024-03-04T14:22:26","slug":"accueil","status":"publish","type":"page","link":"https:\/\/blog.senat.fr\/moocs\/","title":{"rendered":"Les cours en ligne du S\u00e9nat"},"content":{"rendered":"<div style=\"margin: 0 auto; width: 560px; min-height: 315;\"><iframe loading=\"lazy\" src=\"https:\/\/videos.senat.fr\/iframe.4435575_65e5933a56e19\" width=\"640\" height=\"320\" frameborder=\"0\" scrolling=\"no\" allowfullscreen=\"allowfullscreen\"><\/iframe>Pr\u00e9sentation des cours par G\u00e9rard LARCHER,Pr\u00e9sident du S\u00e9nat<\/p>\n<\/div>\n<div style=\"clear: both;\"><\/div>\n<div style=\"float: left; width: 25%; margin: 2%; text-align: center;\"><iframe loading=\"lazy\" src=\"https:\/\/videos.senat.fr\/iframe.4423598_65e0a74239baa\" width=\"640\" height=\"200\" frameborder=\"0\" scrolling=\"no\" allowfullscreen=\"allowfullscreen\"><\/iframe>M. Jean-L\u00e9once DUPONT<br \/>\n<span style=\"font-size: 0.7em;\">Questeur du S\u00e9nat, S\u00e9nateur du Calvados<\/span><\/p>\n<\/div>\n<div style=\"float: left; width: 25%; margin: 2%; text-align: center;\"><iframe loading=\"lazy\" src=\"https:\/\/videos.senat.fr\/iframe.4423951_65e0a828164cf\" width=\"640\" height=\"200\" frameborder=\"0\" scrolling=\"no\" allowfullscreen=\"allowfullscreen\"><\/iframe>M. Jean GICQUEL<br \/>\n<span style=\"font-size: 0.7em;\">Professeur \u00e9m\u00e9rite de l&rsquo;Universit\u00e9 de<br \/>\nParis I Panth\u00e9on-Sorbonne<\/span><\/p>\n<\/div>\n<div style=\"float: left; width: 25%; margin: 2%; text-align: center;\"><iframe loading=\"lazy\" src=\"https:\/\/videos.senat.fr\/iframe.4423651_65e0a7629447c\" width=\"640\" height=\"200\" frameborder=\"0\" scrolling=\"no\" allowfullscreen=\"allowfullscreen\"><\/iframe>Mme Christine ALLAIS<br \/>\n<span style=\"font-size: 0.7em;\">Conseiller \u00e0 la Direction du Secr\u00e9tariat<br \/>\ndu Bureau, du Protocole et<br \/>\ndes Relations internationales<\/span><\/p>\n<\/div>\n<div style=\"clear: both;\"><\/div>\n","protected":false},"excerpt":{"rendered":"<p>Pr\u00e9sentation des cours par G\u00e9rard LARCHER,Pr\u00e9sident du S\u00e9nat M. Jean-L\u00e9once DUPONT Questeur du S\u00e9nat, S\u00e9nateur du Calvados M. Jean GICQUEL&#8230;  <a class=\"excerpt-read-more\" href=\"https:\/\/blog.senat.fr\/moocs\/\" title=\"Read Les cours en ligne du S\u00e9nat\">Read more &raquo;<\/a><\/p>\n","protected":false},"author":1,"featured_media":0,"parent":0,"menu_order":0,"comment_status":"closed","ping_status":"closed","template":"full-width.php","meta":{"footnotes":""},"class_list":["post-427","page","type-page","status-publish","hentry"],"_links":{"self":[{"href":"https:\/\/blog.senat.fr\/moocs\/wp-json\/wp\/v2\/pages\/427","targetHints":{"allow":["GET"]}}],"collection":[{"href":"https:\/\/blog.senat.fr\/moocs\/wp-json\/wp\/v2\/pages"}],"about":[{"href":"https:\/\/blog.senat.fr\/moocs\/wp-json\/wp\/v2\/types\/page"}],"author":[{"embeddable":true,"href":"https:\/\/blog.senat.fr\/moocs\/wp-json\/wp\/v2\/users\/1"}],"replies":[{"embeddable":true,"href":"https:\/\/blog.senat.fr\/moocs\/wp-json\/wp\/v2\/comments?post=427"}],"version-history":[{"count":57,"href":"https:\/\/blog.senat.fr\/moocs\/wp-json\/wp\/v2\/pages\/427\/revisions"}],"predecessor-version":[{"id":2200,"href":"https:\/\/blog.senat.fr\/moocs\/wp-json\/wp\/v2\/pages\/427\/revisions\/2200"}],"wp:attachment":[{"href":"https:\/\/blog.senat.fr\/moocs\/wp-json\/wp\/v2\/media?parent=427"}],"curies":[{"name":"wp","href":"https:\/\/api.w.org\/{rel}","templated":true}]}}