{"id":283,"date":"2017-01-26T10:57:27","date_gmt":"2017-01-26T09:57:27","guid":{"rendered":"http:\/\/blog.senat.fr\/moocs\/?page_id=283"},"modified":"2024-03-04T15:25:43","modified_gmt":"2024-03-04T14:25:43","slug":"histoire-du-bicamerisme-depuis-1795-m-a","status":"publish","type":"page","link":"https:\/\/blog.senat.fr\/moocs\/le-bicamerisme\/histoire-du-bicamerisme-depuis-1795-m-a\/","title":{"rendered":"Histoire du bicam\u00e9risme depuis 1795"},"content":{"rendered":"<div style=\"float: left; width: 70%; height: auto; padding: 0 20px;\"><iframe\n\t\t\t\t\t\t\t\tsrc=\"https:\/\/videos.senat.fr\/iframe.4424021_65e0a8519c3a8\"\n\t\t\t\t\t\t\t\twidth=\"640\" height=\"500\"\n\t\t\t\t\t\t\t\tframeborder=\"0\"\n\t\t\t\t\t\t\t\tallowfullscreen=\"true\"\n\t\t\t\t\t\t\t\tscrolling=\"no\"><\/iframe><\/div>\n<div style=\"float: left; width: 30%; padding: 0 10px;\">\n<h3>M. Jean Garrigues<\/h3>\n<h4>Pr\u00e9sident du Comit\u00e9 d\u2019histoire politique et parlementaire, professeur \u00e0 l&rsquo;Universit\u00e9 d&rsquo;Orl\u00e9ans<\/h4>\n<\/div>\n<div style=\"clear: both;\"><\/div>\n<div style=\"border-radius: 25px; background: #eeeded; padding: 25px; font-size: 0.9em; line-height: 1.2em;\">\n<p>Agr\u00e9g\u00e9 d\u2019histoire, sp\u00e9cialiste d&rsquo;histoire politique, professeur d&rsquo;histoire contemporaine \u00e0 l&rsquo;Universit\u00e9 d&rsquo;Orl\u00e9ans, charg\u00e9 de cours \u00e0 l&rsquo;institut d&rsquo;\u00e9tudes judiciaires de l&rsquo;universit\u00e9 Paris-1 Panth\u00e9on-Sorbonne et pr\u00e9sident du Comit\u00e9 d\u2019histoire parlementaire et politique.<\/p>\n<\/div>\n<p><!-- Pied de page --><\/p>\n<hr style=\"width: 80%; color: #c9a96e;\" \/>\n<div style=\"float: left; width: 10%; height: auto; padding: 0 20px; text-align: left;\"><a href=\"http:\/\/blog.senat.fr\/moocs\/le-bicamerisme\/\"><img loading=\"lazy\" decoding=\"async\" class=\"alignleft wp-image-451 size-full\" title=\"Retour \u00e0 la page &quot;le bicam\u00e9risme&quot;\" src=\"http:\/\/blog.senat.fr\/moocs\/wp-content\/uploads\/sites\/4\/2017\/01\/previous-1.png\" alt=\"Retour \u00e0 la page &quot;le bicam\u00e9risme&quot;\" width=\"30\" height=\"30\" \/><\/a><\/div>\n<div style=\"float: left; width: 80%; height: auto; padding: 0 20px;\">\n<h4>Tous les modules de ce cours<\/h4>\n<div style=\"float: left; text-align: center; width: 120px;\">\n<p><a href=\"http:\/\/blog.senat.fr\/moocs\/le-bicamerisme\/histoire-du-bicamerisme-depuis-1795-m-a\/\"><img loading=\"lazy\" decoding=\"async\" class=\"alignleft wp-image-976 size-full\" title=\"Jean Garrigues\" src=\"http:\/\/blog.senat.fr\/moocs\/wp-content\/uploads\/sites\/4\/2017\/02\/tn-jean-garrigues.png\" width=\"100\" height=\"67\" \/><\/a><\/p>\n<\/div>\n<\/div>\n<div style=\"float: left; width: 10%; height: auto; padding: 0 20px; text-align: right;\"><\/div>\n","protected":false},"excerpt":{"rendered":"<p>M. Jean Garrigues Pr\u00e9sident du Comit\u00e9 d\u2019histoire politique et parlementaire, professeur \u00e0 l&rsquo;Universit\u00e9 d&rsquo;Orl\u00e9ans Agr\u00e9g\u00e9 d\u2019histoire, sp\u00e9cialiste d&rsquo;histoire politique, professeur&#8230;  <a class=\"excerpt-read-more\" href=\"https:\/\/blog.senat.fr\/moocs\/le-bicamerisme\/histoire-du-bicamerisme-depuis-1795-m-a\/\" title=\"Read Histoire du bicam\u00e9risme depuis 1795\">Read more &raquo;<\/a><\/p>\n","protected":false},"author":1,"featured_media":0,"parent":57,"menu_order":1,"comment_status":"closed","ping_status":"closed","template":"full-width.php","meta":{"footnotes":""},"class_list":["post-283","page","type-page","status-publish","hentry"],"_links":{"self":[{"href":"https:\/\/blog.senat.fr\/moocs\/wp-json\/wp\/v2\/pages\/283","targetHints":{"allow":["GET"]}}],"collection":[{"href":"https:\/\/blog.senat.fr\/moocs\/wp-json\/wp\/v2\/pages"}],"about":[{"href":"https:\/\/blog.senat.fr\/moocs\/wp-json\/wp\/v2\/types\/page"}],"author":[{"embeddable":true,"href":"https:\/\/blog.senat.fr\/moocs\/wp-json\/wp\/v2\/users\/1"}],"replies":[{"embeddable":true,"href":"https:\/\/blog.senat.fr\/moocs\/wp-json\/wp\/v2\/comments?post=283"}],"version-history":[{"count":34,"href":"https:\/\/blog.senat.fr\/moocs\/wp-json\/wp\/v2\/pages\/283\/revisions"}],"predecessor-version":[{"id":2203,"href":"https:\/\/blog.senat.fr\/moocs\/wp-json\/wp\/v2\/pages\/283\/revisions\/2203"}],"up":[{"embeddable":true,"href":"https:\/\/blog.senat.fr\/moocs\/wp-json\/wp\/v2\/pages\/57"}],"wp:attachment":[{"href":"https:\/\/blog.senat.fr\/moocs\/wp-json\/wp\/v2\/media?parent=283"}],"curies":[{"name":"wp","href":"https:\/\/api.w.org\/{rel}","templated":true}]}}