{"id":1772,"date":"2017-03-10T17:41:28","date_gmt":"2017-03-10T16:41:28","guid":{"rendered":"http:\/\/blog.senat.fr\/moocs\/?page_id=1772"},"modified":"2024-03-04T17:32:56","modified_gmt":"2024-03-04T16:32:56","slug":"le-reglement-du-senat","status":"publish","type":"page","link":"https:\/\/blog.senat.fr\/moocs\/la-fonction-legislative\/le-reglement-du-senat-2\/le-reglement-du-senat\/","title":{"rendered":"Le R\u00e8glement du S\u00e9nat"},"content":{"rendered":"<div style=\"float: left; width: 70%; height: auto; padding: 0 20px;\"><iframe\n\t\t\t\t\t\t\t\tsrc=\"https:\/\/videos.senat.fr\/iframe.4423693_65e0a7826ea5c\"\n\t\t\t\t\t\t\t\twidth=\"640\" height=\"500\"\n\t\t\t\t\t\t\t\tframeborder=\"0\"\n\t\t\t\t\t\t\t\tallowfullscreen=\"true\"\n\t\t\t\t\t\t\t\tscrolling=\"no\"><\/iframe><\/div>\n<div style=\"float: left; width: 30%; padding: 0 10px;\">\n<h3>Mme Sophie de Cacqueray<\/h3>\n<h4>ma\u00eetre de conf\u00e9rences \u00e0 l&rsquo;Universit\u00e9 d&rsquo;Aix-Marseille<\/h4>\n<\/div>\n<div style=\"clear: both;\"><\/div>\n<div style=\"border-radius: 25px; background: #eeeded; padding: 25px; font-size: 0.9em; line-height: 1.2em;\">\n<h3>Plan du cours<\/h3>\n<p>Les sp\u00e9cificit\u00e9s du r\u00e8glement du S\u00e9nat : Pr\u00e9sentation, modifications \u2022 L\u2019impact d\u2019un contr\u00f4le de constitutionnalit\u00e9 du r\u00e8glement sur le S\u00e9nat : les r\u00e9visions de la Constitution ou la recherche de l\u2019autonomie, le dialogue S\u00e9nat \/ Conseil constitutionnel<\/p>\n<\/div>\n<hr style=\"width: 80%; color: #c9a96e;\" \/>\n<div style=\"float: left; width: 10%; height: auto; padding: 0 20px; text-align: left;\"><a href=\"http:\/\/blog.senat.fr\/moocs\/la-fonction-legislative\/\"><img loading=\"lazy\" decoding=\"async\" class=\"alignleft wp-image-451 size-full\" title=\"Retour \u00e0 la page &quot;la fonction l\u00e9gislative&quot;\" src=\"http:\/\/blog.senat.fr\/moocs\/wp-content\/uploads\/sites\/4\/2017\/01\/previous-1.png\" alt=\"Retour \u00e0 la page &quot;la fonction l\u00e9gislative&quot;\" width=\"30\" height=\"30\" \/><\/a><\/div>\n<div style=\"float: left; width: 80%; height: auto; padding: 0 20px;\">\n<h4>Tous les modules de ce cours<\/h4>\n<div style=\"float: left; text-align: center; width: 120px;\">\n<p><a href=\"http:\/\/blog.senat.fr\/moocs\/la-fonction-legislative\/le-reglement-du-senat-2\/le-reglement-du-senat\/\"><img loading=\"lazy\" decoding=\"async\" class=\"alignleft wp-image-2009 size-full\" title=\"Sophie de Cacqueray\" src=\"http:\/\/blog.senat.fr\/moocs\/wp-content\/uploads\/sites\/4\/2017\/05\/tn-sophie-de-cacqueray.jpg\" alt=\"\" width=\"100\" height=\"67\" \/><\/a><\/p>\n<\/div>\n<\/div>\n<div style=\"float: left; width: 10%; height: auto; padding: 0 20px; text-align: right;\"><\/div>\n","protected":false},"excerpt":{"rendered":"<p>Mme Sophie de Cacqueray ma\u00eetre de conf\u00e9rences \u00e0 l&rsquo;Universit\u00e9 d&rsquo;Aix-Marseille Plan du cours Les sp\u00e9cificit\u00e9s du r\u00e8glement du S\u00e9nat :&#8230;  <a class=\"excerpt-read-more\" href=\"https:\/\/blog.senat.fr\/moocs\/la-fonction-legislative\/le-reglement-du-senat-2\/le-reglement-du-senat\/\" title=\"Read Le R\u00e8glement du S\u00e9nat\">Read more &raquo;<\/a><\/p>\n","protected":false},"author":1,"featured_media":0,"parent":1774,"menu_order":0,"comment_status":"closed","ping_status":"closed","template":"full-width.php","meta":{"footnotes":""},"class_list":["post-1772","page","type-page","status-publish","hentry"],"_links":{"self":[{"href":"https:\/\/blog.senat.fr\/moocs\/wp-json\/wp\/v2\/pages\/1772","targetHints":{"allow":["GET"]}}],"collection":[{"href":"https:\/\/blog.senat.fr\/moocs\/wp-json\/wp\/v2\/pages"}],"about":[{"href":"https:\/\/blog.senat.fr\/moocs\/wp-json\/wp\/v2\/types\/page"}],"author":[{"embeddable":true,"href":"https:\/\/blog.senat.fr\/moocs\/wp-json\/wp\/v2\/users\/1"}],"replies":[{"embeddable":true,"href":"https:\/\/blog.senat.fr\/moocs\/wp-json\/wp\/v2\/comments?post=1772"}],"version-history":[{"count":8,"href":"https:\/\/blog.senat.fr\/moocs\/wp-json\/wp\/v2\/pages\/1772\/revisions"}],"predecessor-version":[{"id":2248,"href":"https:\/\/blog.senat.fr\/moocs\/wp-json\/wp\/v2\/pages\/1772\/revisions\/2248"}],"up":[{"embeddable":true,"href":"https:\/\/blog.senat.fr\/moocs\/wp-json\/wp\/v2\/pages\/1774"}],"wp:attachment":[{"href":"https:\/\/blog.senat.fr\/moocs\/wp-json\/wp\/v2\/media?parent=1772"}],"curies":[{"name":"wp","href":"https:\/\/api.w.org\/{rel}","templated":true}]}}