{"id":1739,"date":"2017-03-09T17:19:26","date_gmt":"2017-03-09T16:19:26","guid":{"rendered":"http:\/\/blog.senat.fr\/moocs\/?page_id=1739"},"modified":"2024-03-04T15:58:45","modified_gmt":"2024-03-04T14:58:45","slug":"les-groupes-politiques-43","status":"publish","type":"page","link":"https:\/\/blog.senat.fr\/moocs\/lorganisation-du-senat\/les-groupes-politiques\/les-groupes-politiques-43\/","title":{"rendered":"Les groupes politiques"},"content":{"rendered":"<div style=\"float: left; width: 70%; height: auto; padding: 0 20px;\"><iframe\n\t\t\t\t\t\t\t\tsrc=\"https:\/\/videos.senat.fr\/iframe.4423578_65e0a730b3bae\"\n\t\t\t\t\t\t\t\twidth=\"640\" height=\"500\"\n\t\t\t\t\t\t\t\tframeborder=\"0\"\n\t\t\t\t\t\t\t\tallowfullscreen=\"true\"\n\t\t\t\t\t\t\t\tscrolling=\"no\"><\/iframe><\/div>\n<div style=\"clear: both;\"><\/div>\n<div style=\"float: left; width: 30%; padding: 0 10px;\">\n<h3>M. Philippe ADNOT<\/h3>\n<p>Pr\u00e9sident de la RASNAG (R\u00e9union administrative des S\u00e9nateurs n&rsquo;appartenant \u00e0 aucun groupe)<\/p>\n<\/div>\n<div style=\"float: left; width: 30%; padding: 0 10px;\">\n<h3>Mme. Eliane ASSASSI<\/h3>\n<p>Pr\u00e9sidente du groupe CRC (Communiste, r\u00e9publicain et citoyen)<\/p>\n<\/div>\n<div style=\"float: left; width: 30%; padding: 0 10px;\">\n<h3>M. Jean DESESSARD<\/h3>\n<p>Pr\u00e9sident du groupe \u00e9cologiste<\/p>\n<\/div>\n<div style=\"clear: both;\"><\/div>\n<div style=\"float: left; width: 30%; padding: 0 10px;\">\n<h3>M. Didier GUILLAUME<\/h3>\n<p>Pr\u00e9sident du groupe socialiste et r\u00e9publicain<\/p>\n<\/div>\n<div style=\"float: left; width: 30%; padding: 0 10px;\">\n<h3>M. Jacques M\u00c9ZARD<\/h3>\n<p>Pr\u00e9sident du groupe RDSE (Rassemblement d\u00e9mocratique et social europ\u00e9en)<br \/>\n<em style=\"font-size: 0.6em;\">\u00c1 la date du tournage de la vid\u00e9o, M. M\u00e9zard n&rsquo;\u00e9tait pas encore devenu ministre de l&rsquo;Agriculture<\/em><\/p>\n<\/div>\n<div style=\"float: left; width: 30%; padding: 0 10px;\">\n<h3>M. Bruno RETAILLEAU<\/h3>\n<p>Pr\u00e9sident du groupe Les R\u00e9publicains<\/p>\n<\/div>\n<div style=\"clear: both;\"><\/div>\n<div style=\"float: left; width: 30%; padding: 0 10px;\">\n<h3>M. Fran\u00e7ois ZOCCHETTO<\/h3>\n<p>Pr\u00e9sident du groupe Union des D\u00e9mocrates et Ind\u00e9pendants-UC<\/p>\n<\/div>\n<div style=\"clear: both;\"><\/div>\n<hr style=\"width: 80%; color: #c9a96e;\" \/>\n<div style=\"float: left; width: 10%; height: auto; padding: 0 20px; text-align: left;\"><a href=\"http:\/\/blog.senat.fr\/moocs\/lorganisation-du-senat\/\"><img loading=\"lazy\" decoding=\"async\" class=\"alignleft wp-image-451 size-full\" title=\"Retour \u00e0 la page &quot;l'organisation du S\u00e9nat&quot;\" src=\"http:\/\/blog.senat.fr\/moocs\/wp-content\/uploads\/sites\/4\/2017\/01\/previous-1.png\" alt=\"Retour \u00e0 la page &quot;l'organisation du S\u00e9nat&quot;\" width=\"30\" height=\"30\" \/><\/a><\/div>\n<div style=\"float: left; width: 80%; height: auto; padding: 0 20px;\">\n<h4>Tous les modules de ce cours<\/h4>\n<div style=\"float: left; text-align: center; width: 120px;\">\n<p><a href=\"http:\/\/blog.senat.fr\/moocs\/lorganisation-du-senat\/les-groupes-politiques\/les-groupes-politiques-43\/\"><img loading=\"lazy\" decoding=\"async\" class=\"alignleft wp-image-1801 size-full\" title=\"Pr\u00e9sidents des groupes politiques\" src=\"http:\/\/blog.senat.fr\/moocs\/wp-content\/uploads\/sites\/4\/2017\/03\/tn-groupes-politiques.jpg\" alt=\"Pr\u00e9sidents des groupes politiques\" width=\"100\" height=\"67\" \/><\/a><\/p>\n<\/div>\n<div style=\"float: left; text-align: center; width: 120px;\">\n<p><a href=\"http:\/\/blog.senat.fr\/moocs\/lorganisation-du-senat\/les-groupes-politiques\/les-groupes-politiques-13\/\"><img loading=\"lazy\" decoding=\"async\" class=\"alignleft wp-image-982 size-full\" title=\"Julie Benetti\" src=\"http:\/\/blog.senat.fr\/moocs\/wp-content\/uploads\/sites\/4\/2017\/02\/tn-julie-benetti.png\" alt=\"Julie Benetti\" width=\"100\" height=\"67\" \/><\/a><\/p>\n<\/div>\n<div style=\"float: left; text-align: center; width: 120px;\">\n<p><a href=\"http:\/\/blog.senat.fr\/moocs\/lorganisation-du-senat\/les-groupes-politiques\/les-groupes-politiques-23\/\"><img loading=\"lazy\" decoding=\"async\" class=\"alignleft wp-image-975 size-full\" title=\"Jean-\u00c9ric Gicquel\" src=\"http:\/\/blog.senat.fr\/moocs\/wp-content\/uploads\/sites\/4\/2017\/02\/tn-jean-eric-gicquel.png\" alt=\"Jean-\u00c9ric Gicquel\" width=\"100\" height=\"67\" \/><\/a><\/p>\n<\/div>\n<div style=\"float: left; text-align: center; width: 120px;\">\n<p><a href=\"http:\/\/blog.senat.fr\/moocs\/lorganisation-du-senat\/les-groupes-politiques\/les-groupes-politiques-33\/\"><img loading=\"lazy\" decoding=\"async\" class=\"alignleft wp-image-979 size-full\" title=\"Jean-Louis H\u00e9rin\" src=\"http:\/\/blog.senat.fr\/moocs\/wp-content\/uploads\/sites\/4\/2017\/02\/tn-jean-louis-herin.png\" alt=\"Jean-Louis H\u00e9rin\" width=\"100\" height=\"67\" \/><\/a><\/p>\n<\/div>\n<\/div>\n","protected":false},"excerpt":{"rendered":"<p>M. Philippe ADNOT Pr\u00e9sident de la RASNAG (R\u00e9union administrative des S\u00e9nateurs n&rsquo;appartenant \u00e0 aucun groupe) Mme. Eliane ASSASSI Pr\u00e9sidente du&#8230;  <a class=\"excerpt-read-more\" href=\"https:\/\/blog.senat.fr\/moocs\/lorganisation-du-senat\/les-groupes-politiques\/les-groupes-politiques-43\/\" title=\"Read Les groupes politiques\">Read more &raquo;<\/a><\/p>\n","protected":false},"author":1,"featured_media":0,"parent":73,"menu_order":0,"comment_status":"closed","ping_status":"closed","template":"full-width.php","meta":{"footnotes":""},"class_list":["post-1739","page","type-page","status-publish","hentry"],"_links":{"self":[{"href":"https:\/\/blog.senat.fr\/moocs\/wp-json\/wp\/v2\/pages\/1739","targetHints":{"allow":["GET"]}}],"collection":[{"href":"https:\/\/blog.senat.fr\/moocs\/wp-json\/wp\/v2\/pages"}],"about":[{"href":"https:\/\/blog.senat.fr\/moocs\/wp-json\/wp\/v2\/types\/page"}],"author":[{"embeddable":true,"href":"https:\/\/blog.senat.fr\/moocs\/wp-json\/wp\/v2\/users\/1"}],"replies":[{"embeddable":true,"href":"https:\/\/blog.senat.fr\/moocs\/wp-json\/wp\/v2\/comments?post=1739"}],"version-history":[{"count":20,"href":"https:\/\/blog.senat.fr\/moocs\/wp-json\/wp\/v2\/pages\/1739\/revisions"}],"predecessor-version":[{"id":2213,"href":"https:\/\/blog.senat.fr\/moocs\/wp-json\/wp\/v2\/pages\/1739\/revisions\/2213"}],"up":[{"embeddable":true,"href":"https:\/\/blog.senat.fr\/moocs\/wp-json\/wp\/v2\/pages\/73"}],"wp:attachment":[{"href":"https:\/\/blog.senat.fr\/moocs\/wp-json\/wp\/v2\/media?parent=1739"}],"curies":[{"name":"wp","href":"https:\/\/api.w.org\/{rel}","templated":true}]}}