{"id":1291,"date":"2017-02-22T15:44:33","date_gmt":"2017-02-22T14:44:33","guid":{"rendered":"http:\/\/blog.senat.fr\/moocs\/?page_id=1291"},"modified":"2024-03-04T18:04:57","modified_gmt":"2024-03-04T17:04:57","slug":"le-role-du-senat-dans-le-domaine-international-13","status":"publish","type":"page","link":"https:\/\/blog.senat.fr\/moocs\/la-fonction-de-controle\/le-role-du-senat-dans-le-domaine-international\/le-role-du-senat-dans-le-domaine-international-13\/","title":{"rendered":"Le r\u00f4le international du S\u00e9nat"},"content":{"rendered":"<div style=\"float: left; width: 70%; height: auto; padding: 0 20px;\"><iframe\n\t\t\t\t\t\t\t\tsrc=\"https:\/\/videos.senat.fr\/iframe.4423625_65e0a74d8cae9\"\n\t\t\t\t\t\t\t\twidth=\"640\" height=\"500\"\n\t\t\t\t\t\t\t\tframeborder=\"0\"\n\t\t\t\t\t\t\t\tallowfullscreen=\"true\"\n\t\t\t\t\t\t\t\tscrolling=\"no\"><\/iframe><\/div>\n<div style=\"float: left; width: 30%; padding: 0 10px;\">\n<h3>M. Olivier Delamare-Deboutteville<\/h3>\n<h4>conseiller hors classe \u00e0 la Direction du Secr\u00e9tariat du Bureau, du Protocole et des Relations internationales<\/h4>\n<\/div>\n<div style=\"clear: both;\"><\/div>\n<div style=\"border-radius: 25px; background: #eeeded; padding: 25px; font-size: 0.9em; line-height: 1.2em;\">\n<h3>Plan du cours<\/h3>\n<p>La prise de conscience du r\u00f4le central des institutions parlementaires dans les processus de cheminement vers la d\u00e9mocratie et la n\u00e9cessit\u00e9 d\u2019accompagner les pays qui le souhaitaient dans leur mise en place \u2022 Diplomatie parlementaire et ing\u00e9nierie parlementaire \u2022 L\u2019action internationale du Pr\u00e9sident du S\u00e9nat \u2022 Le r\u00f4le des groupes interparlementaires d\u2019amiti\u00e9 \u2022 La coop\u00e9ration et l\u2019assistance technique interparlementaire \u2022 La participation aux assembl\u00e9es internationales interparlementaires \u2022 Les missions d\u2019observation \u00e9lectorale \u2022<\/p>\n<\/div>\n<hr style=\"width: 80%; color: #c9a96e;\" \/>\n<div style=\"float: left; width: 10%; height: auto; padding: 0 20px; text-align: left;\"><a href=\"http:\/\/blog.senat.fr\/moocs\/la-fonction-de-controle\/\"><img loading=\"lazy\" decoding=\"async\" class=\"alignleft wp-image-451 size-full\" title=\"Retour \u00e0 la page &quot;le bicam\u00e9risme&quot;\" src=\"http:\/\/blog.senat.fr\/moocs\/wp-content\/uploads\/sites\/4\/2017\/01\/previous-1.png\" alt=\"Retour \u00e0 la page &quot;le bicam\u00e9risme&quot;\" width=\"30\" height=\"30\" \/><\/a><\/div>\n<div style=\"float: left; width: 80%; height: auto; padding: 0 20px;\">\n<h4>Tous les modules de ce cours<\/h4>\n<div style=\"float: left; text-align: center; width: 120px;\">\n<p><a href=\"http:\/\/blog.senat.fr\/moocs\/la-fonction-de-controle\/le-role-du-senat-dans-le-domaine-international\/le-role-du-senat-dans-le-domaine-international-13\/\"><img loading=\"lazy\" decoding=\"async\" class=\"alignleft wp-image-988 size-full\" title=\"Olivier Delamare-Deboutteville\" src=\"http:\/\/blog.senat.fr\/moocs\/wp-content\/uploads\/sites\/4\/2017\/02\/tn-olivier-delamare-deboutteville.png\" alt=\"Olivier Delamare-Deboutteville\" width=\"100\" height=\"67\" \/><\/a><\/p>\n<\/div>\n<div style=\"float: left; text-align: center; width: 120px;\">\n<p><a href=\"http:\/\/blog.senat.fr\/moocs\/la-fonction-de-controle\/le-role-du-senat-dans-le-domaine-international\/le-role-du-senat-dans-le-domaine-international-23\/\"><img loading=\"lazy\" decoding=\"async\" class=\"alignleft wp-image-994 size-full\" title=\"Philippe Bourass\u00e9\" src=\"http:\/\/blog.senat.fr\/moocs\/wp-content\/uploads\/sites\/4\/2017\/02\/tn-philippe-bourasse.png\" alt=\"Philippe Bourass\u00e9\" width=\"100\" height=\"67\" \/><\/a><\/p>\n<\/div>\n<\/div>\n<div style=\"float: left; width: 10%; height: auto; padding: 0 20px; text-align: right;\"><\/div>\n","protected":false},"excerpt":{"rendered":"<p>M. Olivier Delamare-Deboutteville conseiller hors classe \u00e0 la Direction du Secr\u00e9tariat du Bureau, du Protocole et des Relations internationales Plan&#8230;  <a class=\"excerpt-read-more\" href=\"https:\/\/blog.senat.fr\/moocs\/la-fonction-de-controle\/le-role-du-senat-dans-le-domaine-international\/le-role-du-senat-dans-le-domaine-international-13\/\" title=\"Read Le r\u00f4le international du S\u00e9nat\">Read more &raquo;<\/a><\/p>\n","protected":false},"author":1,"featured_media":0,"parent":137,"menu_order":1,"comment_status":"closed","ping_status":"closed","template":"full-width.php","meta":{"footnotes":""},"class_list":["post-1291","page","type-page","status-publish","hentry"],"_links":{"self":[{"href":"https:\/\/blog.senat.fr\/moocs\/wp-json\/wp\/v2\/pages\/1291","targetHints":{"allow":["GET"]}}],"collection":[{"href":"https:\/\/blog.senat.fr\/moocs\/wp-json\/wp\/v2\/pages"}],"about":[{"href":"https:\/\/blog.senat.fr\/moocs\/wp-json\/wp\/v2\/types\/page"}],"author":[{"embeddable":true,"href":"https:\/\/blog.senat.fr\/moocs\/wp-json\/wp\/v2\/users\/1"}],"replies":[{"embeddable":true,"href":"https:\/\/blog.senat.fr\/moocs\/wp-json\/wp\/v2\/comments?post=1291"}],"version-history":[{"count":8,"href":"https:\/\/blog.senat.fr\/moocs\/wp-json\/wp\/v2\/pages\/1291\/revisions"}],"predecessor-version":[{"id":2260,"href":"https:\/\/blog.senat.fr\/moocs\/wp-json\/wp\/v2\/pages\/1291\/revisions\/2260"}],"up":[{"embeddable":true,"href":"https:\/\/blog.senat.fr\/moocs\/wp-json\/wp\/v2\/pages\/137"}],"wp:attachment":[{"href":"https:\/\/blog.senat.fr\/moocs\/wp-json\/wp\/v2\/media?parent=1291"}],"curies":[{"name":"wp","href":"https:\/\/api.w.org\/{rel}","templated":true}]}}