{"id":1287,"date":"2017-02-22T15:42:52","date_gmt":"2017-02-22T14:42:52","guid":{"rendered":"http:\/\/blog.senat.fr\/moocs\/?page_id=1287"},"modified":"2024-02-29T17:44:20","modified_gmt":"2024-02-29T16:44:20","slug":"la-procedure-de-larticle-13-de-la-constitution-12","status":"publish","type":"page","link":"https:\/\/blog.senat.fr\/moocs\/la-fonction-de-controle\/la-procedure-de-larticle-13-de-la-constitution\/la-procedure-de-larticle-13-de-la-constitution-12\/","title":{"rendered":"La proc\u00e9dure de l\u2019article 13 de la Constitution"},"content":{"rendered":"<div style=\"float: left; width: 70%; height: auto; padding: 0 20px;\"><iframe loading=\"lazy\" src=\"https:\/\/videos.senat.fr\/iframe.4421225_65e09e941b475\" width=\"640\" height=\"500\" frameborder=\"0\" scrolling=\"no\" allowfullscreen=\"allowfullscreen\"><\/iframe><\/div>\n<div style=\"float: left; width: 30%; padding: 0 10px;\">\n<h3>Mme B\u00e9n\u00e9dicte Roug\u00e9<\/h3>\n<h4>chef du service de la commission de l\u2019Am\u00e9nagement du territoire et du D\u00e9veloppement durable<\/h4>\n<\/div>\n<div style=\"clear: both;\"><\/div>\n<div style=\"border-radius: 25px; background: #eeeded; padding: 25px; font-size: 0.9em; line-height: 1.2em;\">\n<h3>Plan du cours<\/h3>\n<p>Une nouvelle et r\u00e9cente pr\u00e9rogative du Parlement : Innovation de la r\u00e9vision constitutionnelle de 2008, inspir\u00e9e par des exemples \u00e9trangers, issue de la r\u00e9flexion de plusieurs commissions d\u2019experts, g\u00e9n\u00e9ralisation d\u2019une proc\u00e9dure introduite de mani\u00e8re ponctuelle dans quelques textes l\u00e9gislatifs ant\u00e9rieurs \u2022 Ce que disent les textes : L\u2019article 13 compl\u00e9t\u00e9 de la Constitution, la loi organique du 23 juillet 2010, la loi ordinaire du 23 juillet 2010 \u2022 La pratique : Une mise en \u0153uvre d\u00e9sormais bien rod\u00e9e, quelques avis d\u00e9favorables et leurs cons\u00e9quences, des initiatives r\u00e9centes pour rendre la proc\u00e9dure plus incisive, des interrogations qui subsistent.<\/p>\n<\/div>\n<hr style=\"width: 80%; color: #c9a96e;\" \/>\n<div style=\"float: left; width: 10%; height: auto; padding: 0 20px; text-align: left;\"><a href=\"http:\/\/blog.senat.fr\/moocs\/la-fonction-de-controle\/\"><img loading=\"lazy\" decoding=\"async\" class=\"alignleft wp-image-451 size-full\" title=\"Retour \u00e0 la page &quot;la fonction de contr\u00f4le&quot;\" src=\"http:\/\/blog.senat.fr\/moocs\/wp-content\/uploads\/sites\/4\/2017\/01\/previous-1.png\" alt=\"Retour \u00e0 la page &quot;la fonction de contr\u00f4le&quot;\" width=\"30\" height=\"30\" \/><\/a><\/div>\n<div style=\"float: left; width: 80%; height: auto; padding: 0 20px;\">\n<h4>Tous les modules de ce cours<\/h4>\n<div style=\"float: left; text-align: center; width: 120px;\">\n<p><a href=\"http:\/\/blog.senat.fr\/moocs\/la-fonction-de-controle\/la-procedure-de-larticle-13-de-la-constitution\/la-procedure-de-larticle-13-de-la-constitution-12\/\"><img loading=\"lazy\" decoding=\"async\" class=\"alignleft wp-image-954 size-full\" title=\"B\u00e9n\u00e9dicte Roug\u00e9\" src=\"http:\/\/blog.senat.fr\/moocs\/wp-content\/uploads\/sites\/4\/2017\/02\/tn-benedicte-rouge.png\" width=\"100\" height=\"67\" \/><\/a><\/p>\n<\/div>\n<\/div>\n<div style=\"float: left; width: 10%; height: auto; padding: 0 20px; text-align: right;\"><\/div>\n","protected":false},"excerpt":{"rendered":"<p>Mme B\u00e9n\u00e9dicte Roug\u00e9 chef du service de la commission de l\u2019Am\u00e9nagement du territoire et du D\u00e9veloppement durable Plan du cours&#8230;  <a class=\"excerpt-read-more\" href=\"https:\/\/blog.senat.fr\/moocs\/la-fonction-de-controle\/la-procedure-de-larticle-13-de-la-constitution\/la-procedure-de-larticle-13-de-la-constitution-12\/\" title=\"Read La proc\u00e9dure de l\u2019article 13 de la Constitution\">Read more &raquo;<\/a><\/p>\n","protected":false},"author":1,"featured_media":0,"parent":135,"menu_order":1,"comment_status":"closed","ping_status":"closed","template":"full-width.php","meta":{"footnotes":""},"class_list":["post-1287","page","type-page","status-publish","hentry"],"_links":{"self":[{"href":"https:\/\/blog.senat.fr\/moocs\/wp-json\/wp\/v2\/pages\/1287","targetHints":{"allow":["GET"]}}],"collection":[{"href":"https:\/\/blog.senat.fr\/moocs\/wp-json\/wp\/v2\/pages"}],"about":[{"href":"https:\/\/blog.senat.fr\/moocs\/wp-json\/wp\/v2\/types\/page"}],"author":[{"embeddable":true,"href":"https:\/\/blog.senat.fr\/moocs\/wp-json\/wp\/v2\/users\/1"}],"replies":[{"embeddable":true,"href":"https:\/\/blog.senat.fr\/moocs\/wp-json\/wp\/v2\/comments?post=1287"}],"version-history":[{"count":17,"href":"https:\/\/blog.senat.fr\/moocs\/wp-json\/wp\/v2\/pages\/1287\/revisions"}],"predecessor-version":[{"id":2186,"href":"https:\/\/blog.senat.fr\/moocs\/wp-json\/wp\/v2\/pages\/1287\/revisions\/2186"}],"up":[{"embeddable":true,"href":"https:\/\/blog.senat.fr\/moocs\/wp-json\/wp\/v2\/pages\/135"}],"wp:attachment":[{"href":"https:\/\/blog.senat.fr\/moocs\/wp-json\/wp\/v2\/media?parent=1287"}],"curies":[{"name":"wp","href":"https:\/\/api.w.org\/{rel}","templated":true}]}}