{"id":1285,"date":"2017-02-22T15:41:52","date_gmt":"2017-02-22T14:41:52","guid":{"rendered":"http:\/\/blog.senat.fr\/moocs\/?page_id=1285"},"modified":"2024-03-04T18:03:27","modified_gmt":"2024-03-04T17:03:27","slug":"les-travaux-devaluation-et-dexpertise-22","status":"publish","type":"page","link":"https:\/\/blog.senat.fr\/moocs\/la-fonction-de-controle\/les-travaux-devaluation-et-dexpertise\/les-travaux-devaluation-et-dexpertise-22\/","title":{"rendered":"L\u2019\u00e9valuation des politiques publiques au S\u00e9nat"},"content":{"rendered":"<div style=\"float: left; width: 70%; height: auto; padding: 0 20px;\"><iframe\n\t\t\t\t\t\t\t\tsrc=\"https:\/\/videos.senat.fr\/iframe.4423062_65e0a5376e34e\"\n\t\t\t\t\t\t\t\twidth=\"640\" height=\"500\"\n\t\t\t\t\t\t\t\tframeborder=\"0\"\n\t\t\t\t\t\t\t\tallowfullscreen=\"true\"\n\t\t\t\t\t\t\t\tscrolling=\"no\"><\/iframe><\/div>\n<div style=\"float: left; width: 30%; padding: 0 10px;\">\n<h3>Mme Anne Marquant<\/h3>\n<h4>conseill\u00e8re \u00e0 la commission des Finances<\/h4>\n<\/div>\n<div style=\"clear: both;\"><\/div>\n<div style=\"border-radius: 25px; background: #eeeded; padding: 25px; font-size: 0.9em; line-height: 1.2em;\">\n<h3>Plan du cours<\/h3>\n<p>Une mission constitutionnelle nouvelle \u2022 La distinction entre contr\u00f4le de l\u2019action du Gouvernement et \u00e9valuation des politiques publiques \u2022 Une ambition plus g\u00e9n\u00e9rale et plus large \u2022 Proc\u00e9d\u00e9 d&rsquo;\u00e9valuation des politiques publiques \u2022 L&rsquo;\u00e9valuation par le S\u00e9nat \u2022 D&rsquo;autres \u00e9valuations de la politique publique.<\/p>\n<\/div>\n<hr style=\"width: 80%; color: #c9a96e;\" \/>\n<div style=\"float: left; width: 10%; height: auto; padding: 0 20px; text-align: left;\"><a href=\"http:\/\/blog.senat.fr\/moocs\/la-fonction-de-controle\/\"><img loading=\"lazy\" decoding=\"async\" class=\"alignleft wp-image-451 size-full\" title=\"Retour \u00e0 la page &quot;la fonction de contr\u00f4le&quot;\" src=\"http:\/\/blog.senat.fr\/moocs\/wp-content\/uploads\/sites\/4\/2017\/01\/previous-1.png\" alt=\"Retour \u00e0 la page &quot;la fonction de contr\u00f4le&quot;\" width=\"30\" height=\"30\" \/><\/a><\/div>\n<div style=\"float: left; width: 80%; height: auto; padding: 0 20px;\">\n<h4>Tous les modules de ce cours<\/h4>\n<div style=\"float: left; text-align: center; width: 120px;\">\n<p><a href=\"http:\/\/blog.senat.fr\/moocs\/la-fonction-de-controle\/les-travaux-devaluation-et-dexpertise\/les-travaux-devaluation-et-dexpertise-12\/\"><img loading=\"lazy\" decoding=\"async\" class=\"alignleft wp-image-983 size-full\" title=\"Marc Le Dorh\" src=\"http:\/\/blog.senat.fr\/moocs\/wp-content\/uploads\/sites\/4\/2017\/02\/tn-marc-le-dohr.png\" alt=\"\" width=\"100\" height=\"67\" \/><\/a><\/p>\n<\/div>\n<div style=\"float: left; text-align: center; width: 120px;\">\n<p><a href=\"http:\/\/blog.senat.fr\/moocs\/la-fonction-de-controle\/les-travaux-devaluation-et-dexpertise\/les-travaux-devaluation-et-dexpertise-22\/\"><img loading=\"lazy\" decoding=\"async\" class=\"alignleft wp-image-949 size-full\" title=\"Anne Marquant\" src=\"http:\/\/blog.senat.fr\/moocs\/wp-content\/uploads\/sites\/4\/2017\/02\/tn-anne-marquant.png\" width=\"100\" height=\"67\" \/><\/a><\/p>\n<\/div>\n<\/div>\n<div style=\"float: left; width: 10%; height: auto; padding: 0 20px; text-align: right;\"><\/div>\n","protected":false},"excerpt":{"rendered":"<p>Mme Anne Marquant conseill\u00e8re \u00e0 la commission des Finances Plan du cours Une mission constitutionnelle nouvelle \u2022 La distinction entre&#8230;  <a class=\"excerpt-read-more\" href=\"https:\/\/blog.senat.fr\/moocs\/la-fonction-de-controle\/les-travaux-devaluation-et-dexpertise\/les-travaux-devaluation-et-dexpertise-22\/\" title=\"Read L\u2019\u00e9valuation des politiques publiques au S\u00e9nat\">Read more &raquo;<\/a><\/p>\n","protected":false},"author":1,"featured_media":0,"parent":133,"menu_order":2,"comment_status":"closed","ping_status":"closed","template":"full-width.php","meta":{"footnotes":""},"class_list":["post-1285","page","type-page","status-publish","hentry"],"_links":{"self":[{"href":"https:\/\/blog.senat.fr\/moocs\/wp-json\/wp\/v2\/pages\/1285","targetHints":{"allow":["GET"]}}],"collection":[{"href":"https:\/\/blog.senat.fr\/moocs\/wp-json\/wp\/v2\/pages"}],"about":[{"href":"https:\/\/blog.senat.fr\/moocs\/wp-json\/wp\/v2\/types\/page"}],"author":[{"embeddable":true,"href":"https:\/\/blog.senat.fr\/moocs\/wp-json\/wp\/v2\/users\/1"}],"replies":[{"embeddable":true,"href":"https:\/\/blog.senat.fr\/moocs\/wp-json\/wp\/v2\/comments?post=1285"}],"version-history":[{"count":10,"href":"https:\/\/blog.senat.fr\/moocs\/wp-json\/wp\/v2\/pages\/1285\/revisions"}],"predecessor-version":[{"id":2259,"href":"https:\/\/blog.senat.fr\/moocs\/wp-json\/wp\/v2\/pages\/1285\/revisions\/2259"}],"up":[{"embeddable":true,"href":"https:\/\/blog.senat.fr\/moocs\/wp-json\/wp\/v2\/pages\/133"}],"wp:attachment":[{"href":"https:\/\/blog.senat.fr\/moocs\/wp-json\/wp\/v2\/media?parent=1285"}],"curies":[{"name":"wp","href":"https:\/\/api.w.org\/{rel}","templated":true}]}}