{"id":1283,"date":"2017-02-22T15:41:27","date_gmt":"2017-02-22T14:41:27","guid":{"rendered":"http:\/\/blog.senat.fr\/moocs\/?page_id=1283"},"modified":"2024-03-04T17:56:27","modified_gmt":"2024-03-04T16:56:27","slug":"les-travaux-devaluation-et-dexpertise-12","status":"publish","type":"page","link":"https:\/\/blog.senat.fr\/moocs\/la-fonction-de-controle\/les-travaux-devaluation-et-dexpertise\/les-travaux-devaluation-et-dexpertise-12\/","title":{"rendered":"La mission de simplification de la D\u00e9l\u00e9gation aux collectivit\u00e9s territoriales et \u00e0 la d\u00e9centralisation du S\u00e9nat"},"content":{"rendered":"<div style=\"float: left; width: 70%; height: auto; padding: 0 20px;\"><iframe\n\t\t\t\t\t\t\t\tsrc=\"https:\/\/videos.senat.fr\/iframe.4422915_65e0a4b8b7d2c\"\n\t\t\t\t\t\t\t\twidth=\"640\" height=\"500\"\n\t\t\t\t\t\t\t\tframeborder=\"0\"\n\t\t\t\t\t\t\t\tallowfullscreen=\"true\"\n\t\t\t\t\t\t\t\tscrolling=\"no\"><\/iframe><\/div>\n<div style=\"float: left; width: 30%; padding: 0 10px;\">\n<h3>M. Marc Le Dorh<\/h3>\n<h4>conseiller \u00e0 la D\u00e9l\u00e9gation \u00e0 l\u2019Am\u00e9nagement du territoire et aux Collectivit\u00e9s territoriales<\/h4>\n<\/div>\n<div style=\"clear: both;\"><\/div>\n<hr style=\"width: 80%; color: #c9a96e;\" \/>\n<div style=\"float: left; width: 10%; height: auto; padding: 0 20px; text-align: left;\"><a href=\"http:\/\/blog.senat.fr\/moocs\/la-fonction-de-controle\/\"><img loading=\"lazy\" decoding=\"async\" class=\"alignleft wp-image-451 size-full\" title=\"Retour \u00e0 la page &quot;la fonction de contr\u00f4le&quot;\" src=\"http:\/\/blog.senat.fr\/moocs\/wp-content\/uploads\/sites\/4\/2017\/01\/previous-1.png\" alt=\"Retour \u00e0 la page &quot;la fonction de contr\u00f4le&quot;\" width=\"30\" height=\"30\" \/><\/a><\/div>\n<div style=\"float: left; width: 80%; height: auto; padding: 0 20px;\">\n<h4>Tous les modules de ce cours<\/h4>\n<div style=\"float: left; text-align: center; width: 120px;\">\n<p><a href=\"http:\/\/blog.senat.fr\/moocs\/la-fonction-de-controle\/les-travaux-devaluation-et-dexpertise\/les-travaux-devaluation-et-dexpertise-12\/\"><img loading=\"lazy\" decoding=\"async\" class=\"alignleft wp-image-983 size-full\" title=\"Marc Le Dorh\" src=\"http:\/\/blog.senat.fr\/moocs\/wp-content\/uploads\/sites\/4\/2017\/02\/tn-marc-le-dohr.png\" alt=\"Marc Le Dorh\" width=\"100\" height=\"67\" \/><\/a><\/p>\n<\/div>\n<div style=\"float: left; text-align: center; width: 120px;\">\n<p><a href=\"http:\/\/blog.senat.fr\/moocs\/la-fonction-de-controle\/les-travaux-devaluation-et-dexpertise\/les-travaux-devaluation-et-dexpertise-22\/\"><img loading=\"lazy\" decoding=\"async\" class=\"alignleft wp-image-949 size-full\" title=\"Anne Marquant\" src=\"http:\/\/blog.senat.fr\/moocs\/wp-content\/uploads\/sites\/4\/2017\/02\/tn-anne-marquant.png\" width=\"100\" height=\"67\" \/><\/a><\/p>\n<\/div>\n<\/div>\n<div style=\"float: left; width: 10%; height: auto; padding: 0 20px; text-align: right;\"><\/div>\n","protected":false},"excerpt":{"rendered":"<p>M. Marc Le Dorh conseiller \u00e0 la D\u00e9l\u00e9gation \u00e0 l\u2019Am\u00e9nagement du territoire et aux Collectivit\u00e9s territoriales Tous les modules de&#8230;  <a class=\"excerpt-read-more\" href=\"https:\/\/blog.senat.fr\/moocs\/la-fonction-de-controle\/les-travaux-devaluation-et-dexpertise\/les-travaux-devaluation-et-dexpertise-12\/\" title=\"Read La mission de simplification de la D\u00e9l\u00e9gation aux collectivit\u00e9s territoriales et \u00e0 la d\u00e9centralisation du S\u00e9nat\">Read more &raquo;<\/a><\/p>\n","protected":false},"author":1,"featured_media":0,"parent":133,"menu_order":1,"comment_status":"closed","ping_status":"closed","template":"full-width.php","meta":{"footnotes":""},"class_list":["post-1283","page","type-page","status-publish","hentry"],"_links":{"self":[{"href":"https:\/\/blog.senat.fr\/moocs\/wp-json\/wp\/v2\/pages\/1283","targetHints":{"allow":["GET"]}}],"collection":[{"href":"https:\/\/blog.senat.fr\/moocs\/wp-json\/wp\/v2\/pages"}],"about":[{"href":"https:\/\/blog.senat.fr\/moocs\/wp-json\/wp\/v2\/types\/page"}],"author":[{"embeddable":true,"href":"https:\/\/blog.senat.fr\/moocs\/wp-json\/wp\/v2\/users\/1"}],"replies":[{"embeddable":true,"href":"https:\/\/blog.senat.fr\/moocs\/wp-json\/wp\/v2\/comments?post=1283"}],"version-history":[{"count":9,"href":"https:\/\/blog.senat.fr\/moocs\/wp-json\/wp\/v2\/pages\/1283\/revisions"}],"predecessor-version":[{"id":2258,"href":"https:\/\/blog.senat.fr\/moocs\/wp-json\/wp\/v2\/pages\/1283\/revisions\/2258"}],"up":[{"embeddable":true,"href":"https:\/\/blog.senat.fr\/moocs\/wp-json\/wp\/v2\/pages\/133"}],"wp:attachment":[{"href":"https:\/\/blog.senat.fr\/moocs\/wp-json\/wp\/v2\/media?parent=1283"}],"curies":[{"name":"wp","href":"https:\/\/api.w.org\/{rel}","templated":true}]}}