{"id":1277,"date":"2017-02-22T15:39:16","date_gmt":"2017-02-22T14:39:16","guid":{"rendered":"http:\/\/blog.senat.fr\/moocs\/?page_id=1277"},"modified":"2024-03-04T17:46:07","modified_gmt":"2024-03-04T16:46:07","slug":"le-controle-par-les-commissions-et-delegations-35","status":"publish","type":"page","link":"https:\/\/blog.senat.fr\/moocs\/la-fonction-de-controle\/le-controle-par-les-commissions-et-delegations\/le-controle-par-les-commissions-et-delegations-35\/","title":{"rendered":"Le contr\u00f4le du Gouvernement exerc\u00e9 par les d\u00e9l\u00e9gations au S\u00e9nat"},"content":{"rendered":"<div style=\"float: left; width: 70%; height: auto; padding: 0 20px;\"><iframe\n\t\t\t\t\t\t\t\tsrc=\"https:\/\/videos.senat.fr\/iframe.4423090_65e0a54b36b7c\"\n\t\t\t\t\t\t\t\twidth=\"640\" height=\"500\"\n\t\t\t\t\t\t\t\tframeborder=\"0\"\n\t\t\t\t\t\t\t\tallowfullscreen=\"true\"\n\t\t\t\t\t\t\t\tscrolling=\"no\"><\/iframe><\/div>\n<div style=\"float: left; width: 30%; padding: 0 10px;\">\n<h3>Mme Aude Bornens<\/h3>\n<h4>responsable du secr\u00e9tariat de la D\u00e9l\u00e9gation aux entreprises<\/h4>\n<\/div>\n<div style=\"clear: both;\"><\/div>\n<div style=\"border-radius: 25px; background: #eeeded; padding: 25px; font-size: 0.9em; line-height: 1.2em;\">\n<h3>Plan du cours<\/h3>\n<p>Le contr\u00f4le parlementaire est un des piliers de l\u2019\u00c9tat de droit \u2022 Il s&rsquo;exerce par la voie des commissions permanentes ou temporaires \u2022 D\u00e9l\u00e9gations ou offices sont charg\u00e9s d\u2019assurer une mission de contr\u00f4le dans un domaine sp\u00e9cifique \u2022 On compte aujourd\u2019hui sept d\u00e9l\u00e9gations actives au S\u00e9nat \u2022 Explications sur leur l\u00e9gitimit\u00e9 et l&rsquo;exercice de leur pouvoir de contr\u00f4le \u2022<\/p>\n<\/div>\n<hr style=\"width: 80%; color: #c9a96e;\" \/>\n<div style=\"float: left; width: 10%; height: auto; padding: 0 20px; text-align: left;\"><a href=\"http:\/\/blog.senat.fr\/moocs\/la-fonction-de-controle\/\"><img loading=\"lazy\" decoding=\"async\" class=\"alignleft wp-image-451 size-full\" title=\"Retour \u00e0 la page &quot;la fonction de contr\u00f4le&quot;\" src=\"http:\/\/blog.senat.fr\/moocs\/wp-content\/uploads\/sites\/4\/2017\/01\/previous-1.png\" alt=\"Retour \u00e0 la page &quot;la fonction de contr\u00f4le&quot;\" width=\"30\" height=\"30\" \/><\/a><\/div>\n<div style=\"float: left; width: 80%; height: auto; padding: 0 20px;\">\n<h4>Tous les modules de ce cours<\/h4>\n<div style=\"float: left; text-align: center; width: 120px;\">\n<p><a href=\"http:\/\/blog.senat.fr\/moocs\/la-fonction-de-controle\/le-controle-par-les-commissions-et-delegations\/le-controle-par-les-commissions-et-delegations-15\/\"><img loading=\"lazy\" decoding=\"async\" class=\"alignleft wp-image-1828 size-full\" title=\"Romain Godet\" src=\"http:\/\/blog.senat.fr\/moocs\/wp-content\/uploads\/sites\/4\/2017\/03\/tn-romain-godet.png\" alt=\"Romain Godet\" width=\"100\" height=\"67\" \/><\/a><\/p>\n<\/div>\n<div style=\"float: left; text-align: center; width: 120px;\">\n<p><a href=\"http:\/\/blog.senat.fr\/moocs\/la-fonction-de-controle\/le-controle-par-les-commissions-et-delegations\/le-controle-par-les-commissions-et-delegations-25\/\"><img loading=\"lazy\" decoding=\"async\" class=\"alignleft wp-image-996 size-full\" title=\"Philippe Lutton\" src=\"http:\/\/blog.senat.fr\/moocs\/wp-content\/uploads\/sites\/4\/2017\/02\/tn-philippe-lutton.png\" width=\"100\" height=\"67\" \/><\/a><\/p>\n<\/div>\n<div style=\"float: left; text-align: center; width: 120px;\">\n<p><a href=\"http:\/\/blog.senat.fr\/moocs\/la-fonction-de-controle\/le-controle-par-les-commissions-et-delegations\/le-controle-par-les-commissions-et-delegations-35\/\"><img loading=\"lazy\" decoding=\"async\" class=\"alignleft wp-image-952 size-full\" title=\"Aude Bornens\" src=\"http:\/\/blog.senat.fr\/moocs\/wp-content\/uploads\/sites\/4\/2017\/02\/tn-aude-bornens.png\" width=\"100\" height=\"67\" \/><\/a><\/p>\n<\/div>\n<div style=\"float: left; text-align: center; width: 120px;\">\n<p><a href=\"http:\/\/blog.senat.fr\/moocs\/la-fonction-de-controle\/le-controle-par-les-commissions-et-delegations\/le-controle-par-les-commissions-et-delegations-55\/\"><img loading=\"lazy\" decoding=\"async\" class=\"alignleft wp-image-986 size-full\" title=\"M\u00e9lanie Giroux\" src=\"http:\/\/blog.senat.fr\/moocs\/wp-content\/uploads\/sites\/4\/2017\/02\/tn-melanie-giroux.png\" width=\"100\" height=\"67\" \/><\/a><\/p>\n<\/div>\n<\/div>\n<div style=\"float: left; width: 10%; height: auto; padding: 0 20px; text-align: right;\"><\/div>\n","protected":false},"excerpt":{"rendered":"<p>Mme Aude Bornens responsable du secr\u00e9tariat de la D\u00e9l\u00e9gation aux entreprises Plan du cours Le contr\u00f4le parlementaire est un des&#8230;  <a class=\"excerpt-read-more\" href=\"https:\/\/blog.senat.fr\/moocs\/la-fonction-de-controle\/le-controle-par-les-commissions-et-delegations\/le-controle-par-les-commissions-et-delegations-35\/\" title=\"Read Le contr\u00f4le du Gouvernement exerc\u00e9 par les d\u00e9l\u00e9gations au S\u00e9nat\">Read more &raquo;<\/a><\/p>\n","protected":false},"author":1,"featured_media":0,"parent":127,"menu_order":3,"comment_status":"closed","ping_status":"closed","template":"full-width.php","meta":{"footnotes":""},"class_list":["post-1277","page","type-page","status-publish","hentry"],"_links":{"self":[{"href":"https:\/\/blog.senat.fr\/moocs\/wp-json\/wp\/v2\/pages\/1277","targetHints":{"allow":["GET"]}}],"collection":[{"href":"https:\/\/blog.senat.fr\/moocs\/wp-json\/wp\/v2\/pages"}],"about":[{"href":"https:\/\/blog.senat.fr\/moocs\/wp-json\/wp\/v2\/types\/page"}],"author":[{"embeddable":true,"href":"https:\/\/blog.senat.fr\/moocs\/wp-json\/wp\/v2\/users\/1"}],"replies":[{"embeddable":true,"href":"https:\/\/blog.senat.fr\/moocs\/wp-json\/wp\/v2\/comments?post=1277"}],"version-history":[{"count":21,"href":"https:\/\/blog.senat.fr\/moocs\/wp-json\/wp\/v2\/pages\/1277\/revisions"}],"predecessor-version":[{"id":2254,"href":"https:\/\/blog.senat.fr\/moocs\/wp-json\/wp\/v2\/pages\/1277\/revisions\/2254"}],"up":[{"embeddable":true,"href":"https:\/\/blog.senat.fr\/moocs\/wp-json\/wp\/v2\/pages\/127"}],"wp:attachment":[{"href":"https:\/\/blog.senat.fr\/moocs\/wp-json\/wp\/v2\/media?parent=1277"}],"curies":[{"name":"wp","href":"https:\/\/api.w.org\/{rel}","templated":true}]}}