{"id":1275,"date":"2017-02-22T15:38:15","date_gmt":"2017-02-22T14:38:15","guid":{"rendered":"http:\/\/blog.senat.fr\/moocs\/?page_id=1275"},"modified":"2024-03-04T17:40:33","modified_gmt":"2024-03-04T16:40:33","slug":"le-controle-par-les-commissions-et-delegations-25","status":"publish","type":"page","link":"https:\/\/blog.senat.fr\/moocs\/la-fonction-de-controle\/le-controle-par-les-commissions-et-delegations\/le-controle-par-les-commissions-et-delegations-25\/","title":{"rendered":"Les travaux de contr\u00f4le de la d\u00e9l\u00e9gation aux collectivit\u00e9s territoriales et \u00e0 la d\u00e9centralisation"},"content":{"rendered":"<div style=\"float: left; width: 70%; height: auto; padding: 0 20px;\"><iframe\n\t\t\t\t\t\t\t\tsrc=\"https:\/\/videos.senat.fr\/iframe.4423871_65e0a7ea903ef\"\n\t\t\t\t\t\t\t\twidth=\"640\" height=\"500\"\n\t\t\t\t\t\t\t\tframeborder=\"0\"\n\t\t\t\t\t\t\t\tallowfullscreen=\"true\"\n\t\t\t\t\t\t\t\tscrolling=\"no\"><\/iframe><\/div>\n<div style=\"float: left; width: 30%; padding: 0 10px;\">\n<h3>M. Philippe Lutton<\/h3>\n<h4>responsable du secr\u00e9tariat de la D\u00e9l\u00e9gation \u00e0 l\u2019Am\u00e9nagement du territoire et des collectivit\u00e9s territoriales<\/h4>\n<\/div>\n<div style=\"clear: both;\"><\/div>\n<hr style=\"width: 80%; color: #c9a96e;\" \/>\n<div style=\"float: left; width: 10%; height: auto; padding: 0 20px; text-align: left;\"><a href=\"http:\/\/blog.senat.fr\/moocs\/la-fonction-de-controle\/\"><img loading=\"lazy\" decoding=\"async\" class=\"alignleft wp-image-451 size-full\" title=\"Retour \u00e0 la page &quot;la fonction de contr\u00f4le&quot;\" src=\"http:\/\/blog.senat.fr\/moocs\/wp-content\/uploads\/sites\/4\/2017\/01\/previous-1.png\" alt=\"Retour \u00e0 la page &quot;la fonction de contr\u00f4le&quot;\" width=\"30\" height=\"30\" \/><\/a><\/div>\n<div style=\"float: left; width: 80%; height: auto; padding: 0 20px;\">\n<h4>Tous les modules de ce cours<\/h4>\n<div style=\"float: left; text-align: center; width: 120px;\">\n<p><a href=\"http:\/\/blog.senat.fr\/moocs\/la-fonction-de-controle\/le-controle-par-les-commissions-et-delegations\/le-controle-par-les-commissions-et-delegations-15\/\"><img loading=\"lazy\" decoding=\"async\" class=\"alignleft wp-image-1828 size-full\" title=\"Romain Godet\" src=\"http:\/\/blog.senat.fr\/moocs\/wp-content\/uploads\/sites\/4\/2017\/03\/tn-romain-godet.png\" alt=\"Romain Godet\" width=\"100\" height=\"67\" \/><\/a><\/p>\n<\/div>\n<div style=\"float: left; text-align: center; width: 120px;\">\n<p><a href=\"http:\/\/blog.senat.fr\/moocs\/la-fonction-de-controle\/le-controle-par-les-commissions-et-delegations\/le-controle-par-les-commissions-et-delegations-25\/\"><img loading=\"lazy\" decoding=\"async\" class=\"alignleft wp-image-996 size-full\" title=\"Philippe Lutton\" src=\"http:\/\/blog.senat.fr\/moocs\/wp-content\/uploads\/sites\/4\/2017\/02\/tn-philippe-lutton.png\" width=\"100\" height=\"67\" \/><\/a><\/p>\n<\/div>\n<div style=\"float: left; text-align: center; width: 120px;\">\n<p><a href=\"http:\/\/blog.senat.fr\/moocs\/la-fonction-de-controle\/le-controle-par-les-commissions-et-delegations\/le-controle-par-les-commissions-et-delegations-35\/\"><img loading=\"lazy\" decoding=\"async\" class=\"alignleft wp-image-952 size-full\" title=\"Aude Bornens\" src=\"http:\/\/blog.senat.fr\/moocs\/wp-content\/uploads\/sites\/4\/2017\/02\/tn-aude-bornens.png\" width=\"100\" height=\"67\" \/><\/a><\/p>\n<\/div>\n<div style=\"float: left; text-align: center; width: 120px;\">\n<p><a href=\"http:\/\/blog.senat.fr\/moocs\/la-fonction-de-controle\/le-controle-par-les-commissions-et-delegations\/le-controle-par-les-commissions-et-delegations-55\/\"><img loading=\"lazy\" decoding=\"async\" class=\"alignleft wp-image-986 size-full\" title=\"M\u00e9lanie Giroux\" src=\"http:\/\/blog.senat.fr\/moocs\/wp-content\/uploads\/sites\/4\/2017\/02\/tn-melanie-giroux.png\" width=\"100\" height=\"67\" \/><\/a><\/p>\n<\/div>\n<\/div>\n<div style=\"float: left; width: 10%; height: auto; padding: 0 20px; text-align: right;\"><\/div>\n","protected":false},"excerpt":{"rendered":"<p>M. Philippe Lutton responsable du secr\u00e9tariat de la D\u00e9l\u00e9gation \u00e0 l\u2019Am\u00e9nagement du territoire et des collectivit\u00e9s territoriales Tous les modules&#8230;  <a class=\"excerpt-read-more\" href=\"https:\/\/blog.senat.fr\/moocs\/la-fonction-de-controle\/le-controle-par-les-commissions-et-delegations\/le-controle-par-les-commissions-et-delegations-25\/\" title=\"Read Les travaux de contr\u00f4le de la d\u00e9l\u00e9gation aux collectivit\u00e9s territoriales et \u00e0 la d\u00e9centralisation\">Read more &raquo;<\/a><\/p>\n","protected":false},"author":1,"featured_media":0,"parent":127,"menu_order":2,"comment_status":"closed","ping_status":"closed","template":"full-width.php","meta":{"footnotes":""},"class_list":["post-1275","page","type-page","status-publish","hentry"],"_links":{"self":[{"href":"https:\/\/blog.senat.fr\/moocs\/wp-json\/wp\/v2\/pages\/1275","targetHints":{"allow":["GET"]}}],"collection":[{"href":"https:\/\/blog.senat.fr\/moocs\/wp-json\/wp\/v2\/pages"}],"about":[{"href":"https:\/\/blog.senat.fr\/moocs\/wp-json\/wp\/v2\/types\/page"}],"author":[{"embeddable":true,"href":"https:\/\/blog.senat.fr\/moocs\/wp-json\/wp\/v2\/users\/1"}],"replies":[{"embeddable":true,"href":"https:\/\/blog.senat.fr\/moocs\/wp-json\/wp\/v2\/comments?post=1275"}],"version-history":[{"count":15,"href":"https:\/\/blog.senat.fr\/moocs\/wp-json\/wp\/v2\/pages\/1275\/revisions"}],"predecessor-version":[{"id":2252,"href":"https:\/\/blog.senat.fr\/moocs\/wp-json\/wp\/v2\/pages\/1275\/revisions\/2252"}],"up":[{"embeddable":true,"href":"https:\/\/blog.senat.fr\/moocs\/wp-json\/wp\/v2\/pages\/127"}],"wp:attachment":[{"href":"https:\/\/blog.senat.fr\/moocs\/wp-json\/wp\/v2\/media?parent=1275"}],"curies":[{"name":"wp","href":"https:\/\/api.w.org\/{rel}","templated":true}]}}