{"id":1273,"date":"2017-02-22T15:36:49","date_gmt":"2017-02-22T14:36:49","guid":{"rendered":"http:\/\/blog.senat.fr\/moocs\/?page_id=1273"},"modified":"2024-03-04T17:39:00","modified_gmt":"2024-03-04T16:39:00","slug":"le-controle-par-les-commissions-et-delegations-15","status":"publish","type":"page","link":"https:\/\/blog.senat.fr\/moocs\/la-fonction-de-controle\/le-controle-par-les-commissions-et-delegations\/le-controle-par-les-commissions-et-delegations-15\/","title":{"rendered":"Les activit\u00e9s de contr\u00f4le men\u00e9es par les structures temporaires des commissions (commissions d&rsquo;enqu\u00eate et missions d&rsquo;information)"},"content":{"rendered":"<div style=\"float: left; width: 70%; height: auto; padding: 0 20px;\"><iframe\n\t\t\t\t\t\t\t\tsrc=\"https:\/\/videos.senat.fr\/iframe.4423931_65e0a81944fe5\"\n\t\t\t\t\t\t\t\twidth=\"640\" height=\"500\"\n\t\t\t\t\t\t\t\tframeborder=\"0\"\n\t\t\t\t\t\t\t\tallowfullscreen=\"true\"\n\t\t\t\t\t\t\t\tscrolling=\"no\"><\/iframe><\/div>\n<div style=\"float: left; width: 30%; padding: 0 10px;\">\n<h3>M. Romain Godet<\/h3>\n<h4>administrateur \u00e0 la Commission des Affaires \u00e9conomiques<\/h4>\n<\/div>\n<div style=\"clear: both;\"><\/div>\n<div style=\"border-radius: 25px; background: #eeeded; padding: 25px; font-size: 0.9em; line-height: 1.2em;\">\n<h3>Plan du cours<\/h3>\n<p>Les diff\u00e9rences entre commission d\u2019enqu\u00eate et mission d\u2019information : l\u2019objet, la constitution, les pr\u00e9rogatives d\u2019investigation \u2022 Des r\u00e8gles communes de fonctionnement et de travail : les organes internes, les modalit\u00e9s de recueil de l\u2019information, le rapport \u2022 Apr\u00e8s les travaux : le d\u00e9bat en s\u00e9ance publique, le d\u00e9p\u00f4t d\u2019une proposition de loi.<\/p>\n<\/div>\n<hr style=\"width: 80%; color: #c9a96e;\" \/>\n<div style=\"float: left; width: 10%; height: auto; padding: 0 20px; text-align: left;\"><a href=\"http:\/\/blog.senat.fr\/moocs\/la-fonction-de-controle\/\"><img loading=\"lazy\" decoding=\"async\" class=\"alignleft wp-image-451 size-full\" title=\"Retour \u00e0 la page &quot;la fonction de contr\u00f4le&quot;\" src=\"http:\/\/blog.senat.fr\/moocs\/wp-content\/uploads\/sites\/4\/2017\/01\/previous-1.png\" alt=\"Retour \u00e0 la page &quot;la fonction de contr\u00f4le&quot;\" width=\"30\" height=\"30\" \/><\/a><\/div>\n<div style=\"float: left; width: 80%; height: auto; padding: 0 20px;\">\n<h4>Tous les modules de ce cours<\/h4>\n<div style=\"float: left; text-align: center; width: 120px;\">\n<p><a href=\"http:\/\/blog.senat.fr\/moocs\/la-fonction-de-controle\/le-controle-par-les-commissions-et-delegations\/le-controle-par-les-commissions-et-delegations-15\/\"><img loading=\"lazy\" decoding=\"async\" class=\"alignleft wp-image-1828 size-full\" title=\"Romain Godet\" src=\"http:\/\/blog.senat.fr\/moocs\/wp-content\/uploads\/sites\/4\/2017\/03\/tn-romain-godet.png\" alt=\"Romain Godet\" width=\"100\" height=\"67\" \/><\/a><\/p>\n<\/div>\n<div style=\"float: left; text-align: center; width: 120px;\">\n<p><a href=\"http:\/\/blog.senat.fr\/moocs\/la-fonction-de-controle\/le-controle-par-les-commissions-et-delegations\/le-controle-par-les-commissions-et-delegations-25\/\"><img loading=\"lazy\" decoding=\"async\" class=\"alignleft wp-image-996 size-full\" title=\"Philippe Lutton\" src=\"http:\/\/blog.senat.fr\/moocs\/wp-content\/uploads\/sites\/4\/2017\/02\/tn-philippe-lutton.png\" width=\"100\" height=\"67\" \/><\/a><\/p>\n<\/div>\n<div style=\"float: left; text-align: center; width: 120px;\">\n<p><a href=\"http:\/\/blog.senat.fr\/moocs\/la-fonction-de-controle\/le-controle-par-les-commissions-et-delegations\/le-controle-par-les-commissions-et-delegations-35\/\"><img loading=\"lazy\" decoding=\"async\" class=\"alignleft wp-image-952 size-full\" title=\"Aude Bornens\" src=\"http:\/\/blog.senat.fr\/moocs\/wp-content\/uploads\/sites\/4\/2017\/02\/tn-aude-bornens.png\" width=\"100\" height=\"67\" \/><\/a><\/p>\n<\/div>\n<div style=\"float: left; text-align: center; width: 120px;\">\n<p><a href=\"http:\/\/blog.senat.fr\/moocs\/la-fonction-de-controle\/le-controle-par-les-commissions-et-delegations\/le-controle-par-les-commissions-et-delegations-55\/\"><img loading=\"lazy\" decoding=\"async\" class=\"alignleft wp-image-986 size-full\" title=\"M\u00e9lanie Giroux\" src=\"http:\/\/blog.senat.fr\/moocs\/wp-content\/uploads\/sites\/4\/2017\/02\/tn-melanie-giroux.png\" width=\"100\" height=\"67\" \/><\/a><\/p>\n<\/div>\n<\/div>\n<div style=\"float: left; width: 10%; height: auto; padding: 0 20px; text-align: right;\"><\/div>\n","protected":false},"excerpt":{"rendered":"<p>M. Romain Godet administrateur \u00e0 la Commission des Affaires \u00e9conomiques Plan du cours Les diff\u00e9rences entre commission d\u2019enqu\u00eate et mission&#8230;  <a class=\"excerpt-read-more\" href=\"https:\/\/blog.senat.fr\/moocs\/la-fonction-de-controle\/le-controle-par-les-commissions-et-delegations\/le-controle-par-les-commissions-et-delegations-15\/\" title=\"Read Les activit\u00e9s de contr\u00f4le men\u00e9es par les structures temporaires des commissions (commissions d&rsquo;enqu\u00eate et missions d&rsquo;information)\">Read more &raquo;<\/a><\/p>\n","protected":false},"author":1,"featured_media":0,"parent":127,"menu_order":1,"comment_status":"closed","ping_status":"closed","template":"full-width.php","meta":{"footnotes":""},"class_list":["post-1273","page","type-page","status-publish","hentry"],"_links":{"self":[{"href":"https:\/\/blog.senat.fr\/moocs\/wp-json\/wp\/v2\/pages\/1273","targetHints":{"allow":["GET"]}}],"collection":[{"href":"https:\/\/blog.senat.fr\/moocs\/wp-json\/wp\/v2\/pages"}],"about":[{"href":"https:\/\/blog.senat.fr\/moocs\/wp-json\/wp\/v2\/types\/page"}],"author":[{"embeddable":true,"href":"https:\/\/blog.senat.fr\/moocs\/wp-json\/wp\/v2\/users\/1"}],"replies":[{"embeddable":true,"href":"https:\/\/blog.senat.fr\/moocs\/wp-json\/wp\/v2\/comments?post=1273"}],"version-history":[{"count":15,"href":"https:\/\/blog.senat.fr\/moocs\/wp-json\/wp\/v2\/pages\/1273\/revisions"}],"predecessor-version":[{"id":2251,"href":"https:\/\/blog.senat.fr\/moocs\/wp-json\/wp\/v2\/pages\/1273\/revisions\/2251"}],"up":[{"embeddable":true,"href":"https:\/\/blog.senat.fr\/moocs\/wp-json\/wp\/v2\/pages\/127"}],"wp:attachment":[{"href":"https:\/\/blog.senat.fr\/moocs\/wp-json\/wp\/v2\/media?parent=1273"}],"curies":[{"name":"wp","href":"https:\/\/api.w.org\/{rel}","templated":true}]}}