{"id":1271,"date":"2017-02-22T15:35:25","date_gmt":"2017-02-22T14:35:25","guid":{"rendered":"http:\/\/blog.senat.fr\/moocs\/?page_id=1271"},"modified":"2024-03-04T17:37:16","modified_gmt":"2024-03-04T16:37:16","slug":"le-controle-du-gouvernement-en-seance-publique-et-les-questions-33","status":"publish","type":"page","link":"https:\/\/blog.senat.fr\/moocs\/la-fonction-de-controle\/le-controle-du-gouvernement-en-seance-publique-et-les-questions\/le-controle-du-gouvernement-en-seance-publique-et-les-questions-33\/","title":{"rendered":"Les questions \u00e9crites, orales et d&rsquo;actualit\u00e9"},"content":{"rendered":"<div style=\"float: left; width: 70%; height: auto; padding: 0 20px;\"><iframe\n\t\t\t\t\t\t\t\tsrc=\"https:\/\/videos.senat.fr\/iframe.4423042_65e0a5231dc7a\"\n\t\t\t\t\t\t\t\twidth=\"640\" height=\"500\"\n\t\t\t\t\t\t\t\tframeborder=\"0\"\n\t\t\t\t\t\t\t\tallowfullscreen=\"true\"\n\t\t\t\t\t\t\t\tscrolling=\"no\"><\/iframe><\/div>\n<div style=\"float: left; width: 30%; padding: 0 10px;\">\n<h3>Mme Anne Saulay<\/h3>\n<h4>responsable de la Division des Questions et du contr\u00f4le en s\u00e9ance<\/h4>\n<h3>M. Jean de La Rochefoucauld et Mme H\u00e9l\u00e8ne Sala\u00fcn<\/h3>\n<h4>membres de la Division des Questions et du contr\u00f4le en s\u00e9ance<\/h4>\n<\/div>\n<div style=\"clear: both;\"><\/div>\n<div style=\"border-radius: 25px; background: #eeeded; padding: 25px; font-size: 0.9em; line-height: 1.2em;\">\n<h3>Plan du cours<\/h3>\n<p>Les questions : le c\u0153ur d&rsquo;activit\u00e9 \u2022 Les questions \u00e9crites : dans le r\u00e8glement du S\u00e9nat, la spectaculaire augmentation du nombre de questions \u00e9crites pos\u00e9es par les parlementaires depuis 1958, l&rsquo;allongement corr\u00e9latif des d\u00e9lais, la port\u00e9e juridique des QE \u2022 Les questions orales : des questions \u00e9crites discut\u00e9es en s\u00e9ance, appr\u00e9ci\u00e9es des s\u00e9nateurs mais moins utilis\u00e9 qu\u2019auparavant \u2022 Les questions d\u2019actualit\u00e9 au Gouvernement : des s\u00e9ances de questions plus nombreuses qu&rsquo;auparavant, une r\u00e9partition \u00e9quitable des questions entre les groupes, une attractivit\u00e9 accrue par un droit de r\u00e9plique.<\/p>\n<\/div>\n<hr style=\"width: 80%; color: #c9a96e;\" \/>\n<div style=\"float: left; width: 10%; height: auto; padding: 0 20px; text-align: left;\"><a href=\"http:\/\/blog.senat.fr\/moocs\/la-fonction-de-controle\/\"><img loading=\"lazy\" decoding=\"async\" class=\"alignleft wp-image-451 size-full\" title=\"Retour \u00e0 la page &quot;la fonction de contr\u00f4le&quot;\" src=\"http:\/\/blog.senat.fr\/moocs\/wp-content\/uploads\/sites\/4\/2017\/01\/previous-1.png\" alt=\"Retour \u00e0 la page &quot;la fonction de contr\u00f4le&quot;\" width=\"30\" height=\"30\" \/><\/a><\/div>\n<div style=\"float: left; width: 80%; height: auto; padding: 0 20px;\">\n<h4>Tous les modules de ce cours<\/h4>\n<div style=\"float: left; text-align: center; width: 120px;\">\n<p><a href=\"http:\/\/blog.senat.fr\/moocs\/la-fonction-de-controle\/le-controle-du-gouvernement-en-seance-publique-et-les-questions\/le-controle-du-gouvernement-en-seance-publique-et-les-questions-13\/\"><img loading=\"lazy\" decoding=\"async\" class=\"alignleft wp-image-963 size-full\" title=\"\u00c9ric Tavernier\" src=\"http:\/\/blog.senat.fr\/moocs\/wp-content\/uploads\/sites\/4\/2017\/02\/tn-eric-tavernier.png\" width=\"100\" height=\"67\" \/><\/a><\/p>\n<\/div>\n<div style=\"float: left; text-align: center; width: 120px;\">\n<p><a href=\"http:\/\/blog.senat.fr\/moocs\/la-fonction-de-controle\/le-controle-du-gouvernement-en-seance-publique-et-les-questions\/le-controle-du-gouvernement-en-seance-publique-et-les-questions-33\/\"><img loading=\"lazy\" decoding=\"async\" class=\"alignleft wp-image-2042 size-full\" title=\"Anne Saulay\" src=\"http:\/\/blog.senat.fr\/moocs\/wp-content\/uploads\/sites\/4\/2017\/05\/tn-questions-ecrites-orales.jpg\" alt=\"\" width=\"100\" height=\"67\" \/><\/a><\/p>\n<\/div>\n<\/div>\n<div style=\"float: left; width: 10%; height: auto; padding: 0 20px; text-align: right;\"><\/div>\n","protected":false},"excerpt":{"rendered":"<p>Mme Anne Saulay responsable de la Division des Questions et du contr\u00f4le en s\u00e9ance M. Jean de La Rochefoucauld et&#8230;  <a class=\"excerpt-read-more\" href=\"https:\/\/blog.senat.fr\/moocs\/la-fonction-de-controle\/le-controle-du-gouvernement-en-seance-publique-et-les-questions\/le-controle-du-gouvernement-en-seance-publique-et-les-questions-33\/\" title=\"Read Les questions \u00e9crites, orales et d&rsquo;actualit\u00e9\">Read more &raquo;<\/a><\/p>\n","protected":false},"author":1,"featured_media":0,"parent":125,"menu_order":3,"comment_status":"closed","ping_status":"closed","template":"full-width.php","meta":{"footnotes":""},"class_list":["post-1271","page","type-page","status-publish","hentry"],"_links":{"self":[{"href":"https:\/\/blog.senat.fr\/moocs\/wp-json\/wp\/v2\/pages\/1271","targetHints":{"allow":["GET"]}}],"collection":[{"href":"https:\/\/blog.senat.fr\/moocs\/wp-json\/wp\/v2\/pages"}],"about":[{"href":"https:\/\/blog.senat.fr\/moocs\/wp-json\/wp\/v2\/types\/page"}],"author":[{"embeddable":true,"href":"https:\/\/blog.senat.fr\/moocs\/wp-json\/wp\/v2\/users\/1"}],"replies":[{"embeddable":true,"href":"https:\/\/blog.senat.fr\/moocs\/wp-json\/wp\/v2\/comments?post=1271"}],"version-history":[{"count":13,"href":"https:\/\/blog.senat.fr\/moocs\/wp-json\/wp\/v2\/pages\/1271\/revisions"}],"predecessor-version":[{"id":2250,"href":"https:\/\/blog.senat.fr\/moocs\/wp-json\/wp\/v2\/pages\/1271\/revisions\/2250"}],"up":[{"embeddable":true,"href":"https:\/\/blog.senat.fr\/moocs\/wp-json\/wp\/v2\/pages\/125"}],"wp:attachment":[{"href":"https:\/\/blog.senat.fr\/moocs\/wp-json\/wp\/v2\/media?parent=1271"}],"curies":[{"name":"wp","href":"https:\/\/api.w.org\/{rel}","templated":true}]}}