{"id":1266,"date":"2017-02-22T15:34:06","date_gmt":"2017-02-22T14:34:06","guid":{"rendered":"http:\/\/blog.senat.fr\/moocs\/?page_id=1266"},"modified":"2024-03-04T17:36:05","modified_gmt":"2024-03-04T16:36:05","slug":"le-controle-du-gouvernement-en-seance-publique-et-les-questions-13","status":"publish","type":"page","link":"https:\/\/blog.senat.fr\/moocs\/la-fonction-de-controle\/le-controle-du-gouvernement-en-seance-publique-et-les-questions\/le-controle-du-gouvernement-en-seance-publique-et-les-questions-13\/","title":{"rendered":"Le contr\u00f4le et l&rsquo;\u00e9valuation en s\u00e9ance et en commission"},"content":{"rendered":"<div style=\"float: left; width: 70%; height: auto; padding: 0 20px;\">\n<div style=\"position: relative; padding-bottom: 56.25%; height: 0; overflow: hidden;\"><iframe\n\t\t\t\t\t\t\t\tsrc=\"https:\/\/videos.senat.fr\/iframe.4425522_65e0b94f24aab\"\n\t\t\t\t\t\t\t\twidth=\"640\" height=\"500\"\n\t\t\t\t\t\t\t\tframeborder=\"0\"\n\t\t\t\t\t\t\t\tallowfullscreen=\"true\"\n\t\t\t\t\t\t\t\tscrolling=\"no\"><\/iframe><\/div>\n<\/div>\n<div style=\"float: left; width: 30%; padding: 0 10px;\">\n<h3>M. Eric Tavernier<\/h3>\n<h4>directeur g\u00e9n\u00e9ral des Missions institutionnelles<\/h4>\n<\/div>\n<div style=\"clear: both;\"><\/div>\n<hr style=\"width: 80%; color: #c9a96e;\" \/>\n<div style=\"float: left; width: 10%; height: auto; padding: 0 20px; text-align: left;\"><a href=\"http:\/\/blog.senat.fr\/moocs\/la-fonction-de-controle\/\"><img loading=\"lazy\" decoding=\"async\" class=\"alignleft wp-image-451 size-full\" title=\"Retour \u00e0 la page &quot;la fonction de contr\u00f4le&quot;\" src=\"http:\/\/blog.senat.fr\/moocs\/wp-content\/uploads\/sites\/4\/2017\/01\/previous-1.png\" alt=\"Retour \u00e0 la page &quot;la fonction de contr\u00f4le&quot;\" width=\"30\" height=\"30\" \/><\/a><\/div>\n<div style=\"float: left; width: 80%; height: auto; padding: 0 20px;\">\n<h4>Tous les modules de ce cours<\/h4>\n<div style=\"float: left; text-align: center; width: 120px;\">\n<p><a href=\"http:\/\/blog.senat.fr\/moocs\/la-fonction-de-controle\/le-controle-du-gouvernement-en-seance-publique-et-les-questions\/le-controle-du-gouvernement-en-seance-publique-et-les-questions-13\/\"><img loading=\"lazy\" decoding=\"async\" class=\"alignleft wp-image-963 size-full\" title=\"\u00c9ric Tavernier\" src=\"http:\/\/blog.senat.fr\/moocs\/wp-content\/uploads\/sites\/4\/2017\/02\/tn-eric-tavernier.png\" width=\"100\" height=\"67\" \/><\/a><\/p>\n<\/div>\n<div style=\"float: left; text-align: center; width: 120px;\">\n<p><a href=\"http:\/\/blog.senat.fr\/moocs\/la-fonction-de-controle\/le-controle-du-gouvernement-en-seance-publique-et-les-questions\/le-controle-du-gouvernement-en-seance-publique-et-les-questions-33\/\"><img loading=\"lazy\" decoding=\"async\" class=\"alignleft wp-image-2042 size-full\" title=\"Anne Saulay\" src=\"http:\/\/blog.senat.fr\/moocs\/wp-content\/uploads\/sites\/4\/2017\/05\/tn-questions-ecrites-orales.jpg\" alt=\"\" width=\"100\" height=\"67\" \/><\/a><\/p>\n<\/div>\n<\/div>\n<div style=\"float: left; width: 10%; height: auto; padding: 0 20px; text-align: right;\"><\/div>\n","protected":false},"excerpt":{"rendered":"<p>M. Eric Tavernier directeur g\u00e9n\u00e9ral des Missions institutionnelles Tous les modules de ce cours<\/p>\n","protected":false},"author":1,"featured_media":0,"parent":125,"menu_order":1,"comment_status":"closed","ping_status":"closed","template":"full-width.php","meta":{"footnotes":""},"class_list":["post-1266","page","type-page","status-publish","hentry"],"_links":{"self":[{"href":"https:\/\/blog.senat.fr\/moocs\/wp-json\/wp\/v2\/pages\/1266","targetHints":{"allow":["GET"]}}],"collection":[{"href":"https:\/\/blog.senat.fr\/moocs\/wp-json\/wp\/v2\/pages"}],"about":[{"href":"https:\/\/blog.senat.fr\/moocs\/wp-json\/wp\/v2\/types\/page"}],"author":[{"embeddable":true,"href":"https:\/\/blog.senat.fr\/moocs\/wp-json\/wp\/v2\/users\/1"}],"replies":[{"embeddable":true,"href":"https:\/\/blog.senat.fr\/moocs\/wp-json\/wp\/v2\/comments?post=1266"}],"version-history":[{"count":16,"href":"https:\/\/blog.senat.fr\/moocs\/wp-json\/wp\/v2\/pages\/1266\/revisions"}],"predecessor-version":[{"id":2249,"href":"https:\/\/blog.senat.fr\/moocs\/wp-json\/wp\/v2\/pages\/1266\/revisions\/2249"}],"up":[{"embeddable":true,"href":"https:\/\/blog.senat.fr\/moocs\/wp-json\/wp\/v2\/pages\/125"}],"wp:attachment":[{"href":"https:\/\/blog.senat.fr\/moocs\/wp-json\/wp\/v2\/media?parent=1266"}],"curies":[{"name":"wp","href":"https:\/\/api.w.org\/{rel}","templated":true}]}}