{"id":1262,"date":"2017-02-22T15:20:46","date_gmt":"2017-02-22T14:20:46","guid":{"rendered":"http:\/\/blog.senat.fr\/moocs\/?page_id=1262"},"modified":"2024-03-04T17:25:45","modified_gmt":"2024-03-04T16:25:45","slug":"les-lois-de-financement-de-la-securite-sociale-12","status":"publish","type":"page","link":"https:\/\/blog.senat.fr\/moocs\/la-fonction-legislative\/les-lois-de-financement-de-la-securite-sociale\/les-lois-de-financement-de-la-securite-sociale-12\/","title":{"rendered":"Les lois de financement de la s\u00e9curit\u00e9 sociale"},"content":{"rendered":"<div style=\"float: left; width: 70%; height: auto; padding: 0 20px;\"><iframe\n\t\t\t\t\t\t\t\tsrc=\"https:\/\/videos.senat.fr\/iframe.4424251_65e0a962d0012\"\n\t\t\t\t\t\t\t\twidth=\"640\" height=\"500\"\n\t\t\t\t\t\t\t\tframeborder=\"0\"\n\t\t\t\t\t\t\t\tallowfullscreen=\"true\"\n\t\t\t\t\t\t\t\tscrolling=\"no\"><\/iframe><\/div>\n<div style=\"float: left; width: 30%; padding: 0 10px;\">\n<h3>M. \u00c9tienne Sallenave<\/h3>\n<h4>chef du service de la commission des Affaires sociales<\/h4>\n<\/div>\n<div style=\"clear: both;\"><\/div>\n<div style=\"border-radius: 25px; background: #eeeded; padding: 25px; font-size: 0.9em; line-height: 1.2em;\">\n<h3>Plan du cours<\/h3>\n<p>D\u00e9finition (art. 34 de la Constitution) \u2022 Historique, objectifs \u2022 Lois de finances \/ lois de financement : analogies et diff\u00e9rences \u2022 Champ d\u2019application financier : r\u00e9gimes et organismes couverts, domaines non couverts \u2022 La proc\u00e9dure : d\u00e9p\u00f4t, d\u00e9lais, proc\u00e9dure acc\u00e9l\u00e9r\u00e9e de droit \u2022 L\u2019examen au S\u00e9nat et sa pr\u00e9paration : RG, rapporteurs de branche, avis finances, auditions<\/p>\n<\/div>\n<hr style=\"width: 80%; color: #c9a96e;\" \/>\n<div style=\"float: left; width: 10%; height: auto; padding: 0 20px; text-align: left;\"><a href=\"http:\/\/blog.senat.fr\/moocs\/la-fonction-legislative\/\"><img loading=\"lazy\" decoding=\"async\" class=\"alignleft wp-image-451 size-full\" title=\"Retour \u00e0 la page &quot;la fonction l\u00e9gislative&quot;\" src=\"http:\/\/blog.senat.fr\/moocs\/wp-content\/uploads\/sites\/4\/2017\/01\/previous-1.png\" alt=\"Retour \u00e0 la page &quot;la fonction l\u00e9gislative&quot;\" width=\"30\" height=\"30\" \/><\/a><\/div>\n<div style=\"float: left; width: 80%; height: auto; padding: 0 20px;\">\n<h4>Tous les modules de ce cours<\/h4>\n<div style=\"float: left; text-align: center; width: 120px;\">\n<p><a href=\"http:\/\/blog.senat.fr\/moocs\/la-fonction-legislative\/les-lois-de-financement-de-la-securite-sociale\/les-lois-de-financement-de-la-securite-sociale-12\/\"><img loading=\"lazy\" decoding=\"async\" class=\"alignleft wp-image-964 size-full\" title=\"\u00c9tienne Sallenave\" src=\"http:\/\/blog.senat.fr\/moocs\/wp-content\/uploads\/sites\/4\/2017\/02\/tn-etienne-sallenave.png\" width=\"100\" height=\"67\" \/><\/a><\/p>\n<\/div>\n<div style=\"float: left; text-align: center; width: 120px;\">\n<p><a href=\"http:\/\/blog.senat.fr\/moocs\/la-fonction-legislative\/les-lois-de-financement-de-la-securite-sociale\/les-lois-de-financement-de-la-securite-sociale-22\/\"><img loading=\"lazy\" decoding=\"async\" class=\"alignleft wp-image-959 size-full\" title=\"Delphine Mancel\" src=\"http:\/\/blog.senat.fr\/moocs\/wp-content\/uploads\/sites\/4\/2017\/02\/tn-delphine-mancel.png\" width=\"100\" height=\"67\" \/><\/a><\/p>\n<\/div>\n<\/div>\n<div style=\"float: left; width: 10%; height: auto; padding: 0 20px; text-align: right;\"><\/div>\n","protected":false},"excerpt":{"rendered":"<p>M. \u00c9tienne Sallenave chef du service de la commission des Affaires sociales Plan du cours D\u00e9finition (art. 34 de la&#8230;  <a class=\"excerpt-read-more\" href=\"https:\/\/blog.senat.fr\/moocs\/la-fonction-legislative\/les-lois-de-financement-de-la-securite-sociale\/les-lois-de-financement-de-la-securite-sociale-12\/\" title=\"Read Les lois de financement de la s\u00e9curit\u00e9 sociale\">Read more &raquo;<\/a><\/p>\n","protected":false},"author":1,"featured_media":0,"parent":121,"menu_order":1,"comment_status":"closed","ping_status":"closed","template":"full-width.php","meta":{"footnotes":""},"class_list":["post-1262","page","type-page","status-publish","hentry"],"_links":{"self":[{"href":"https:\/\/blog.senat.fr\/moocs\/wp-json\/wp\/v2\/pages\/1262","targetHints":{"allow":["GET"]}}],"collection":[{"href":"https:\/\/blog.senat.fr\/moocs\/wp-json\/wp\/v2\/pages"}],"about":[{"href":"https:\/\/blog.senat.fr\/moocs\/wp-json\/wp\/v2\/types\/page"}],"author":[{"embeddable":true,"href":"https:\/\/blog.senat.fr\/moocs\/wp-json\/wp\/v2\/users\/1"}],"replies":[{"embeddable":true,"href":"https:\/\/blog.senat.fr\/moocs\/wp-json\/wp\/v2\/comments?post=1262"}],"version-history":[{"count":7,"href":"https:\/\/blog.senat.fr\/moocs\/wp-json\/wp\/v2\/pages\/1262\/revisions"}],"predecessor-version":[{"id":2246,"href":"https:\/\/blog.senat.fr\/moocs\/wp-json\/wp\/v2\/pages\/1262\/revisions\/2246"}],"up":[{"embeddable":true,"href":"https:\/\/blog.senat.fr\/moocs\/wp-json\/wp\/v2\/pages\/121"}],"wp:attachment":[{"href":"https:\/\/blog.senat.fr\/moocs\/wp-json\/wp\/v2\/media?parent=1262"}],"curies":[{"name":"wp","href":"https:\/\/api.w.org\/{rel}","templated":true}]}}