{"id":1256,"date":"2017-02-22T15:18:52","date_gmt":"2017-02-22T14:18:52","guid":{"rendered":"http:\/\/blog.senat.fr\/moocs\/?page_id=1256"},"modified":"2024-03-04T17:23:27","modified_gmt":"2024-03-04T16:23:27","slug":"le-controle-de-constitutionnalite-22","status":"publish","type":"page","link":"https:\/\/blog.senat.fr\/moocs\/la-fonction-legislative\/le-controle-de-constitutionnalite\/le-controle-de-constitutionnalite-22\/","title":{"rendered":"Le contr\u00f4le de constitutionnalit\u00e9 en France"},"content":{"rendered":"<div style=\"float: left; width: 70%; height: auto; padding: 0 20px;\"><iframe\n\t\t\t\t\t\t\t\tsrc=\"https:\/\/videos.senat.fr\/iframe.4422861_65e0a494494c4\"\n\t\t\t\t\t\t\t\twidth=\"640\" height=\"500\"\n\t\t\t\t\t\t\t\tframeborder=\"0\"\n\t\t\t\t\t\t\t\tallowfullscreen=\"true\"\n\t\t\t\t\t\t\t\tscrolling=\"no\"><\/iframe><\/div>\n<div style=\"float: left; width: 30%; padding: 0 10px;\">\n<h3>M. S\u00e9bastien Miller<\/h3>\n<h4>administrateur mis \u00e0 disposition du Conseil constitutionnel<\/h4>\n<\/div>\n<div style=\"clear: both;\"><\/div>\n<div style=\"border-radius: 25px; background: #eeeded; padding: 25px; font-size: 0.9em; line-height: 1.2em;\">\n<h3>Plan du cours<\/h3>\n<p>D\u00e9finition du contr\u00f4le de constitutionnalit\u00e9 et notions-cl\u00e9s \u2022 La hi\u00e9rarchie des normes \u2022 Le contenu d\u2019une Constitution \u2022 Le contr\u00f4le a priori et le contr\u00f4le a posteriori \u2022 Le Conseil constitutionnel \u2022 Les pr\u00e9mices \u2022 Composition, organisation et fonctionnement du Conseil constitutionnel \u2022 L\u2019affirmation du contr\u00f4le de constitutionnalit\u00e9 \u2022 Les apports de la jurisprudentielle constitutionnelle \u2022 L\u2019autorit\u00e9 des d\u00e9cisions du Conseil constitutionnel \u2022<\/p>\n<\/div>\n<hr style=\"width: 80%; color: #c9a96e;\" \/>\n<div style=\"float: left; width: 10%; height: auto; padding: 0 20px; text-align: left;\"><a href=\"http:\/\/blog.senat.fr\/moocs\/la-fonction-legislative\/\"><img loading=\"lazy\" decoding=\"async\" class=\"alignleft wp-image-451 size-full\" title=\"Retour \u00e0 la page &quot;la fonction l\u00e9gislative&quot;\" src=\"http:\/\/blog.senat.fr\/moocs\/wp-content\/uploads\/sites\/4\/2017\/01\/previous-1.png\" alt=\"Retour \u00e0 la page &quot;la fonction l\u00e9gislative&quot;\" width=\"30\" height=\"30\" \/><\/a><\/div>\n<div style=\"float: left; width: 80%; height: auto; padding: 0 20px;\">\n<h4>Tous les modules de ce cours<\/h4>\n<div style=\"float: left; text-align: center; width: 120px;\">\n<p><a href=\"http:\/\/blog.senat.fr\/moocs\/la-fonction-legislative\/le-controle-de-constitutionnalite\/le-controle-de-constitutionnalite-22\/\"><img loading=\"lazy\" decoding=\"async\" class=\"alignleft wp-image-1000 size-full\" title=\"S\u00e9bastien Miller\" src=\"http:\/\/blog.senat.fr\/moocs\/wp-content\/uploads\/sites\/4\/2017\/02\/tn-sebastien-miller.png\" width=\"100\" height=\"67\" \/><\/a><\/p>\n<\/div>\n<\/div>\n<div style=\"float: left; width: 10%; height: auto; padding: 0 20px; text-align: right;\"><\/div>\n","protected":false},"excerpt":{"rendered":"<p>M. S\u00e9bastien Miller administrateur mis \u00e0 disposition du Conseil constitutionnel Plan du cours D\u00e9finition du contr\u00f4le de constitutionnalit\u00e9 et notions-cl\u00e9s&#8230;  <a class=\"excerpt-read-more\" href=\"https:\/\/blog.senat.fr\/moocs\/la-fonction-legislative\/le-controle-de-constitutionnalite\/le-controle-de-constitutionnalite-22\/\" title=\"Read Le contr\u00f4le de constitutionnalit\u00e9 en France\">Read more &raquo;<\/a><\/p>\n","protected":false},"author":1,"featured_media":0,"parent":117,"menu_order":2,"comment_status":"closed","ping_status":"closed","template":"full-width.php","meta":{"footnotes":""},"class_list":["post-1256","page","type-page","status-publish","hentry"],"_links":{"self":[{"href":"https:\/\/blog.senat.fr\/moocs\/wp-json\/wp\/v2\/pages\/1256","targetHints":{"allow":["GET"]}}],"collection":[{"href":"https:\/\/blog.senat.fr\/moocs\/wp-json\/wp\/v2\/pages"}],"about":[{"href":"https:\/\/blog.senat.fr\/moocs\/wp-json\/wp\/v2\/types\/page"}],"author":[{"embeddable":true,"href":"https:\/\/blog.senat.fr\/moocs\/wp-json\/wp\/v2\/users\/1"}],"replies":[{"embeddable":true,"href":"https:\/\/blog.senat.fr\/moocs\/wp-json\/wp\/v2\/comments?post=1256"}],"version-history":[{"count":9,"href":"https:\/\/blog.senat.fr\/moocs\/wp-json\/wp\/v2\/pages\/1256\/revisions"}],"predecessor-version":[{"id":2244,"href":"https:\/\/blog.senat.fr\/moocs\/wp-json\/wp\/v2\/pages\/1256\/revisions\/2244"}],"up":[{"embeddable":true,"href":"https:\/\/blog.senat.fr\/moocs\/wp-json\/wp\/v2\/pages\/117"}],"wp:attachment":[{"href":"https:\/\/blog.senat.fr\/moocs\/wp-json\/wp\/v2\/media?parent=1256"}],"curies":[{"name":"wp","href":"https:\/\/api.w.org\/{rel}","templated":true}]}}