{"id":1252,"date":"2017-02-22T15:17:31","date_gmt":"2017-02-22T14:17:31","guid":{"rendered":"http:\/\/blog.senat.fr\/moocs\/?page_id=1252"},"modified":"2024-03-04T17:22:21","modified_gmt":"2024-03-04T16:22:21","slug":"la-commission-mixte-paritaire-22","status":"publish","type":"page","link":"https:\/\/blog.senat.fr\/moocs\/la-fonction-legislative\/la-commission-mixte-paritaire\/la-commission-mixte-paritaire-22\/","title":{"rendered":"La commission mixte paritaire"},"content":{"rendered":"<div style=\"float: left; width: 70%; height: auto; padding: 0 20px;\"><iframe\n\t\t\t\t\t\t\t\tsrc=\"https:\/\/videos.senat.fr\/iframe.4422982_65e0a4ed351fc\"\n\t\t\t\t\t\t\t\twidth=\"640\" height=\"500\"\n\t\t\t\t\t\t\t\tframeborder=\"0\"\n\t\t\t\t\t\t\t\tallowfullscreen=\"true\"\n\t\t\t\t\t\t\t\tscrolling=\"no\"><\/iframe><\/div>\n<div style=\"float: left; width: 30%; padding: 0 10px;\">\n<h3>M. Philippe Bachschmidt<\/h3>\n<h4>administrateur \u00e0 la commission des Lois<\/h4>\n<\/div>\n<div style=\"clear: both;\"><\/div>\n<div style=\"border-radius: 25px; background: #eeeded; padding: 25px; font-size: 0.9em; line-height: 1.2em;\">\n<h3>Plan du cours<\/h3>\n<p>La Constitution de 1958 a cr\u00e9\u00e9 la commission mixte paritaire afin que la navette parlementaire puisse s&rsquo;achever dans des d\u00e9lais raisonnables \u2022 La proc\u00e9dure l\u00e9gislative au stade de la CMP \u2022 Composition de la CMP \u2022 Organisation et d\u00e9roulement des travaux d&rsquo;une CMP \u2022 Suite de la proc\u00e9dure l\u00e9gislative apr\u00e8s la commission mixte paritaire \u2022<\/p>\n<\/div>\n<hr style=\"width: 80%; color: #c9a96e;\" \/>\n<div style=\"float: left; width: 10%; height: auto; padding: 0 20px; text-align: left;\"><a href=\"http:\/\/blog.senat.fr\/moocs\/la-fonction-legislative\/\"><img loading=\"lazy\" decoding=\"async\" class=\"alignleft wp-image-451 size-full\" title=\"Retour \u00e0 la page &quot;la fonction l\u00e9gislative&quot;\" src=\"http:\/\/blog.senat.fr\/moocs\/wp-content\/uploads\/sites\/4\/2017\/01\/previous-1.png\" alt=\"Retour \u00e0 la page &quot;la fonction l\u00e9gislative&quot;\" width=\"30\" height=\"30\" \/><\/a><\/div>\n<div style=\"float: left; width: 80%; height: auto; padding: 0 20px;\">\n<h4>Tous les modules de ce cours<\/h4>\n<div style=\"float: left; text-align: center; width: 120px;\">\n<p><a href=\"http:\/\/blog.senat.fr\/moocs\/la-fonction-legislative\/la-commission-mixte-paritaire\/la-commission-mixte-paritaire-22\/\"><img loading=\"lazy\" decoding=\"async\" class=\"alignleft wp-image-992 size-full\" title=\"Philippe Bachschmidt\" src=\"http:\/\/blog.senat.fr\/moocs\/wp-content\/uploads\/sites\/4\/2017\/02\/tn-Philippe-Bachschmidt.png\" width=\"100\" height=\"67\" \/><\/a><\/p>\n<\/div>\n<\/div>\n<div style=\"float: left; width: 10%; height: auto; padding: 0 20px; text-align: right;\"><\/div>\n","protected":false},"excerpt":{"rendered":"<p>M. Philippe Bachschmidt administrateur \u00e0 la commission des Lois Plan du cours La Constitution de 1958 a cr\u00e9\u00e9 la commission&#8230;  <a class=\"excerpt-read-more\" href=\"https:\/\/blog.senat.fr\/moocs\/la-fonction-legislative\/la-commission-mixte-paritaire\/la-commission-mixte-paritaire-22\/\" title=\"Read La commission mixte paritaire\">Read more &raquo;<\/a><\/p>\n","protected":false},"author":1,"featured_media":0,"parent":115,"menu_order":2,"comment_status":"closed","ping_status":"closed","template":"full-width.php","meta":{"footnotes":""},"class_list":["post-1252","page","type-page","status-publish","hentry"],"_links":{"self":[{"href":"https:\/\/blog.senat.fr\/moocs\/wp-json\/wp\/v2\/pages\/1252","targetHints":{"allow":["GET"]}}],"collection":[{"href":"https:\/\/blog.senat.fr\/moocs\/wp-json\/wp\/v2\/pages"}],"about":[{"href":"https:\/\/blog.senat.fr\/moocs\/wp-json\/wp\/v2\/types\/page"}],"author":[{"embeddable":true,"href":"https:\/\/blog.senat.fr\/moocs\/wp-json\/wp\/v2\/users\/1"}],"replies":[{"embeddable":true,"href":"https:\/\/blog.senat.fr\/moocs\/wp-json\/wp\/v2\/comments?post=1252"}],"version-history":[{"count":8,"href":"https:\/\/blog.senat.fr\/moocs\/wp-json\/wp\/v2\/pages\/1252\/revisions"}],"predecessor-version":[{"id":2243,"href":"https:\/\/blog.senat.fr\/moocs\/wp-json\/wp\/v2\/pages\/1252\/revisions\/2243"}],"up":[{"embeddable":true,"href":"https:\/\/blog.senat.fr\/moocs\/wp-json\/wp\/v2\/pages\/115"}],"wp:attachment":[{"href":"https:\/\/blog.senat.fr\/moocs\/wp-json\/wp\/v2\/media?parent=1252"}],"curies":[{"name":"wp","href":"https:\/\/api.w.org\/{rel}","templated":true}]}}