{"id":1234,"date":"2017-02-22T15:12:22","date_gmt":"2017-02-22T14:12:22","guid":{"rendered":"http:\/\/blog.senat.fr\/moocs\/?page_id=1234"},"modified":"2024-03-04T17:18:29","modified_gmt":"2024-03-04T16:18:29","slug":"lexamen-en-commission-44","status":"publish","type":"page","link":"https:\/\/blog.senat.fr\/moocs\/la-fonction-legislative\/lexamen-en-commission\/lexamen-en-commission-44\/","title":{"rendered":"Le travail l\u00e9gislatif en commission"},"content":{"rendered":"<div style=\"float: left; width: 70%; height: auto; padding: 0 20px;\"><iframe\n\t\t\t\t\t\t\t\tsrc=\"https:\/\/videos.senat.fr\/iframe.4421469_65e09fcf1efc7\"\n\t\t\t\t\t\t\t\twidth=\"640\" height=\"500\"\n\t\t\t\t\t\t\t\tframeborder=\"0\"\n\t\t\t\t\t\t\t\tallowfullscreen=\"true\"\n\t\t\t\t\t\t\t\tscrolling=\"no\"><\/iframe><\/div>\n<div style=\"float: left; width: 30%; padding: 0 10px;\">\n<h3>M. Philippe Bachschmidt<\/h3>\n<h4>administrateur \u00e0 la commission des Lois<\/h4>\n<\/div>\n<div style=\"clear: both;\"><\/div>\n<div style=\"border-radius: 25px; background: #eeeded; padding: 25px; font-size: 0.9em; line-height: 1.2em;\">\n<p>La proc\u00e9dure l\u00e9gislative dans le texte initial de la Constitution de 1958 \u2022 La profonde r\u00e9forme de la proc\u00e9dure l\u00e9gislative par la r\u00e9vision constitutionnelle du 23 juillet 2008 \u2022 Quelques indications sur la proc\u00e9dure l\u00e9gislative en amont du travail de la commission \u2022 La question des d\u00e9lais d&rsquo;examen des textes l\u00e9gislatifs et les travaux pr\u00e9paratoires du rapporteur de la commission \u2022 L&rsquo;exercice du droit d&rsquo;amendement en commission \u2022 L&rsquo;\u00e9tablissement du texte de la commission \u2022 La proc\u00e9dure simplifi\u00e9e dite \u00ab\u00a0proc\u00e9dure d&rsquo;examen en commission\u00a0\u00bb<\/p>\n<\/div>\n<hr style=\"width: 80%; color: #c9a96e;\" \/>\n<div style=\"float: left; width: 10%; height: auto; padding: 0 20px; text-align: left;\"><a href=\"http:\/\/blog.senat.fr\/moocs\/la-fonction-legislative\/\"><img loading=\"lazy\" decoding=\"async\" class=\"alignleft wp-image-451 size-full\" title=\"Retour \u00e0 la page &quot;la fonction l\u00e9gislative&quot;\" src=\"http:\/\/blog.senat.fr\/moocs\/wp-content\/uploads\/sites\/4\/2017\/01\/previous-1.png\" alt=\"Retour \u00e0 la page &quot;la fonction l\u00e9gislative&quot;\" width=\"30\" height=\"30\" \/><\/a><\/div>\n<div style=\"float: left; width: 80%; height: auto; padding: 0 20px;\">\n<h4>Tous les modules de ce cours<\/h4>\n<div style=\"float: left; text-align: center; width: 120px;\">\n<p><a href=\"http:\/\/blog.senat.fr\/moocs\/la-fonction-legislative\/lexamen-en-commission\/lexamen-en-commission-44\/\"><img loading=\"lazy\" decoding=\"async\" class=\"alignleft wp-image-992 size-full\" title=\"Philippe Bachschmidt\" src=\"http:\/\/blog.senat.fr\/moocs\/wp-content\/uploads\/sites\/4\/2017\/02\/tn-Philippe-Bachschmidt.png\" width=\"100\" height=\"67\" \/><\/a><\/p>\n<\/div>\n<\/div>\n<div style=\"float: left; width: 10%; height: auto; padding: 0 20px; text-align: right;\"><\/div>\n","protected":false},"excerpt":{"rendered":"<p>M. Philippe Bachschmidt administrateur \u00e0 la commission des Lois La proc\u00e9dure l\u00e9gislative dans le texte initial de la Constitution de&#8230;  <a class=\"excerpt-read-more\" href=\"https:\/\/blog.senat.fr\/moocs\/la-fonction-legislative\/lexamen-en-commission\/lexamen-en-commission-44\/\" title=\"Read Le travail l\u00e9gislatif en commission\">Read more &raquo;<\/a><\/p>\n","protected":false},"author":1,"featured_media":0,"parent":108,"menu_order":4,"comment_status":"closed","ping_status":"closed","template":"full-width.php","meta":{"footnotes":""},"class_list":["post-1234","page","type-page","status-publish","hentry"],"_links":{"self":[{"href":"https:\/\/blog.senat.fr\/moocs\/wp-json\/wp\/v2\/pages\/1234","targetHints":{"allow":["GET"]}}],"collection":[{"href":"https:\/\/blog.senat.fr\/moocs\/wp-json\/wp\/v2\/pages"}],"about":[{"href":"https:\/\/blog.senat.fr\/moocs\/wp-json\/wp\/v2\/types\/page"}],"author":[{"embeddable":true,"href":"https:\/\/blog.senat.fr\/moocs\/wp-json\/wp\/v2\/users\/1"}],"replies":[{"embeddable":true,"href":"https:\/\/blog.senat.fr\/moocs\/wp-json\/wp\/v2\/comments?post=1234"}],"version-history":[{"count":10,"href":"https:\/\/blog.senat.fr\/moocs\/wp-json\/wp\/v2\/pages\/1234\/revisions"}],"predecessor-version":[{"id":2241,"href":"https:\/\/blog.senat.fr\/moocs\/wp-json\/wp\/v2\/pages\/1234\/revisions\/2241"}],"up":[{"embeddable":true,"href":"https:\/\/blog.senat.fr\/moocs\/wp-json\/wp\/v2\/pages\/108"}],"wp:attachment":[{"href":"https:\/\/blog.senat.fr\/moocs\/wp-json\/wp\/v2\/media?parent=1234"}],"curies":[{"name":"wp","href":"https:\/\/api.w.org\/{rel}","templated":true}]}}