{"id":123,"date":"2017-01-25T16:42:32","date_gmt":"2017-01-25T15:42:32","guid":{"rendered":"http:\/\/blog.senat.fr\/moocs\/?page_id=123"},"modified":"2017-06-07T16:49:01","modified_gmt":"2017-06-07T14:49:01","slug":"la-fonction-de-controle","status":"publish","type":"page","link":"https:\/\/blog.senat.fr\/moocs\/la-fonction-de-controle\/","title":{"rendered":"La fonction de contr\u00f4le"},"content":{"rendered":"<p>&nbsp;<\/p>\n<h3>Le contr\u00f4le du gouvernement en s\u00e9ance publique et les questions :<\/h3>\n<div style=\"float: left; min-width: 25%; font-size: 0.7em; background-color: #eeeded; padding: 10px;\">\n<div style=\"margin: 0 auto;\">\n<div><img loading=\"lazy\" decoding=\"async\" class=\"alignleft wp-image-711 size-full\" src=\"http:\/\/blog.senat.fr\/moocs\/wp-content\/uploads\/sites\/4\/2017\/02\/eric-tavernier.png\" width=\"200\" height=\"133\" \/><\/div>\n<div style=\"clear: both;\"><\/div>\n<div style=\"margin: 0 auto; line-height: 1.2em;\">\n<p><a href=\"http:\/\/blog.senat.fr\/moocs\/la-fonction-de-controle\/le-controle-du-gouvernement-en-seance-publique-et-les-questions\/le-controle-du-gouvernement-en-seance-publique-et-les-questions-13\/\"><strong>M. \u00c9ric Tavernier<\/strong><\/a><\/p>\n<p>directeur g\u00e9n\u00e9ral des<br \/>\nMissions institutionnelles<\/p>\n<\/div>\n<div style=\"clear: both;\"><\/div>\n<\/div>\n<\/div>\n<div style=\"float: left; min-width: 25%; font-size: 0.7em; padding: 10px;\">\n<div style=\"margin: 0 auto;\">\n<div><img loading=\"lazy\" decoding=\"async\" class=\"alignleft size-full wp-image-2041\" src=\"http:\/\/blog.senat.fr\/moocs\/wp-content\/uploads\/sites\/4\/2017\/05\/questions-ecrites-orales.jpg\" alt=\"\" width=\"200\" height=\"133\" \/><\/div>\n<div style=\"clear: both;\"><\/div>\n<div style=\"margin: 0 auto; line-height: 1.2em;\">\n<p><a href=\"http:\/\/blog.senat.fr\/moocs\/la-fonction-de-controle\/le-controle-du-gouvernement-en-seance-publique-et-les-questions\/le-controle-du-gouvernement-en-seance-publique-et-les-questions-33\/\"><strong>Mme Anne Saulay,<br \/>\nM. Jean de La Rochefoucauld et<br \/>\nMme H\u00e9l\u00e8ne Sala\u00fcn<\/strong><\/a><\/p>\n<p>responsable et membres de la Division<br \/>\ndes Questions et du contr\u00f4le en s\u00e9ance<\/p>\n<\/div>\n<div style=\"clear: both;\"><\/div>\n<\/div>\n<\/div>\n<div style=\"clear: both;\"><\/div>\n<h3>Le contr\u00f4le par les commissions et d\u00e9l\u00e9gations :<\/h3>\n<div style=\"float: left; min-width: 25%; font-size: 0.7em; padding: 10px;\">\n<div style=\"margin: 0 auto;\">\n<div><img loading=\"lazy\" decoding=\"async\" class=\"alignleft wp-image-1829 size-full\" title=\"Romain Godet\" src=\"http:\/\/blog.senat.fr\/moocs\/wp-content\/uploads\/sites\/4\/2017\/03\/romain-godet.png\" width=\"200\" height=\"133\" \/><\/div>\n<div style=\"clear: both;\"><\/div>\n<div style=\"margin: 0 auto; line-height: 1.2em;\">\n<p><a href=\"http:\/\/blog.senat.fr\/moocs\/la-fonction-de-controle\/le-controle-par-les-commissions-et-delegations\/le-controle-par-les-commissions-et-delegations-15\/\"><strong>M. Romain Godet<\/strong><\/a><\/p>\n<p>administrateur<br \/>\n\u00e0 la commission des<br \/>\naffaires \u00e9conomiques<\/p>\n<\/div>\n<div style=\"clear: both;\"><\/div>\n<\/div>\n<\/div>\n<div style=\"float: left; min-width: 25%; font-size: 0.7em; padding: 10px; background-color: #eeeded;\">\n<div style=\"margin: 0 auto;\">\n<div><img loading=\"lazy\" decoding=\"async\" class=\"alignleft wp-image-1051 size-full\" title=\"Philippe Lutton\" src=\"http:\/\/blog.senat.fr\/moocs\/wp-content\/uploads\/sites\/4\/2017\/02\/philippe-lutton.png\" alt=\"Philippe Lutton\" width=\"200\" height=\"133\" \/><\/div>\n<div style=\"clear: both;\"><\/div>\n<div style=\"margin: 0 auto; line-height: 1.2em;\">\n<p><a href=\"http:\/\/blog.senat.fr\/moocs\/la-fonction-de-controle\/le-controle-par-les-commissions-et-delegations\/le-controle-par-les-commissions-et-delegations-25\/\"><strong>M. Philippe Lutton<\/strong><\/a><\/p>\n<p>responsable du secr\u00e9tariat<br \/>\nde la D\u00e9l\u00e9gation \u00e0 l\u2019Am\u00e9nagement<br \/>\ndu territoire et<br \/>\ndes collectivit\u00e9s territoriales<\/p>\n<\/div>\n<\/div>\n<\/div>\n<div style=\"float: left; min-width: 25%; font-size: 0.7em; padding: 10px;\">\n<div style=\"margin: 0 auto;\">\n<div><img loading=\"lazy\" decoding=\"async\" class=\"alignleft wp-image-733 size-full\" src=\"http:\/\/blog.senat.fr\/moocs\/wp-content\/uploads\/sites\/4\/2017\/02\/aude-bornens.png\" width=\"200\" height=\"133\" \/><\/div>\n<div style=\"clear: both;\"><\/div>\n<div style=\"margin: 0 auto; line-height: 1.2em;\">\n<p><a href=\"http:\/\/blog.senat.fr\/moocs\/la-fonction-de-controle\/le-controle-par-les-commissions-et-delegations\/le-controle-par-les-commissions-et-delegations-35\/\"><strong>Mme Aude Bornens<\/strong><\/a><\/p>\n<p>responsable du secr\u00e9tariat de la<br \/>\nD\u00e9l\u00e9gation aux entreprises<\/p>\n<\/div>\n<div style=\"clear: both;\"><\/div>\n<\/div>\n<\/div>\n<div style=\"float: left; min-width: 25%; font-size: 0.7em; background-color: #eeeded; padding: 10px;\">\n<div style=\"margin: 0 auto;\">\n<div><img loading=\"lazy\" decoding=\"async\" class=\"alignleft wp-image-768 size-full\" src=\"http:\/\/blog.senat.fr\/moocs\/wp-content\/uploads\/sites\/4\/2017\/02\/melanie-giroux.png\" width=\"200\" height=\"133\" \/><\/div>\n<div style=\"clear: both;\"><\/div>\n<div style=\"margin: 0 auto; line-height: 1.2em;\">\n<p><a href=\"http:\/\/blog.senat.fr\/moocs\/la-fonction-de-controle\/le-controle-par-les-commissions-et-delegations\/le-controle-par-les-commissions-et-delegations-55\/\"><strong>Mme M\u00e9lanie Giroux<\/strong><\/a><\/p>\n<p>administratrice \u00e0 la<br \/>\ncommission des Finances<\/p>\n<\/div>\n<div style=\"clear: both;\"><\/div>\n<\/div>\n<\/div>\n<div style=\"clear: both;\"><\/div>\n<h3>Le contr\u00f4le de l&rsquo;application des lois<\/h3>\n<div style=\"float: left; min-width: 25%; font-size: 0.7em; background-color: #eeeded; padding: 10px;\">\n<div style=\"margin: 0 auto;\">\n<div><img loading=\"lazy\" decoding=\"async\" class=\"alignleft wp-image-724 size-full\" src=\"http:\/\/blog.senat.fr\/moocs\/wp-content\/uploads\/sites\/4\/2017\/02\/michel-laflandre.png\" width=\"200\" height=\"133\" \/><\/div>\n<div style=\"clear: both;\"><\/div>\n<div style=\"margin: 0 auto; line-height: 1.2em;\">\n<p><a href=\"http:\/\/blog.senat.fr\/moocs\/la-fonction-de-controle\/le-controle-de-lapplication-des-lois\/le-controle-de-lapplication-des-lois\/\"><strong>M. Michel Laflandre<\/strong><\/a><\/p>\n<p>conseiller hors classe \u00e0 la<br \/>\nDirection du Secr\u00e9tariat du Bureau,<br \/>\ndu Protocole et des<br \/>\nRelations internationales<\/p>\n<\/div>\n<div style=\"clear: both;\"><\/div>\n<\/div>\n<\/div>\n<div style=\"clear: both;\"><\/div>\n<h3>Le suivi de l&rsquo;Union europ\u00e9enne<\/h3>\n<div style=\"float: left; min-width: 25%; font-size: 0.7em; background-color: #eeeded; padding: 10px;\">\n<div style=\"margin: 0 auto;\">\n<div><img loading=\"lazy\" decoding=\"async\" class=\"alignleft wp-image-780 size-full\" src=\"http:\/\/blog.senat.fr\/moocs\/wp-content\/uploads\/sites\/4\/2017\/02\/philippe-delivet.png\" width=\"200\" height=\"133\" \/><\/div>\n<div style=\"clear: both;\"><\/div>\n<div style=\"margin: 0 auto; line-height: 1.2em;\">\n<p><a href=\"http:\/\/blog.senat.fr\/moocs\/la-fonction-de-controle\/le-suivi-de-lunion-europeenne\/le-suivi-de-lunion-europeenne-la-commission-des-affaires-europeennes\/\"><strong>M. Philippe Delivet<\/strong><\/a><\/p>\n<p>chef du service de la<br \/>\ncommission des Affaires europ\u00e9ennes<\/p>\n<\/div>\n<div style=\"clear: both;\"><\/div>\n<\/div>\n<\/div>\n<div style=\"clear: both;\"><\/div>\n<h3>Les travaux d&rsquo;\u00e9valuation et d&rsquo;expertise<\/h3>\n<div style=\"float: left; min-width: 25%; font-size: 0.7em; background-color: #eeeded; padding: 10px;\">\n<div style=\"margin: 0 auto;\">\n<div><img loading=\"lazy\" decoding=\"async\" class=\"alignleft wp-image-765 size-full\" src=\"http:\/\/blog.senat.fr\/moocs\/wp-content\/uploads\/sites\/4\/2017\/02\/marc-le-dohr.png\" width=\"200\" height=\"133\" \/><\/div>\n<div style=\"clear: both;\"><\/div>\n<div style=\"margin: 0 auto; line-height: 1.2em;\">\n<p><a href=\"http:\/\/blog.senat.fr\/moocs\/la-fonction-de-controle\/les-travaux-devaluation-et-dexpertise\/les-travaux-devaluation-et-dexpertise-12\/\"><strong>M. Marc Le Dorh<\/strong><\/a><\/p>\n<p>conseiller \u00e0 la D\u00e9l\u00e9gation \u00e0<br \/>\nl\u2019Am\u00e9nagement du territoire et aux<br \/>\nCollectivit\u00e9s territoriales<\/p>\n<\/div>\n<div style=\"clear: both;\"><\/div>\n<\/div>\n<\/div>\n<div style=\"float: left; min-width: 25%; font-size: 0.7em; padding: 10px;\">\n<div style=\"margin: 0 auto;\">\n<div><img loading=\"lazy\" decoding=\"async\" class=\"alignleft wp-image-730 size-full\" src=\"http:\/\/blog.senat.fr\/moocs\/wp-content\/uploads\/sites\/4\/2017\/02\/anne-marquant.png\" width=\"200\" height=\"133\" \/><\/div>\n<div style=\"clear: both;\"><\/div>\n<div style=\"margin: 0 auto; line-height: 1.2em;\">\n<p><a href=\"http:\/\/blog.senat.fr\/moocs\/la-fonction-de-controle\/les-travaux-devaluation-et-dexpertise\/les-travaux-devaluation-et-dexpertise-22\/\"><strong>Mme Anne Marquant<\/strong><\/a><\/p>\n<p>conseill\u00e8re \u00e0 la commission des Finances<\/p>\n<\/div>\n<\/div>\n<\/div>\n<div style=\"clear: both;\"><\/div>\n<h3>La proc\u00e9dure de l\u2019article 13 de la Constitution<\/h3>\n<div style=\"float: left; min-width: 25%; font-size: 0.7em; background-color: #eeeded; padding: 10px;\">\n<div style=\"margin: 0 auto;\">\n<div><img loading=\"lazy\" decoding=\"async\" class=\"alignleft wp-image-736 size-full\" src=\"http:\/\/blog.senat.fr\/moocs\/wp-content\/uploads\/sites\/4\/2017\/02\/benedicte-rouge.png\" width=\"200\" height=\"133\" \/><\/div>\n<div style=\"clear: both;\"><\/div>\n<div style=\"margin: 0 auto; line-height: 1.2em;\">\n<p><a href=\"http:\/\/blog.senat.fr\/moocs\/la-fonction-de-controle\/la-procedure-de-larticle-13-de-la-constitution\/la-procedure-de-larticle-13-de-la-constitution-12\/\"><strong>Mme\u00a0B\u00e9n\u00e9dicte Roug\u00e9<\/strong><\/a><\/p>\n<p>chef du service de la commission de<br \/>\nl\u2019Am\u00e9nagement du territoire et du<br \/>\nD\u00e9veloppement durable<\/p>\n<\/div>\n<div style=\"clear: both;\"><\/div>\n<\/div>\n<\/div>\n<div style=\"clear: both;\"><\/div>\n<h3>Le r\u00f4le du S\u00e9nat dans le domaine international<\/h3>\n<div style=\"float: left; min-width: 25%; font-size: 0.7em; background-color: #eeeded; padding: 10px;\">\n<div style=\"margin: 0 auto;\">\n<div><img loading=\"lazy\" decoding=\"async\" class=\"alignleft wp-image-773 size-full\" src=\"http:\/\/blog.senat.fr\/moocs\/wp-content\/uploads\/sites\/4\/2017\/02\/olivier-delamare-deboutteville.png\" width=\"200\" height=\"133\" \/><\/div>\n<div style=\"clear: both;\"><\/div>\n<div style=\"margin: 0 auto; line-height: 1.2em;\">\n<p><a href=\"http:\/\/blog.senat.fr\/moocs\/la-fonction-de-controle\/le-role-du-senat-dans-le-domaine-international\/le-role-du-senat-dans-le-domaine-international-13\/\"><strong>M. Olivier Delamare-Deboutteville<\/strong><\/a><\/p>\n<p>conseiller hors classe \u00e0 la<br \/>\nDirection du Secr\u00e9tariat du Bureau,<br \/>\ndu Protocole et des<br \/>\nRelations internationales<\/p>\n<\/div>\n<div style=\"clear: both;\"><\/div>\n<\/div>\n<\/div>\n<div style=\"float: left; min-width: 25%; font-size: 0.7em; padding: 10px;\">\n<div style=\"margin: 0 auto;\">\n<div><img loading=\"lazy\" decoding=\"async\" class=\"alignleft wp-image-779 size-full\" src=\"http:\/\/blog.senat.fr\/moocs\/wp-content\/uploads\/sites\/4\/2017\/02\/philippe-bourasse.png\" width=\"200\" height=\"133\" \/><\/div>\n<div style=\"clear: both;\"><\/div>\n<div style=\"margin: 0 auto; line-height: 1.2em;\">\n<p><a href=\"http:\/\/blog.senat.fr\/moocs\/la-fonction-de-controle\/le-role-du-senat-dans-le-domaine-international\/le-role-du-senat-dans-le-domaine-international-23\/\"><strong>M. Philippe Bourass\u00e9<\/strong><\/a><\/p>\n<p>conseiller hors classe \u00e0 la<br \/>\ncommission des Affaires europ\u00e9ennes<\/p>\n<\/div>\n<\/div>\n<\/div>\n<div style=\"clear: both;\"><\/div>\n","protected":false},"excerpt":{"rendered":"<p>&nbsp; Le contr\u00f4le du gouvernement en s\u00e9ance publique et les questions : M. \u00c9ric Tavernier directeur g\u00e9n\u00e9ral des Missions institutionnelles&#8230;  <a class=\"excerpt-read-more\" href=\"https:\/\/blog.senat.fr\/moocs\/la-fonction-de-controle\/\" title=\"Read La fonction de contr\u00f4le\">Read more &raquo;<\/a><\/p>\n","protected":false},"author":1,"featured_media":0,"parent":0,"menu_order":4,"comment_status":"closed","ping_status":"closed","template":"full-width.php","meta":{"footnotes":""},"class_list":["post-123","page","type-page","status-publish","hentry"],"_links":{"self":[{"href":"https:\/\/blog.senat.fr\/moocs\/wp-json\/wp\/v2\/pages\/123","targetHints":{"allow":["GET"]}}],"collection":[{"href":"https:\/\/blog.senat.fr\/moocs\/wp-json\/wp\/v2\/pages"}],"about":[{"href":"https:\/\/blog.senat.fr\/moocs\/wp-json\/wp\/v2\/types\/page"}],"author":[{"embeddable":true,"href":"https:\/\/blog.senat.fr\/moocs\/wp-json\/wp\/v2\/users\/1"}],"replies":[{"embeddable":true,"href":"https:\/\/blog.senat.fr\/moocs\/wp-json\/wp\/v2\/comments?post=123"}],"version-history":[{"count":32,"href":"https:\/\/blog.senat.fr\/moocs\/wp-json\/wp\/v2\/pages\/123\/revisions"}],"predecessor-version":[{"id":2079,"href":"https:\/\/blog.senat.fr\/moocs\/wp-json\/wp\/v2\/pages\/123\/revisions\/2079"}],"wp:attachment":[{"href":"https:\/\/blog.senat.fr\/moocs\/wp-json\/wp\/v2\/media?parent=123"}],"curies":[{"name":"wp","href":"https:\/\/api.w.org\/{rel}","templated":true}]}}