{"id":1219,"date":"2017-02-22T14:56:48","date_gmt":"2017-02-22T13:56:48","guid":{"rendered":"http:\/\/blog.senat.fr\/moocs\/?page_id=1219"},"modified":"2024-03-04T17:00:21","modified_gmt":"2024-03-04T16:00:21","slug":"les-irrecevabilites-14","status":"publish","type":"page","link":"https:\/\/blog.senat.fr\/moocs\/la-fonction-legislative\/les-irrecevabilites\/les-irrecevabilites-14\/","title":{"rendered":"Les irrecevabilit\u00e9s des articles 41 et 45 C"},"content":{"rendered":"<div style=\"float: left; width: 70%; height: auto; padding: 0 20px;\"><iframe\n\t\t\t\t\t\t\t\tsrc=\"https:\/\/videos.senat.fr\/iframe.4422962_65e0a4d6deaea\"\n\t\t\t\t\t\t\t\twidth=\"640\" height=\"500\"\n\t\t\t\t\t\t\t\tframeborder=\"0\"\n\t\t\t\t\t\t\t\tallowfullscreen=\"true\"\n\t\t\t\t\t\t\t\tscrolling=\"no\"><\/iframe><\/div>\n<div style=\"float: left; width: 30%; padding: 0 10px;\">\n<h3>Mme Priscilla Monge<\/h3>\n<h4>ma\u00eetre de conf\u00e9rences \u00e0 l\u2019Universit\u00e9 d\u2019Aix-Marseille<\/h4>\n<h3>Mme Audrey de Montis<\/h3>\n<h4>ma\u00eetre de conf\u00e9rences \u00e0 l&rsquo;Universit\u00e9 de Rennes 1<\/h4>\n<\/div>\n<div style=\"clear: both;\"><\/div>\n<div style=\"border-radius: 25px; background: #eeeded; padding: 25px; font-size: 0.9em; line-height: 1.2em;\">\n<h3>Mme Priscilla Monge<\/h3>\n<p>Docteur en droit public : <i class=\"\">Les minorit\u00e9s parlementaires\u00a0sous la Cinqui\u00e8me R\u00e9publique<\/i>, Ma\u00eetre de conf\u00e9rences \u00e0 l\u2019Institut Louis Favoreu, Universit\u00e9 d\u2019Aix-Marseille, Mme Monge enseigne, notamment : le droit constitutionnel, les grands probl\u00e8mes politiques et sociaux contemporains, l&rsquo;Histoire des id\u00e9es politiques apr\u00e8s 1789 et la protection des libert\u00e9s et des droits fondamentaux.<\/p>\n<h3>Mme Audrey de Montis<\/h3>\n<p>Docteur en droit public : <em>La r\u00e9novation de la s\u00e9ance publique du Parlement fran\u00e7ais. \u00c9tude sur l\u2019efficacit\u00e9 politique<\/em>, Mme de Montis est Ma\u00eetre de conf\u00e9rences \u00e0 l\u2019Universit\u00e9 de Rennes 1. Elle y enseigne, notamment : le droit constitutionnel, les relations internationales et l&rsquo;histoire du droit public.<\/p>\n<\/div>\n<div style=\"border-radius: 25px; background: #eeeded; padding: 25px; font-size: 0.9em; line-height: 1.2em;\">\n<h3>Plan du cours<\/h3>\n<p>Des restrictions \u00e0 l\u2019initiative justifi\u00e9es \u2022 Article 41 de la Constitution : une justification originelle ayant \u00e9volu\u00e9 \u2022 Article 45 de la Constitution : une double irrecevabilit\u00e9 d\u2019origine jurisprudentielle \u2022 Des restrictions \u00e0 l\u2019initiative encadr\u00e9es \u2022 Article 41 de la Constitution : une irrecevabilit\u00e9 mise en \u0153uvre dans l\u2019enceinte parlementaire \u2022 Article 45 de la Constitution : une double irrecevabilit\u00e9 sous la surveillance du Conseil constitutionnel<\/p>\n<\/div>\n<hr style=\"width: 80%; color: #c9a96e;\" \/>\n<div style=\"float: left; width: 10%; height: auto; padding: 0 20px; text-align: left;\"><a href=\"http:\/\/blog.senat.fr\/moocs\/la-fonction-legislative\/\"><img loading=\"lazy\" decoding=\"async\" class=\"alignleft wp-image-451 size-full\" title=\"Retour \u00e0 la page &quot;la fonction l\u00e9gislative&quot;\" src=\"http:\/\/blog.senat.fr\/moocs\/wp-content\/uploads\/sites\/4\/2017\/01\/previous-1.png\" alt=\"Retour \u00e0 la page &quot;la fonction l\u00e9gislative&quot;\" width=\"30\" height=\"30\" \/><\/a><\/div>\n<div style=\"float: left; width: 80%; height: auto; padding: 0 20px;\">\n<h4>Tous les modules de ce cours<\/h4>\n<div style=\"float: left; text-align: center; width: 120px;\">\n<p><a href=\"http:\/\/blog.senat.fr\/moocs\/la-fonction-legislative\/les-irrecevabilites\/les-irrecevabilites-14\/\"><img loading=\"lazy\" decoding=\"async\" class=\"alignleft wp-image-2029 size-full\" title=\"Priscilla Monge et Audrey de Montis\" src=\"http:\/\/blog.senat.fr\/moocs\/wp-content\/uploads\/sites\/4\/2017\/05\/tn-priscilla-monge-audrey-de-montis-1.jpg\" alt=\"Priscilla Monge et Audrey de Montis\" width=\"100\" height=\"67\" \/><\/a><\/p>\n<\/div>\n<div style=\"float: left; text-align: center; width: 120px;\">\n<p><a href=\"http:\/\/blog.senat.fr\/moocs\/la-fonction-legislative\/les-irrecevabilites\/les-irrecevabilites-44\/\"><img loading=\"lazy\" decoding=\"async\" class=\"alignleft wp-image-997 size-full\" title=\"Pierre Chavy\" src=\"http:\/\/blog.senat.fr\/moocs\/wp-content\/uploads\/sites\/4\/2017\/02\/tn-pierre-chavy.png\" width=\"100\" height=\"67\" \/><\/a><\/p>\n<\/div>\n<\/div>\n<div style=\"float: left; width: 10%; height: auto; padding: 0 20px; text-align: right;\"><\/div>\n","protected":false},"excerpt":{"rendered":"<p>Mme Priscilla Monge ma\u00eetre de conf\u00e9rences \u00e0 l\u2019Universit\u00e9 d\u2019Aix-Marseille Mme Audrey de Montis ma\u00eetre de conf\u00e9rences \u00e0 l&rsquo;Universit\u00e9 de Rennes&#8230;  <a class=\"excerpt-read-more\" href=\"https:\/\/blog.senat.fr\/moocs\/la-fonction-legislative\/les-irrecevabilites\/les-irrecevabilites-14\/\" title=\"Read Les irrecevabilit\u00e9s des articles 41 et 45 C\">Read more &raquo;<\/a><\/p>\n","protected":false},"author":1,"featured_media":0,"parent":106,"menu_order":1,"comment_status":"closed","ping_status":"closed","template":"full-width.php","meta":{"footnotes":""},"class_list":["post-1219","page","type-page","status-publish","hentry"],"_links":{"self":[{"href":"https:\/\/blog.senat.fr\/moocs\/wp-json\/wp\/v2\/pages\/1219","targetHints":{"allow":["GET"]}}],"collection":[{"href":"https:\/\/blog.senat.fr\/moocs\/wp-json\/wp\/v2\/pages"}],"about":[{"href":"https:\/\/blog.senat.fr\/moocs\/wp-json\/wp\/v2\/types\/page"}],"author":[{"embeddable":true,"href":"https:\/\/blog.senat.fr\/moocs\/wp-json\/wp\/v2\/users\/1"}],"replies":[{"embeddable":true,"href":"https:\/\/blog.senat.fr\/moocs\/wp-json\/wp\/v2\/comments?post=1219"}],"version-history":[{"count":17,"href":"https:\/\/blog.senat.fr\/moocs\/wp-json\/wp\/v2\/pages\/1219\/revisions"}],"predecessor-version":[{"id":2239,"href":"https:\/\/blog.senat.fr\/moocs\/wp-json\/wp\/v2\/pages\/1219\/revisions\/2239"}],"up":[{"embeddable":true,"href":"https:\/\/blog.senat.fr\/moocs\/wp-json\/wp\/v2\/pages\/106"}],"wp:attachment":[{"href":"https:\/\/blog.senat.fr\/moocs\/wp-json\/wp\/v2\/media?parent=1219"}],"curies":[{"name":"wp","href":"https:\/\/api.w.org\/{rel}","templated":true}]}}