{"id":1215,"date":"2017-02-22T14:55:01","date_gmt":"2017-02-22T13:55:01","guid":{"rendered":"http:\/\/blog.senat.fr\/moocs\/?page_id=1215"},"modified":"2024-03-04T16:59:05","modified_gmt":"2024-03-04T15:59:05","slug":"le-droit-damendement-12","status":"publish","type":"page","link":"https:\/\/blog.senat.fr\/moocs\/la-fonction-legislative\/le-droit-damendement\/le-droit-damendement-12\/","title":{"rendered":"Le droit d&rsquo;amendement"},"content":{"rendered":"<div style=\"float: left; width: 70%; height: auto; padding: 0 20px;\"><iframe\n\t\t\t\t\t\t\t\tsrc=\"https:\/\/videos.senat.fr\/iframe.4423891_65e0a7fa0b19a\"\n\t\t\t\t\t\t\t\twidth=\"640\" height=\"500\"\n\t\t\t\t\t\t\t\tframeborder=\"0\"\n\t\t\t\t\t\t\t\tallowfullscreen=\"true\"\n\t\t\t\t\t\t\t\tscrolling=\"no\"><\/iframe><\/div>\n<div style=\"float: left; width: 30%; padding: 0 10px;\">\n<h3>Mme Marion Jolivet<\/h3>\n<h4>responsable de la Division de la S\u00e9ance et du droit parlementaire<\/h4>\n<\/div>\n<div style=\"clear: both;\"><\/div>\n<div style=\"border-radius: 25px; background: #eeeded; padding: 25px; font-size: 0.9em; line-height: 1.2em;\">\n<h3>Plan du cours<\/h3>\n<p>Un droit constitutionnellement prot\u00e9g\u00e9 et soumis \u00e0 certaines limitations \u2022 Exercice du droit d\u2019amendement : Titulaires, texte amendable, stades d\u2019amendement (commission et s\u00e9ance), r\u00e8gles de pr\u00e9sentation, d\u00e9lais de d\u00e9p\u00f4t \u2022 Contenu et r\u00e8gles de discussion des amendements : contenu, r\u00e8gles de discussion en commission et en s\u00e9ance \u2022 Les limitations du droit d\u2019amendement : constitutionnelles, organiques, r\u00e8glementaires \u2022 Un usage tr\u00e8s large et \u00e0 des fins multiples : l\u2019absence de tradition d\u2019obstruction au S\u00e9nat, mais un accroissement tendanciel du nombre d\u2019amendements de s\u00e9ance, que la r\u00e9vision constitutionnelle de 2008 n\u2019a pas enray\u00e9e, entra\u00eenant des cons\u00e9quences sur le travail parlementaire \u2022 Un droit r\u00e9cemment r\u00e9nov\u00e9 avec la r\u00e9forme des m\u00e9thodes de travail du S\u00e9nat : la recherche du renforcement du droit d\u2019amendement en commission, l\u2019accroissement du contr\u00f4le des irrecevabilit\u00e9s \u2022<\/p>\n<\/div>\n<hr style=\"width: 80%; color: #c9a96e;\" \/>\n<div style=\"float: left; width: 10%; height: auto; padding: 0 20px; text-align: left;\"><a href=\"http:\/\/blog.senat.fr\/moocs\/la-fonction-legislative\/\"><img loading=\"lazy\" decoding=\"async\" class=\"alignleft wp-image-451 size-full\" title=\"Retour \u00e0 la page &quot;la fonction l\u00e9gislative&quot;\" src=\"http:\/\/blog.senat.fr\/moocs\/wp-content\/uploads\/sites\/4\/2017\/01\/previous-1.png\" alt=\"Retour \u00e0 la page &quot;la fonction l\u00e9gislative&quot;\" width=\"30\" height=\"30\" \/><\/a><\/div>\n<div style=\"float: left; width: 80%; height: auto; padding: 0 20px;\">\n<h4>Tous les modules de ce cours<\/h4>\n<div style=\"float: left; text-align: center; width: 120px;\">\n<p><a href=\"http:\/\/blog.senat.fr\/moocs\/la-fonction-legislative\/le-droit-damendement\/le-droit-damendement-12\/\"><img loading=\"lazy\" decoding=\"async\" class=\"alignleft wp-image-985 size-full\" title=\"Marion Jolivet\" src=\"http:\/\/blog.senat.fr\/moocs\/wp-content\/uploads\/sites\/4\/2017\/02\/tn-marion-jolivet.png\" width=\"100\" height=\"67\" \/><\/a><\/p>\n<\/div>\n<\/div>\n<div style=\"float: left; width: 10%; height: auto; padding: 0 20px; text-align: right;\"><\/div>\n","protected":false},"excerpt":{"rendered":"<p>Mme Marion Jolivet responsable de la Division de la S\u00e9ance et du droit parlementaire Plan du cours Un droit constitutionnellement&#8230;  <a class=\"excerpt-read-more\" href=\"https:\/\/blog.senat.fr\/moocs\/la-fonction-legislative\/le-droit-damendement\/le-droit-damendement-12\/\" title=\"Read Le droit d&rsquo;amendement\">Read more &raquo;<\/a><\/p>\n","protected":false},"author":1,"featured_media":0,"parent":104,"menu_order":1,"comment_status":"closed","ping_status":"closed","template":"full-width.php","meta":{"footnotes":""},"class_list":["post-1215","page","type-page","status-publish","hentry"],"_links":{"self":[{"href":"https:\/\/blog.senat.fr\/moocs\/wp-json\/wp\/v2\/pages\/1215","targetHints":{"allow":["GET"]}}],"collection":[{"href":"https:\/\/blog.senat.fr\/moocs\/wp-json\/wp\/v2\/pages"}],"about":[{"href":"https:\/\/blog.senat.fr\/moocs\/wp-json\/wp\/v2\/types\/page"}],"author":[{"embeddable":true,"href":"https:\/\/blog.senat.fr\/moocs\/wp-json\/wp\/v2\/users\/1"}],"replies":[{"embeddable":true,"href":"https:\/\/blog.senat.fr\/moocs\/wp-json\/wp\/v2\/comments?post=1215"}],"version-history":[{"count":8,"href":"https:\/\/blog.senat.fr\/moocs\/wp-json\/wp\/v2\/pages\/1215\/revisions"}],"predecessor-version":[{"id":2238,"href":"https:\/\/blog.senat.fr\/moocs\/wp-json\/wp\/v2\/pages\/1215\/revisions\/2238"}],"up":[{"embeddable":true,"href":"https:\/\/blog.senat.fr\/moocs\/wp-json\/wp\/v2\/pages\/104"}],"wp:attachment":[{"href":"https:\/\/blog.senat.fr\/moocs\/wp-json\/wp\/v2\/media?parent=1215"}],"curies":[{"name":"wp","href":"https:\/\/api.w.org\/{rel}","templated":true}]}}