{"id":1213,"date":"2017-02-22T14:54:09","date_gmt":"2017-02-22T13:54:09","guid":{"rendered":"http:\/\/blog.senat.fr\/moocs\/?page_id=1213"},"modified":"2024-03-04T16:56:13","modified_gmt":"2024-03-04T15:56:13","slug":"le-droit-dinitiative-22","status":"publish","type":"page","link":"https:\/\/blog.senat.fr\/moocs\/la-fonction-legislative\/le-droit-dinitiative\/le-droit-dinitiative-22\/","title":{"rendered":"Le droit d&rsquo;initiative"},"content":{"rendered":"<div style=\"float: left; width: 70%; height: auto; padding: 0 20px;\"><iframe\n\t\t\t\t\t\t\t\tsrc=\"https:\/\/videos.senat.fr\/iframe.4422888_65e0a4a8e0a6b\"\n\t\t\t\t\t\t\t\twidth=\"640\" height=\"500\"\n\t\t\t\t\t\t\t\tframeborder=\"0\"\n\t\t\t\t\t\t\t\tallowfullscreen=\"true\"\n\t\t\t\t\t\t\t\tscrolling=\"no\"><\/iframe><\/div>\n<div style=\"float: left; width: 30%; padding: 0 10px;\">\n<h3>M. Fran\u00e7ois Sicard<\/h3>\n<h4>responsable de la Division du soutien \u00e0 l\u2019initiative parlementaire<\/h4>\n<\/div>\n<div style=\"clear: both;\"><\/div>\n<div style=\"border-radius: 25px; background: #eeeded; padding: 25px; font-size: 0.9em; line-height: 1.2em;\">\n<h3>Plan du cours<\/h3>\n<p>Le parlementaire a des pouvoirs d\u2019initiative \u2022 Amendements aux textes en discussion \u2022 Propositions de loi et de loi constitutionnelles \u2022 Propositions de r\u00e9solutions (europ\u00e9ennes, de politique nationale,d&rsquo;ordre int\u00e9rieur) \u2022 Les propositions de loi : droit individuel de chaque S\u00e9nateur, doivent \u00eatre recevables au regard de la Constitution, de ses articles 40 et 41, du droit europ\u00e9en \u2022 La part des propositions de loi dans la production l\u00e9gislative a sensiblement augment\u00e9 depuis la r\u00e9vision constitutionnelle de juillet 2008.<\/p>\n<\/div>\n<hr style=\"width: 80%; color: #c9a96e;\" \/>\n<div style=\"float: left; width: 10%; height: auto; padding: 0 20px; text-align: left;\"><a href=\"http:\/\/blog.senat.fr\/moocs\/la-fonction-legislative\/\"><img loading=\"lazy\" decoding=\"async\" class=\"alignleft wp-image-451 size-full\" title=\"Retour \u00e0 la page &quot;la fonction l\u00e9gislative&quot;\" src=\"http:\/\/blog.senat.fr\/moocs\/wp-content\/uploads\/sites\/4\/2017\/01\/previous-1.png\" alt=\"Retour \u00e0 la page &quot;la fonction l\u00e9gislative&quot;\" width=\"30\" height=\"30\" \/><\/a><\/div>\n<div style=\"float: left; width: 80%; height: auto; padding: 0 20px;\">\n<h4>Tous les modules de ce cours<\/h4>\n<div style=\"float: left; text-align: center; width: 120px;\">\n<p><a href=\"http:\/\/blog.senat.fr\/moocs\/la-fonction-legislative\/le-droit-dinitiative\/le-droit-dinitiative-22\/\"><img loading=\"lazy\" decoding=\"async\" class=\"alignleft wp-image-969 size-full\" title=\"Fran\u00e7ois Sicard\" src=\"http:\/\/blog.senat.fr\/moocs\/wp-content\/uploads\/sites\/4\/2017\/02\/tn-francois-sicard.png\" width=\"100\" height=\"67\" \/><\/a><\/p>\n<\/div>\n<\/div>\n<div style=\"float: left; width: 10%; height: auto; padding: 0 20px; text-align: right;\"><\/div>\n","protected":false},"excerpt":{"rendered":"<p>M. Fran\u00e7ois Sicard responsable de la Division du soutien \u00e0 l\u2019initiative parlementaire Plan du cours Le parlementaire a des pouvoirs&#8230;  <a class=\"excerpt-read-more\" href=\"https:\/\/blog.senat.fr\/moocs\/la-fonction-legislative\/le-droit-dinitiative\/le-droit-dinitiative-22\/\" title=\"Read Le droit d&rsquo;initiative\">Read more &raquo;<\/a><\/p>\n","protected":false},"author":1,"featured_media":0,"parent":102,"menu_order":2,"comment_status":"closed","ping_status":"closed","template":"full-width.php","meta":{"footnotes":""},"class_list":["post-1213","page","type-page","status-publish","hentry"],"_links":{"self":[{"href":"https:\/\/blog.senat.fr\/moocs\/wp-json\/wp\/v2\/pages\/1213","targetHints":{"allow":["GET"]}}],"collection":[{"href":"https:\/\/blog.senat.fr\/moocs\/wp-json\/wp\/v2\/pages"}],"about":[{"href":"https:\/\/blog.senat.fr\/moocs\/wp-json\/wp\/v2\/types\/page"}],"author":[{"embeddable":true,"href":"https:\/\/blog.senat.fr\/moocs\/wp-json\/wp\/v2\/users\/1"}],"replies":[{"embeddable":true,"href":"https:\/\/blog.senat.fr\/moocs\/wp-json\/wp\/v2\/comments?post=1213"}],"version-history":[{"count":9,"href":"https:\/\/blog.senat.fr\/moocs\/wp-json\/wp\/v2\/pages\/1213\/revisions"}],"predecessor-version":[{"id":2237,"href":"https:\/\/blog.senat.fr\/moocs\/wp-json\/wp\/v2\/pages\/1213\/revisions\/2237"}],"up":[{"embeddable":true,"href":"https:\/\/blog.senat.fr\/moocs\/wp-json\/wp\/v2\/pages\/102"}],"wp:attachment":[{"href":"https:\/\/blog.senat.fr\/moocs\/wp-json\/wp\/v2\/media?parent=1213"}],"curies":[{"name":"wp","href":"https:\/\/api.w.org\/{rel}","templated":true}]}}