{"id":1209,"date":"2017-02-22T14:52:55","date_gmt":"2017-02-22T13:52:55","guid":{"rendered":"http:\/\/blog.senat.fr\/moocs\/?page_id=1209"},"modified":"2024-03-04T16:55:07","modified_gmt":"2024-03-04T15:55:07","slug":"le-role-legislatif-du-parlement-le-domaine-de-la-loi-33","status":"publish","type":"page","link":"https:\/\/blog.senat.fr\/moocs\/la-fonction-legislative\/le-role-legislatif-du-parlement-le-domaine-de-la-loi\/le-role-legislatif-du-parlement-le-domaine-de-la-loi-33\/","title":{"rendered":"Le r\u00f4le l\u00e9gislatif du S\u00e9nat"},"content":{"rendered":"<div style=\"float: left; width: 70%; height: auto; padding: 0 20px;\">\n<iframe\n\t\t\t\t\t\t\t\tsrc=\"https:\/\/videos.senat.fr\/iframe.4423798_65e0a7c8743d2\"\n\t\t\t\t\t\t\t\twidth=\"640\" height=\"500\"\n\t\t\t\t\t\t\t\tframeborder=\"0\"\n\t\t\t\t\t\t\t\tallowfullscreen=\"true\"\n\t\t\t\t\t\t\t\tscrolling=\"no\"><\/iframe><\/div>\n<div style=\"float: left; width: 30%; padding: 0 10px;\">\n<h3>M. Jean-Louis H\u00e9rin<\/h3>\n<h4>Secr\u00e9taire g\u00e9n\u00e9ral du S\u00e9nat<\/h4>\n<\/div>\n<div style=\"clear: both;\"><\/div>\n<hr style=\"width: 80%; color: #c9a96e;\" \/>\n<div style=\"float: left; width: 10%; height: auto; padding: 0 20px; text-align: left;\"><a href=\"http:\/\/blog.senat.fr\/moocs\/la-fonction-legislative\/\"><img loading=\"lazy\" decoding=\"async\" class=\"alignleft wp-image-451 size-full\" title=\"Retour \u00e0 la page &quot;la fonction l\u00e9gislative&quot;\" src=\"http:\/\/blog.senat.fr\/moocs\/wp-content\/uploads\/sites\/4\/2017\/01\/previous-1.png\" alt=\"Retour \u00e0 la page &quot;la fonction l\u00e9gislative&quot;\" width=\"30\" height=\"30\" \/><\/a><\/div>\n<div style=\"float: left; width: 80%; height: auto; padding: 0 20px;\">\n<h4>Tous les modules de ce cours<\/h4>\n<div style=\"float: left; text-align: center; width: 120px;\">\n<p><a href=\"http:\/\/blog.senat.fr\/moocs\/la-fonction-legislative\/le-role-legislatif-du-parlement-le-domaine-de-la-loi\/le-role-legislatif-du-parlement-le-domaine-de-la-loi-13\/\"><img loading=\"lazy\" decoding=\"async\" class=\"alignleft wp-image-989 size-full\" title=\"Pascal Jan\" src=\"http:\/\/blog.senat.fr\/moocs\/wp-content\/uploads\/sites\/4\/2017\/02\/tn-pascal-jan.png\" width=\"100\" height=\"67\" \/><\/a><\/p>\n<\/div>\n<div style=\"float: left; text-align: center; width: 120px;\">\n<p><a href=\"http:\/\/blog.senat.fr\/moocs\/la-fonction-legislative\/le-role-legislatif-du-parlement-le-domaine-de-la-loi\/le-role-legislatif-du-parlement-le-domaine-de-la-loi-33\/\"><img loading=\"lazy\" decoding=\"async\" class=\"alignleft wp-image-979 size-full\" title=\"Jean-Louis H\u00e9rin\" src=\"http:\/\/blog.senat.fr\/moocs\/wp-content\/uploads\/sites\/4\/2017\/02\/tn-jean-louis-herin.png\" width=\"100\" height=\"67\" \/><\/a><\/p>\n<\/div>\n<\/div>\n<div style=\"float: left; width: 10%; height: auto; padding: 0 20px; text-align: right;\"><\/div>\n","protected":false},"excerpt":{"rendered":"<p>M. Jean-Louis H\u00e9rin Secr\u00e9taire g\u00e9n\u00e9ral du S\u00e9nat Tous les modules de ce cours<\/p>\n","protected":false},"author":1,"featured_media":0,"parent":100,"menu_order":3,"comment_status":"closed","ping_status":"closed","template":"full-width.php","meta":{"footnotes":""},"class_list":["post-1209","page","type-page","status-publish","hentry"],"_links":{"self":[{"href":"https:\/\/blog.senat.fr\/moocs\/wp-json\/wp\/v2\/pages\/1209","targetHints":{"allow":["GET"]}}],"collection":[{"href":"https:\/\/blog.senat.fr\/moocs\/wp-json\/wp\/v2\/pages"}],"about":[{"href":"https:\/\/blog.senat.fr\/moocs\/wp-json\/wp\/v2\/types\/page"}],"author":[{"embeddable":true,"href":"https:\/\/blog.senat.fr\/moocs\/wp-json\/wp\/v2\/users\/1"}],"replies":[{"embeddable":true,"href":"https:\/\/blog.senat.fr\/moocs\/wp-json\/wp\/v2\/comments?post=1209"}],"version-history":[{"count":9,"href":"https:\/\/blog.senat.fr\/moocs\/wp-json\/wp\/v2\/pages\/1209\/revisions"}],"predecessor-version":[{"id":2236,"href":"https:\/\/blog.senat.fr\/moocs\/wp-json\/wp\/v2\/pages\/1209\/revisions\/2236"}],"up":[{"embeddable":true,"href":"https:\/\/blog.senat.fr\/moocs\/wp-json\/wp\/v2\/pages\/100"}],"wp:attachment":[{"href":"https:\/\/blog.senat.fr\/moocs\/wp-json\/wp\/v2\/media?parent=1209"}],"curies":[{"name":"wp","href":"https:\/\/api.w.org\/{rel}","templated":true}]}}