{"id":1201,"date":"2017-02-22T14:46:57","date_gmt":"2017-02-22T13:46:57","guid":{"rendered":"http:\/\/blog.senat.fr\/moocs\/?page_id=1201"},"modified":"2024-03-04T16:43:42","modified_gmt":"2024-03-04T15:43:42","slug":"les-collaborateurs-des-senateurs-12","status":"publish","type":"page","link":"https:\/\/blog.senat.fr\/moocs\/lorganisation-du-senat\/les-collaborateurs-des-senateurs\/les-collaborateurs-des-senateurs-12\/","title":{"rendered":"Les collaborateurs des S\u00e9nateurs"},"content":{"rendered":"<div style=\"float: left; width: 70%; height: auto; padding: 0 20px;\"><iframe\n\t\t\t\t\t\t\t\tsrc=\"https:\/\/videos.senat.fr\/iframe.4423168_65e0a643069de\"\n\t\t\t\t\t\t\t\twidth=\"640\" height=\"500\"\n\t\t\t\t\t\t\t\tframeborder=\"0\"\n\t\t\t\t\t\t\t\tallowfullscreen=\"true\"\n\t\t\t\t\t\t\t\tscrolling=\"no\"><\/iframe><\/div>\n<\/div>\n<div style=\"float: left; width: 30%; padding: 0 10px;\">\n<h3>Mme Fran\u00e7oise Cartron<\/h3>\n<h4>Vice-pr\u00e9sidente du S\u00e9nat, pr\u00e9sidente de la D\u00e9l\u00e9gation du Bureau aux Ressources humaines et \u00e0 l\u2019AGAS<\/h4>\n<\/div>\n<div style=\"clear: both;\"><\/div>\n<div style=\"border-radius: 25px; background: #eeeded; padding: 25px; font-size: 0.9em; line-height: 1.2em;\">\n<p>Vice-pr\u00e9sidente du S\u00e9nat, S\u00e9natrice de la Gironde (\u00e9lue en 2008, r\u00e9\u00e9lue en 2014), Mme Cartron est Pr\u00e9sidente de l&rsquo;A.G.A.S. (Association pour la Gestion des Assistants de S\u00e9nateurs).<br \/>\nMembre de la commission de la culture, de l&rsquo;\u00e9ducation et de la communication, et du Conseil national d&rsquo;\u00e9valuation du syst\u00e8me scolaire, Mme Cartron a \u00e9t\u00e9 Vice-Pr\u00e9sidente du conseil r\u00e9gional d&rsquo;Aquitaine, Maire d&rsquo;Artigues-pr\u00e8s-Bordeaux et Vice-Pr\u00e9sidente de la Communaut\u00e9 urbaine de Bordeaux.<\/p>\n<\/div>\n<hr style=\"width: 80%; color: #c9a96e;\" \/>\n<div style=\"float: left; width: 10%; height: auto; padding: 0 20px; text-align: left;\"><a href=\"http:\/\/blog.senat.fr\/moocs\/lorganisation-du-senat\/\"><img loading=\"lazy\" decoding=\"async\" class=\"alignleft wp-image-451 size-full\" title=\"Retour \u00e0 la page &quot;l'organisation du S\u00e9nat&quot;\" src=\"http:\/\/blog.senat.fr\/moocs\/wp-content\/uploads\/sites\/4\/2017\/01\/previous-1.png\" alt=\"Retour \u00e0 la page &quot;l'organisation du S\u00e9nat&quot;\" width=\"30\" height=\"30\" \/><\/a><\/div>\n<div style=\"float: left; width: 80%; height: auto; padding: 0 20px;\">\n<h4>Tous les modules de ce cours<\/h4>\n<div style=\"float: left; text-align: center; width: 120px;\">\n<p><a href=\"http:\/\/blog.senat.fr\/moocs\/lorganisation-du-senat\/les-collaborateurs-des-senateurs\/les-collaborateurs-des-senateurs-12\/\"><img loading=\"lazy\" decoding=\"async\" class=\"alignleft wp-image-967 size-full\" title=\"Fran\u00e7oise Cartron\" src=\"http:\/\/blog.senat.fr\/moocs\/wp-content\/uploads\/sites\/4\/2017\/02\/tn-francoise-cartron.png\" width=\"100\" height=\"67\" \/><\/a><\/p>\n<\/div>\n<\/div>\n","protected":false},"excerpt":{"rendered":"<p>Mme Fran\u00e7oise Cartron Vice-pr\u00e9sidente du S\u00e9nat, pr\u00e9sidente de la D\u00e9l\u00e9gation du Bureau aux Ressources humaines et \u00e0 l\u2019AGAS Vice-pr\u00e9sidente du&#8230;  <a class=\"excerpt-read-more\" href=\"https:\/\/blog.senat.fr\/moocs\/lorganisation-du-senat\/les-collaborateurs-des-senateurs\/les-collaborateurs-des-senateurs-12\/\" title=\"Read Les collaborateurs des S\u00e9nateurs\">Read more &raquo;<\/a><\/p>\n","protected":false},"author":1,"featured_media":0,"parent":91,"menu_order":1,"comment_status":"closed","ping_status":"closed","template":"full-width.php","meta":{"footnotes":""},"class_list":["post-1201","page","type-page","status-publish","hentry"],"_links":{"self":[{"href":"https:\/\/blog.senat.fr\/moocs\/wp-json\/wp\/v2\/pages\/1201","targetHints":{"allow":["GET"]}}],"collection":[{"href":"https:\/\/blog.senat.fr\/moocs\/wp-json\/wp\/v2\/pages"}],"about":[{"href":"https:\/\/blog.senat.fr\/moocs\/wp-json\/wp\/v2\/types\/page"}],"author":[{"embeddable":true,"href":"https:\/\/blog.senat.fr\/moocs\/wp-json\/wp\/v2\/users\/1"}],"replies":[{"embeddable":true,"href":"https:\/\/blog.senat.fr\/moocs\/wp-json\/wp\/v2\/comments?post=1201"}],"version-history":[{"count":15,"href":"https:\/\/blog.senat.fr\/moocs\/wp-json\/wp\/v2\/pages\/1201\/revisions"}],"predecessor-version":[{"id":2233,"href":"https:\/\/blog.senat.fr\/moocs\/wp-json\/wp\/v2\/pages\/1201\/revisions\/2233"}],"up":[{"embeddable":true,"href":"https:\/\/blog.senat.fr\/moocs\/wp-json\/wp\/v2\/pages\/91"}],"wp:attachment":[{"href":"https:\/\/blog.senat.fr\/moocs\/wp-json\/wp\/v2\/media?parent=1201"}],"curies":[{"name":"wp","href":"https:\/\/api.w.org\/{rel}","templated":true}]}}