{"id":1197,"date":"2017-02-22T14:37:51","date_gmt":"2017-02-22T13:37:51","guid":{"rendered":"http:\/\/blog.senat.fr\/moocs\/?page_id=1197"},"modified":"2024-03-04T16:39:29","modified_gmt":"2024-03-04T15:39:29","slug":"la-communication-et-la-chaine-parlementaire-public-senat-33","status":"publish","type":"page","link":"https:\/\/blog.senat.fr\/moocs\/lorganisation-du-senat\/la-communication-et-la-chaine-parlementaire-public-senat\/la-communication-et-la-chaine-parlementaire-public-senat-33\/","title":{"rendered":"La communication et la cha\u00eene parlementaire Public S\u00e9nat 2\/2"},"content":{"rendered":"<div style=\"float: left; width: 70%; height: auto; padding: 0 20px;\"><iframe\n\t\t\t\t\t\t\t\tsrc=\"https:\/\/videos.senat.fr\/iframe.4423148_65e0a62fc8ec0\"\n\t\t\t\t\t\t\t\twidth=\"640\" height=\"500\"\n\t\t\t\t\t\t\t\tframeborder=\"0\"\n\t\t\t\t\t\t\t\tallowfullscreen=\"true\"\n\t\t\t\t\t\t\t\tscrolling=\"no\"><\/iframe><\/div>\n<div style=\"float: left; width: 30%; padding: 0 10px;\">\n<h3>M. Emmanuel Kessler<\/h3>\n<h4>pr\u00e9sident de Public S\u00e9nat<\/h4>\n<\/div>\n<div style=\"clear: both;\"><\/div>\n<div style=\"border-radius: 25px; background: #eeeded; padding: 25px; font-size: 0.9em; line-height: 1.2em;\">\n<p>Pr\u00e9sident de la cha\u00eene Public S\u00e9nat, M. Emmanuel Kessler est journaliste (La Gazette des communes, BFM Radio, LCI, France Info), dipl\u00f4m\u00e9 d&rsquo;une ma\u00eetrise de philosophie et a rejoint Public S\u00e9nat en 2003 comme R\u00e9dacteur en chef adjoint des journaux et des op\u00e9rations sp\u00e9ciales avant d&rsquo;en prendre la Pr\u00e9sidence en 2015<\/p>\n<\/div>\n<hr style=\"width: 80%; color: #c9a96e;\" \/>\n<div style=\"float: left; width: 10%; height: auto; padding: 0 20px; text-align: left;\"><a href=\"http:\/\/blog.senat.fr\/moocs\/lorganisation-du-senat\/\"><img loading=\"lazy\" decoding=\"async\" class=\"alignleft wp-image-451 size-full\" title=\"Retour \u00e0 la page &quot;l'organisation du S\u00e9nat&quot;\" src=\"http:\/\/blog.senat.fr\/moocs\/wp-content\/uploads\/sites\/4\/2017\/01\/previous-1.png\" alt=\"Retour \u00e0 la page &quot;l'organisation du S\u00e9nat&quot;\" width=\"30\" height=\"30\" \/><\/a><\/div>\n<div style=\"float: left; width: 80%; height: auto; padding: 0 20px;\">\n<h4>Tous les modules de ce cours<\/h4>\n<div style=\"float: left; text-align: center; width: 120px;\">\n<p><a href=\"http:\/\/blog.senat.fr\/moocs\/lorganisation-du-senat\/la-communication-et-la-chaine-parlementaire-public-senat\/la-communication-et-la-chaine-parlementaire-public-senat-13\/\"><img loading=\"lazy\" decoding=\"async\" class=\"alignleft wp-image-970 size-full\" title=\"Isabelle Debr\u00e9\" src=\"http:\/\/blog.senat.fr\/moocs\/wp-content\/uploads\/sites\/4\/2017\/02\/tn-isabelle-debre.png\" width=\"100\" height=\"67\" \/><\/a><\/p>\n<\/div>\n<div style=\"float: left; text-align: center; width: 120px;\">\n<p><a href=\"http:\/\/blog.senat.fr\/moocs\/lorganisation-du-senat\/la-communication-et-la-chaine-parlementaire-public-senat\/la-communication-et-la-chaine-parlementaire-public-senat-33\/\"><img loading=\"lazy\" decoding=\"async\" class=\"alignleft wp-image-961 size-full\" title=\"Emmanuel Kessler\" src=\"http:\/\/blog.senat.fr\/moocs\/wp-content\/uploads\/sites\/4\/2017\/02\/tn-emmanuel-kessler.png\" width=\"100\" height=\"67\" \/><\/a><\/p>\n<\/div>\n<\/div>\n","protected":false},"excerpt":{"rendered":"<p>M. Emmanuel Kessler pr\u00e9sident de Public S\u00e9nat Pr\u00e9sident de la cha\u00eene Public S\u00e9nat, M. Emmanuel Kessler est journaliste (La Gazette&#8230;  <a class=\"excerpt-read-more\" href=\"https:\/\/blog.senat.fr\/moocs\/lorganisation-du-senat\/la-communication-et-la-chaine-parlementaire-public-senat\/la-communication-et-la-chaine-parlementaire-public-senat-33\/\" title=\"Read La communication et la cha\u00eene parlementaire Public S\u00e9nat 2\/2\">Read more &raquo;<\/a><\/p>\n","protected":false},"author":1,"featured_media":0,"parent":87,"menu_order":3,"comment_status":"closed","ping_status":"closed","template":"full-width.php","meta":{"footnotes":""},"class_list":["post-1197","page","type-page","status-publish","hentry"],"_links":{"self":[{"href":"https:\/\/blog.senat.fr\/moocs\/wp-json\/wp\/v2\/pages\/1197","targetHints":{"allow":["GET"]}}],"collection":[{"href":"https:\/\/blog.senat.fr\/moocs\/wp-json\/wp\/v2\/pages"}],"about":[{"href":"https:\/\/blog.senat.fr\/moocs\/wp-json\/wp\/v2\/types\/page"}],"author":[{"embeddable":true,"href":"https:\/\/blog.senat.fr\/moocs\/wp-json\/wp\/v2\/users\/1"}],"replies":[{"embeddable":true,"href":"https:\/\/blog.senat.fr\/moocs\/wp-json\/wp\/v2\/comments?post=1197"}],"version-history":[{"count":9,"href":"https:\/\/blog.senat.fr\/moocs\/wp-json\/wp\/v2\/pages\/1197\/revisions"}],"predecessor-version":[{"id":2230,"href":"https:\/\/blog.senat.fr\/moocs\/wp-json\/wp\/v2\/pages\/1197\/revisions\/2230"}],"up":[{"embeddable":true,"href":"https:\/\/blog.senat.fr\/moocs\/wp-json\/wp\/v2\/pages\/87"}],"wp:attachment":[{"href":"https:\/\/blog.senat.fr\/moocs\/wp-json\/wp\/v2\/media?parent=1197"}],"curies":[{"name":"wp","href":"https:\/\/api.w.org\/{rel}","templated":true}]}}