{"id":1183,"date":"2017-02-22T14:32:01","date_gmt":"2017-02-22T13:32:01","guid":{"rendered":"http:\/\/blog.senat.fr\/moocs\/?page_id=1183"},"modified":"2024-03-04T16:24:19","modified_gmt":"2024-03-04T15:24:19","slug":"les-commissions-44","status":"publish","type":"page","link":"https:\/\/blog.senat.fr\/moocs\/lorganisation-du-senat\/les-commissions\/les-commissions-44\/","title":{"rendered":"La commission des Affaires \u00e9trang\u00e8res et de la D\u00e9fense"},"content":{"rendered":"<div style=\"float: left; width: 70%; height: auto; padding: 0 20px;\"><iframe\n\t\t\t\t\t\t\t\tsrc=\"https:\/\/videos.senat.fr\/iframe.4423433_65e0a6f780fd7\"\n\t\t\t\t\t\t\t\twidth=\"640\" height=\"500\"\n\t\t\t\t\t\t\t\tframeborder=\"0\"\n\t\t\t\t\t\t\t\tallowfullscreen=\"true\"\n\t\t\t\t\t\t\t\tscrolling=\"no\"><\/iframe><\/div>\n<div style=\"float: left; width: 30%; padding: 0 10px;\">\n<h3>Mme Doroth\u00e9e Roy<\/h3>\n<h4>chef du service de la commission des Affaires \u00e9trang\u00e8res et de la D\u00e9fense<\/h4>\n<\/div>\n<div style=\"clear: both;\"><\/div>\n<div style=\"border-radius: 25px; background: #eeeded; padding: 25px; font-size: 0.9em; line-height: 1.2em;\">\n<h3>Plan du cours<\/h3>\n<p>Une commission permanente, en charge des affaires \u00e9trang\u00e8res et de la d\u00e9fense \u2022 L&rsquo;examen des textes de loi \u2022 Le contr\u00f4le du gouvernement et le suivi des crises internationales \u2022 La coop\u00e9ration permanente avec certains partenaires strat\u00e9giques.<\/p>\n<\/div>\n<hr style=\"width: 80%; color: #c9a96e;\" \/>\n<div style=\"float: left; width: 10%; height: auto; padding: 0 20px; text-align: left;\"><a href=\"http:\/\/blog.senat.fr\/moocs\/lorganisation-du-senat\/\"><img loading=\"lazy\" decoding=\"async\" class=\"alignleft wp-image-451 size-full\" title=\"Retour \u00e0 la page &quot;l'organisation du S\u00e9nat&quot;\" src=\"http:\/\/blog.senat.fr\/moocs\/wp-content\/uploads\/sites\/4\/2017\/01\/previous-1.png\" alt=\"Retour \u00e0 la page &quot;l'organisation du S\u00e9nat&quot;\" width=\"30\" height=\"30\" \/><\/a><\/div>\n<div style=\"float: left; width: 80%; height: auto; padding: 0 20px;\">\n<h4>Tous les modules de ce cours<\/h4>\n<div style=\"float: left; text-align: center; width: 120px;\">\n<p><a href=\"http:\/\/blog.senat.fr\/moocs\/lorganisation-du-senat\/les-commissions\/les-commissions-15\/\"><img loading=\"lazy\" decoding=\"async\" class=\"alignleft wp-image-1816 size-full\" title=\"Les Pr\u00e9sidents des commissions\" src=\"http:\/\/blog.senat.fr\/moocs\/wp-content\/uploads\/sites\/4\/2017\/03\/tn-presidents-commissions.jpg\" alt=\"Les Pr\u00e9sidents des commissions\" width=\"100\" height=\"67\" \/><\/a><\/p>\n<\/div>\n<div style=\"float: left; text-align: center; width: 120px;\">\n<p><a href=\"http:\/\/blog.senat.fr\/moocs\/lorganisation-du-senat\/les-commissions\/les-commissions-14\/\"><img loading=\"lazy\" decoding=\"async\" class=\"alignleft wp-image-991 size-full\" title=\"Pauline T\u00fcrk\" src=\"http:\/\/blog.senat.fr\/moocs\/wp-content\/uploads\/sites\/4\/2017\/02\/tn-pauline-turk.png\" alt=\"Pauline T\u00fcrk\" width=\"100\" height=\"67\" \/><\/a><\/p>\n<\/div>\n<div style=\"float: left; text-align: center; width: 120px;\">\n<p><a href=\"http:\/\/blog.senat.fr\/moocs\/lorganisation-du-senat\/les-commissions\/les-commissions-24\/\"><img loading=\"lazy\" decoding=\"async\" class=\"alignleft wp-image-1001 size-full\" title=\"S\u00e9verin Fonrojet\" src=\"http:\/\/blog.senat.fr\/moocs\/wp-content\/uploads\/sites\/4\/2017\/02\/tn-severin-fonrojet.png\" alt=\"S\u00e9verin Fonrojet\" width=\"100\" height=\"67\" \/><\/a><\/p>\n<\/div>\n<div style=\"float: left; text-align: center; width: 120px;\">\n<p><a href=\"http:\/\/blog.senat.fr\/moocs\/lorganisation-du-senat\/les-commissions\/les-commissions-34\/\"><img loading=\"lazy\" decoding=\"async\" class=\"alignleft wp-image-965 size-full\" title=\"Fabrice Robert\" src=\"http:\/\/blog.senat.fr\/moocs\/wp-content\/uploads\/sites\/4\/2017\/02\/tn-fabrice-robert.png\" alt=\"Fabrice Robert\" width=\"100\" height=\"67\" \/><\/a><\/p>\n<\/div>\n<div style=\"float: left; text-align: center; width: 120px;\">\n<p><a href=\"http:\/\/blog.senat.fr\/moocs\/lorganisation-du-senat\/les-commissions\/les-commissions-44\/\"><img loading=\"lazy\" decoding=\"async\" class=\"alignleft wp-image-960 size-full\" title=\"Doroth\u00e9e Roy\" src=\"http:\/\/blog.senat.fr\/moocs\/wp-content\/uploads\/sites\/4\/2017\/02\/tn-dorothee-roy.png\" alt=\"Doroth\u00e9e Roy\" width=\"100\" height=\"67\" \/><\/a><\/p>\n<\/div>\n<\/div>\n<div style=\"float: left; width: 10%; height: auto; padding: 0 20px; text-align: right;\"><\/div>\n","protected":false},"excerpt":{"rendered":"<p>Mme Doroth\u00e9e Roy chef du service de la commission des Affaires \u00e9trang\u00e8res et de la D\u00e9fense Plan du cours Une&#8230;  <a class=\"excerpt-read-more\" href=\"https:\/\/blog.senat.fr\/moocs\/lorganisation-du-senat\/les-commissions\/les-commissions-44\/\" title=\"Read La commission des Affaires \u00e9trang\u00e8res et de la D\u00e9fense\">Read more &raquo;<\/a><\/p>\n","protected":false},"author":1,"featured_media":0,"parent":75,"menu_order":5,"comment_status":"closed","ping_status":"closed","template":"full-width.php","meta":{"footnotes":""},"class_list":["post-1183","page","type-page","status-publish","hentry"],"_links":{"self":[{"href":"https:\/\/blog.senat.fr\/moocs\/wp-json\/wp\/v2\/pages\/1183","targetHints":{"allow":["GET"]}}],"collection":[{"href":"https:\/\/blog.senat.fr\/moocs\/wp-json\/wp\/v2\/pages"}],"about":[{"href":"https:\/\/blog.senat.fr\/moocs\/wp-json\/wp\/v2\/types\/page"}],"author":[{"embeddable":true,"href":"https:\/\/blog.senat.fr\/moocs\/wp-json\/wp\/v2\/users\/1"}],"replies":[{"embeddable":true,"href":"https:\/\/blog.senat.fr\/moocs\/wp-json\/wp\/v2\/comments?post=1183"}],"version-history":[{"count":12,"href":"https:\/\/blog.senat.fr\/moocs\/wp-json\/wp\/v2\/pages\/1183\/revisions"}],"predecessor-version":[{"id":2224,"href":"https:\/\/blog.senat.fr\/moocs\/wp-json\/wp\/v2\/pages\/1183\/revisions\/2224"}],"up":[{"embeddable":true,"href":"https:\/\/blog.senat.fr\/moocs\/wp-json\/wp\/v2\/pages\/75"}],"wp:attachment":[{"href":"https:\/\/blog.senat.fr\/moocs\/wp-json\/wp\/v2\/media?parent=1183"}],"curies":[{"name":"wp","href":"https:\/\/api.w.org\/{rel}","templated":true}]}}