{"id":1174,"date":"2017-02-22T14:29:21","date_gmt":"2017-02-22T13:29:21","guid":{"rendered":"http:\/\/blog.senat.fr\/moocs\/?page_id=1174"},"modified":"2024-03-04T16:06:38","modified_gmt":"2024-03-04T15:06:38","slug":"les-commissions-14","status":"publish","type":"page","link":"https:\/\/blog.senat.fr\/moocs\/lorganisation-du-senat\/les-commissions\/les-commissions-14\/","title":{"rendered":"Les commissions parlementaires au S\u00e9nat"},"content":{"rendered":"<div style=\"float: left; width: 70%; height: auto; padding: 0 20px;\"><iframe\n\t\t\t\t\t\t\t\tsrc=\"https:\/\/videos.senat.fr\/iframe.4423821_65e0a7d63324d\"\n\t\t\t\t\t\t\t\twidth=\"640\" height=\"500\"\n\t\t\t\t\t\t\t\tframeborder=\"0\"\n\t\t\t\t\t\t\t\tallowfullscreen=\"true\"\n\t\t\t\t\t\t\t\tscrolling=\"no\"><\/iframe><\/div>\n<div style=\"float: left; width: 30%; padding: 0 10px;\">\n<h3>Mme Pauline T\u00fcrk<\/h3>\n<h4>professeur \u00e0 l\u2019Universit\u00e9 de Nice C\u00f4te d\u2019Azur<\/h4>\n<\/div>\n<div style=\"clear: both;\"><\/div>\n<div style=\"border-radius: 25px; background: #eeeded; padding: 25px; font-size: 0.9em; line-height: 1.2em;\">\n<p>Professeur de Droit public, Directrice adjointe du CERDACFF, Universit\u00e9 C\u00f4te d\u2019Azur (UCA), Facult\u00e9 de Droit et de Science politique de NICE.<\/p>\n<\/div>\n<p>&nbsp;<\/p>\n<div style=\"border-radius: 25px; background: #eeeded; padding: 25px; font-size: 0.9em; line-height: 1.2em;\">\n<h3>Plan du cours<\/h3>\n<p>Les commissions parlementaires : d\u00e9finition et historique \u2022 Panorama g\u00e9n\u00e9ral : la diversit\u00e9 des commissions parlementaires au S\u00e9nat \u2022 Les principaux enjeux du travail des commissions parlementaires \u2022 Les commissions permanentes \u2022 Les commissions mixtes paritaires, la conciliation entre les assembl\u00e9es sur le terrain l\u00e9gislatif \u2022 Les commissions d&rsquo;enqu\u00eate, une mission de contr\u00f4le \u00e0 renforcer<\/p>\n<\/div>\n<hr style=\"width: 80%; color: #c9a96e;\" \/>\n<div style=\"float: left; width: 10%; height: auto; padding: 0 20px; text-align: left;\"><a href=\"http:\/\/blog.senat.fr\/moocs\/lorganisation-du-senat\/\"><img loading=\"lazy\" decoding=\"async\" class=\"alignleft wp-image-451 size-full\" title=\"Retour \u00e0 la page &quot;l'organisation du S\u00e9nat&quot;\" src=\"http:\/\/blog.senat.fr\/moocs\/wp-content\/uploads\/sites\/4\/2017\/01\/previous-1.png\" alt=\"Retour \u00e0 la page &quot;l'organisation du S\u00e9nat&quot;\" width=\"30\" height=\"30\" \/><\/a><\/div>\n<div style=\"float: left; width: 80%; height: auto; padding: 0 20px;\">\n<h4>Tous les modules de ce cours<\/h4>\n<div style=\"float: left; text-align: center; width: 120px;\">\n<p><a href=\"http:\/\/blog.senat.fr\/moocs\/lorganisation-du-senat\/les-commissions\/les-commissions-15\/\"><img loading=\"lazy\" decoding=\"async\" class=\"alignleft wp-image-1816 size-full\" title=\"Les Pr\u00e9sidents des commissions\" src=\"http:\/\/blog.senat.fr\/moocs\/wp-content\/uploads\/sites\/4\/2017\/03\/tn-presidents-commissions.jpg\" alt=\"Les Pr\u00e9sidents des commissions\" width=\"100\" height=\"67\" \/><\/a><\/p>\n<\/div>\n<div style=\"float: left; text-align: center; width: 120px;\">\n<p><a href=\"http:\/\/blog.senat.fr\/moocs\/lorganisation-du-senat\/les-commissions\/les-commissions-14\/\"><img loading=\"lazy\" decoding=\"async\" class=\"alignleft wp-image-991 size-full\" title=\"Pauline T\u00fcrk\" src=\"http:\/\/blog.senat.fr\/moocs\/wp-content\/uploads\/sites\/4\/2017\/02\/tn-pauline-turk.png\" alt=\"Pauline T\u00fcrk\" width=\"100\" height=\"67\" \/><\/a><\/p>\n<\/div>\n<div style=\"float: left; text-align: center; width: 120px;\">\n<p><a href=\"http:\/\/blog.senat.fr\/moocs\/lorganisation-du-senat\/les-commissions\/les-commissions-24\/\"><img loading=\"lazy\" decoding=\"async\" class=\"alignleft wp-image-1001 size-full\" title=\"S\u00e9verin Fonrojet\" src=\"http:\/\/blog.senat.fr\/moocs\/wp-content\/uploads\/sites\/4\/2017\/02\/tn-severin-fonrojet.png\" alt=\"S\u00e9verin Fonrojet\" width=\"100\" height=\"67\" \/><\/a><\/p>\n<\/div>\n<div style=\"float: left; text-align: center; width: 120px;\">\n<p><a href=\"http:\/\/blog.senat.fr\/moocs\/lorganisation-du-senat\/les-commissions\/les-commissions-34\/\"><img loading=\"lazy\" decoding=\"async\" class=\"alignleft wp-image-965 size-full\" title=\"Fabrice Robert\" src=\"http:\/\/blog.senat.fr\/moocs\/wp-content\/uploads\/sites\/4\/2017\/02\/tn-fabrice-robert.png\" alt=\"Fabrice Robert\" width=\"100\" height=\"67\" \/><\/a><\/p>\n<\/div>\n<div style=\"float: left; text-align: center; width: 120px;\">\n<p><a href=\"http:\/\/blog.senat.fr\/moocs\/lorganisation-du-senat\/les-commissions\/les-commissions-44\/\"><img loading=\"lazy\" decoding=\"async\" class=\"alignleft wp-image-960 size-full\" title=\"Doroth\u00e9e Roy\" src=\"http:\/\/blog.senat.fr\/moocs\/wp-content\/uploads\/sites\/4\/2017\/02\/tn-dorothee-roy.png\" alt=\"Doroth\u00e9e Roy\" width=\"100\" height=\"67\" \/><\/a><\/p>\n<\/div>\n<div style=\"float: left; width: 10%; height: auto; padding: 0 20px; text-align: right;\"><\/div>\n<\/div>\n","protected":false},"excerpt":{"rendered":"<p>Mme Pauline T\u00fcrk professeur \u00e0 l\u2019Universit\u00e9 de Nice C\u00f4te d\u2019Azur Professeur de Droit public, Directrice adjointe du CERDACFF, Universit\u00e9 C\u00f4te&#8230;  <a class=\"excerpt-read-more\" href=\"https:\/\/blog.senat.fr\/moocs\/lorganisation-du-senat\/les-commissions\/les-commissions-14\/\" title=\"Read Les commissions parlementaires au S\u00e9nat\">Read more &raquo;<\/a><\/p>\n","protected":false},"author":1,"featured_media":0,"parent":75,"menu_order":2,"comment_status":"closed","ping_status":"closed","template":"full-width.php","meta":{"footnotes":""},"class_list":["post-1174","page","type-page","status-publish","hentry"],"_links":{"self":[{"href":"https:\/\/blog.senat.fr\/moocs\/wp-json\/wp\/v2\/pages\/1174","targetHints":{"allow":["GET"]}}],"collection":[{"href":"https:\/\/blog.senat.fr\/moocs\/wp-json\/wp\/v2\/pages"}],"about":[{"href":"https:\/\/blog.senat.fr\/moocs\/wp-json\/wp\/v2\/types\/page"}],"author":[{"embeddable":true,"href":"https:\/\/blog.senat.fr\/moocs\/wp-json\/wp\/v2\/users\/1"}],"replies":[{"embeddable":true,"href":"https:\/\/blog.senat.fr\/moocs\/wp-json\/wp\/v2\/comments?post=1174"}],"version-history":[{"count":15,"href":"https:\/\/blog.senat.fr\/moocs\/wp-json\/wp\/v2\/pages\/1174\/revisions"}],"predecessor-version":[{"id":2219,"href":"https:\/\/blog.senat.fr\/moocs\/wp-json\/wp\/v2\/pages\/1174\/revisions\/2219"}],"up":[{"embeddable":true,"href":"https:\/\/blog.senat.fr\/moocs\/wp-json\/wp\/v2\/pages\/75"}],"wp:attachment":[{"href":"https:\/\/blog.senat.fr\/moocs\/wp-json\/wp\/v2\/media?parent=1174"}],"curies":[{"name":"wp","href":"https:\/\/api.w.org\/{rel}","templated":true}]}}