{"id":1170,"date":"2017-02-22T14:28:02","date_gmt":"2017-02-22T13:28:02","guid":{"rendered":"http:\/\/blog.senat.fr\/moocs\/?page_id=1170"},"modified":"2024-03-04T16:01:57","modified_gmt":"2024-03-04T15:01:57","slug":"les-groupes-politiques-23","status":"publish","type":"page","link":"https:\/\/blog.senat.fr\/moocs\/lorganisation-du-senat\/les-groupes-politiques\/les-groupes-politiques-23\/","title":{"rendered":"Les groupes minoritaires"},"content":{"rendered":"<div style=\"float: left; width: 70%; height: auto; padding: 0 20px;\"><iframe\n\t\t\t\t\t\t\t\tsrc=\"https:\/\/videos.senat.fr\/iframe.4423765_65e0a7b4029dc\"\n\t\t\t\t\t\t\t\twidth=\"640\" height=\"500\"\n\t\t\t\t\t\t\t\tframeborder=\"0\"\n\t\t\t\t\t\t\t\tallowfullscreen=\"true\"\n\t\t\t\t\t\t\t\tscrolling=\"no\"><\/iframe><\/div>\n<div style=\"float: left; width: 30%; padding: 0 10px;\">\n<h3>M. Jean-\u00c9ric Gicquel<\/h3>\n<h4>professeur des Universit\u00e9s, Universit\u00e9 de Rennes 1<\/h4>\n<\/div>\n<div style=\"clear: both;\"><\/div>\n<div style=\"border-radius: 25px; background: #eeeded; padding: 25px; font-size: 0.9em; line-height: 1.2em;\">\n<p>Professeur \u00e0 la facult\u00e9 de droit et de science politique de l&rsquo;Universit\u00e9 Rennes 1, sp\u00e9cialiste en Droit constitutions, en institutions politiques, en libert\u00e9s publiques.<\/p>\n<\/div>\n<hr style=\"width: 80%; color: #c9a96e;\" \/>\n<div style=\"float: left; width: 10%; height: auto; padding: 0 20px; text-align: left;\"><a href=\"http:\/\/blog.senat.fr\/moocs\/lorganisation-du-senat\/\"><img loading=\"lazy\" decoding=\"async\" class=\"alignleft wp-image-451 size-full\" title=\"Retour \u00e0 la page &quot;l'organisation du S\u00e9nat&quot;\" src=\"http:\/\/blog.senat.fr\/moocs\/wp-content\/uploads\/sites\/4\/2017\/01\/previous-1.png\" alt=\"Retour \u00e0 la page &quot;l'organisation du S\u00e9nat&quot;\" width=\"30\" height=\"30\" \/><\/a><\/div>\n<div style=\"float: left; width: 80%; height: auto; padding: 0 20px;\">\n<h4>Tous les modules de ce cours<\/h4>\n<div style=\"float: left; text-align: center; width: 120px;\">\n<p><a href=\"http:\/\/blog.senat.fr\/moocs\/lorganisation-du-senat\/les-groupes-politiques\/les-groupes-politiques-43\/\"><img loading=\"lazy\" decoding=\"async\" class=\"alignleft wp-image-1801 size-full\" title=\"Les Pr\u00e9sidents des groupes politique du S\u00e9nat\" src=\"http:\/\/blog.senat.fr\/moocs\/wp-content\/uploads\/sites\/4\/2017\/03\/tn-groupes-politiques.jpg\" width=\"100\" height=\"67\" \/><\/a><\/p>\n<\/div>\n<div style=\"float: left; text-align: center; width: 120px;\">\n<p><a href=\"http:\/\/blog.senat.fr\/moocs\/lorganisation-du-senat\/les-groupes-politiques\/les-groupes-politiques-13\/\"><img loading=\"lazy\" decoding=\"async\" class=\"alignleft wp-image-982 size-full\" title=\"Julie Benetti\" src=\"http:\/\/blog.senat.fr\/moocs\/wp-content\/uploads\/sites\/4\/2017\/02\/tn-julie-benetti.png\" alt=\"Julie Benetti\" width=\"100\" height=\"67\" \/><\/a><\/p>\n<\/div>\n<div style=\"float: left; text-align: center; width: 120px;\">\n<p><a href=\"http:\/\/blog.senat.fr\/moocs\/lorganisation-du-senat\/les-groupes-politiques\/les-groupes-politiques-23\/\"><img loading=\"lazy\" decoding=\"async\" class=\"alignleft wp-image-975 size-full\" title=\"Jean-\u00c9ric Gicquel\" src=\"http:\/\/blog.senat.fr\/moocs\/wp-content\/uploads\/sites\/4\/2017\/02\/tn-jean-eric-gicquel.png\" alt=\"Jean-\u00c9ric Gicquel\" width=\"100\" height=\"67\" \/><\/a><\/p>\n<\/div>\n<div style=\"float: left; text-align: center; width: 120px;\">\n<p><a href=\"http:\/\/blog.senat.fr\/moocs\/lorganisation-du-senat\/les-groupes-politiques\/les-groupes-politiques-33\/\"><img loading=\"lazy\" decoding=\"async\" class=\"alignleft wp-image-979 size-full\" title=\"Jean-Louis H\u00e9rin\" src=\"http:\/\/blog.senat.fr\/moocs\/wp-content\/uploads\/sites\/4\/2017\/02\/tn-jean-louis-herin.png\" alt=\"Jean-Louis H\u00e9rin\" width=\"100\" height=\"67\" \/><\/a><\/p>\n<\/div>\n<\/div>\n","protected":false},"excerpt":{"rendered":"<p>M. Jean-\u00c9ric Gicquel professeur des Universit\u00e9s, Universit\u00e9 de Rennes 1 Professeur \u00e0 la facult\u00e9 de droit et de science politique&#8230;  <a class=\"excerpt-read-more\" href=\"https:\/\/blog.senat.fr\/moocs\/lorganisation-du-senat\/les-groupes-politiques\/les-groupes-politiques-23\/\" title=\"Read Les groupes minoritaires\">Read more &raquo;<\/a><\/p>\n","protected":false},"author":1,"featured_media":0,"parent":73,"menu_order":2,"comment_status":"closed","ping_status":"closed","template":"full-width.php","meta":{"footnotes":""},"class_list":["post-1170","page","type-page","status-publish","hentry"],"_links":{"self":[{"href":"https:\/\/blog.senat.fr\/moocs\/wp-json\/wp\/v2\/pages\/1170","targetHints":{"allow":["GET"]}}],"collection":[{"href":"https:\/\/blog.senat.fr\/moocs\/wp-json\/wp\/v2\/pages"}],"about":[{"href":"https:\/\/blog.senat.fr\/moocs\/wp-json\/wp\/v2\/types\/page"}],"author":[{"embeddable":true,"href":"https:\/\/blog.senat.fr\/moocs\/wp-json\/wp\/v2\/users\/1"}],"replies":[{"embeddable":true,"href":"https:\/\/blog.senat.fr\/moocs\/wp-json\/wp\/v2\/comments?post=1170"}],"version-history":[{"count":15,"href":"https:\/\/blog.senat.fr\/moocs\/wp-json\/wp\/v2\/pages\/1170\/revisions"}],"predecessor-version":[{"id":2215,"href":"https:\/\/blog.senat.fr\/moocs\/wp-json\/wp\/v2\/pages\/1170\/revisions\/2215"}],"up":[{"embeddable":true,"href":"https:\/\/blog.senat.fr\/moocs\/wp-json\/wp\/v2\/pages\/73"}],"wp:attachment":[{"href":"https:\/\/blog.senat.fr\/moocs\/wp-json\/wp\/v2\/media?parent=1170"}],"curies":[{"name":"wp","href":"https:\/\/api.w.org\/{rel}","templated":true}]}}