{"id":1166,"date":"2017-02-22T14:25:42","date_gmt":"2017-02-22T13:25:42","guid":{"rendered":"http:\/\/blog.senat.fr\/moocs\/?page_id=1166"},"modified":"2024-03-04T15:57:04","modified_gmt":"2024-03-04T14:57:04","slug":"le-conseil-de-questure","status":"publish","type":"page","link":"https:\/\/blog.senat.fr\/moocs\/lorganisation-du-senat\/le-conseil-de-questure\/le-conseil-de-questure\/","title":{"rendered":"Le Conseil de Questure"},"content":{"rendered":"<div style=\"float: left; width: 70%; height: auto; padding: 0 20px;\"><iframe\n\t\t\t\t\t\t\t\tsrc=\"https:\/\/videos.senat.fr\/iframe.4423331_65e0a6ba3af96\"\n\t\t\t\t\t\t\t\twidth=\"640\" height=\"500\"\n\t\t\t\t\t\t\t\tframeborder=\"0\"\n\t\t\t\t\t\t\t\tallowfullscreen=\"true\"\n\t\t\t\t\t\t\t\tscrolling=\"no\"><\/iframe><\/div>\n<div style=\"float: left; width: 30%; padding: 0 10px;\">\n<h3>MM. Bernard Saugey et Dominique Bailly<\/h3>\n<h4>Questeurs du S\u00e9nat<\/h4>\n<\/div>\n<div style=\"clear: both;\"><\/div>\n<div style=\"border-radius: 25px; background: #eeeded; padding: 25px; font-size: 0.9em; line-height: 1.2em;\">\n<p>M. Bernard Saugey, S\u00e9nateur de l&rsquo;Is\u00e8re (\u00e9lu en 2001, r\u00e9\u00e9lu en 2011), Questeur du S\u00e9nat, Membre de la commission des lois constitutionnelles, de l\u00e9gislation, du suffrage universel, du R\u00e8glement et d&rsquo;administration g\u00e9n\u00e9rale.<\/p>\n<p>M. Dominique Bailly, S\u00e9nateur du Nord (\u00e9lu en 2011), Questeur du S\u00e9nat, Membre de la commission de la culture, de l&rsquo;\u00e9ducation et de la communication.<\/p>\n<\/div>\n<div style=\"border-radius: 25px; background: #eeeded; padding: 25px; font-size: 0.9em; line-height: 1.2em;\">\n<h3>Plan du cours<\/h3>\n<p>Le Conseil de Questure est d\u2019abord une instance politique \u2022 Il g\u00e8re les aspects mat\u00e9riels et administratifs de la vie du S\u00e9nat \u2022 Il d\u00e9coule du principe r\u00e9publicain d\u2019autonomie administrative et financi\u00e8re des assembl\u00e9es parlementaires \u2022 Une instance politique responsable de la bonne administration du S\u00e9nat \u2022 Le Conseil se r\u00e9unit chaque semaine \u2022 Il \u00e9tudie, approuve ou rejette les dossiers soumis \u2022 Le Questeur d\u00e9l\u00e9gu\u00e9 \u2022 Le travail du Conseil de Questure est, \u00e0 la fois, important et tr\u00e8s diversifi\u00e9 \u2022<\/p>\n<\/div>\n<hr style=\"width: 80%; color: #c9a96e;\" \/>\n<div style=\"float: left; width: 10%; height: auto; padding: 0 20px; text-align: left;\"><a href=\"http:\/\/blog.senat.fr\/moocs\/lorganisation-du-senat\/\"><img loading=\"lazy\" decoding=\"async\" class=\"alignleft wp-image-451 size-full\" title=\"Retour \u00e0 la page &quot;l'organisation du S\u00e9nat&quot;\" src=\"http:\/\/blog.senat.fr\/moocs\/wp-content\/uploads\/sites\/4\/2017\/01\/previous-1.png\" alt=\"Retour \u00e0 la page &quot;l'organisation du S\u00e9nat&quot;\" width=\"30\" height=\"30\" \/><\/a><\/div>\n<div style=\"float: left; width: 80%; height: auto; padding: 0 20px;\">\n<h4>Tous les modules de ce cours<\/h4>\n<div style=\"float: left; text-align: center; width: 120px;\">\n<p><a href=\"http:\/\/blog.senat.fr\/moocs\/lorganisation-du-senat\/le-conseil-de-questure\/le-conseil-de-questure\/\"><img loading=\"lazy\" decoding=\"async\" class=\"alignleft wp-image-1727 size-full\" title=\"MM. Bernatd Saugey et Dominique Bailly, Questeurs du S\u00e9nat\" src=\"http:\/\/blog.senat.fr\/moocs\/wp-content\/uploads\/sites\/4\/2017\/02\/tn-saugey-bailly.png\" alt=\"MM. Bernatd Saugey et Dominique Bailly, Questeurs du S\u00e9nat\" width=\"100\" height=\"67\" \/><\/a><\/p>\n<\/div>\n<div style=\"float: left; width: 10%; height: auto; padding: 0 20px; text-align: right;\"><\/div>\n<\/div>\n","protected":false},"excerpt":{"rendered":"<p>MM. Bernard Saugey et Dominique Bailly Questeurs du S\u00e9nat M. Bernard Saugey, S\u00e9nateur de l&rsquo;Is\u00e8re (\u00e9lu en 2001, r\u00e9\u00e9lu en&#8230;  <a class=\"excerpt-read-more\" href=\"https:\/\/blog.senat.fr\/moocs\/lorganisation-du-senat\/le-conseil-de-questure\/le-conseil-de-questure\/\" title=\"Read Le Conseil de Questure\">Read more &raquo;<\/a><\/p>\n","protected":false},"author":1,"featured_media":0,"parent":71,"menu_order":1,"comment_status":"closed","ping_status":"closed","template":"full-width.php","meta":{"footnotes":""},"class_list":["post-1166","page","type-page","status-publish","hentry"],"_links":{"self":[{"href":"https:\/\/blog.senat.fr\/moocs\/wp-json\/wp\/v2\/pages\/1166","targetHints":{"allow":["GET"]}}],"collection":[{"href":"https:\/\/blog.senat.fr\/moocs\/wp-json\/wp\/v2\/pages"}],"about":[{"href":"https:\/\/blog.senat.fr\/moocs\/wp-json\/wp\/v2\/types\/page"}],"author":[{"embeddable":true,"href":"https:\/\/blog.senat.fr\/moocs\/wp-json\/wp\/v2\/users\/1"}],"replies":[{"embeddable":true,"href":"https:\/\/blog.senat.fr\/moocs\/wp-json\/wp\/v2\/comments?post=1166"}],"version-history":[{"count":10,"href":"https:\/\/blog.senat.fr\/moocs\/wp-json\/wp\/v2\/pages\/1166\/revisions"}],"predecessor-version":[{"id":2212,"href":"https:\/\/blog.senat.fr\/moocs\/wp-json\/wp\/v2\/pages\/1166\/revisions\/2212"}],"up":[{"embeddable":true,"href":"https:\/\/blog.senat.fr\/moocs\/wp-json\/wp\/v2\/pages\/71"}],"wp:attachment":[{"href":"https:\/\/blog.senat.fr\/moocs\/wp-json\/wp\/v2\/media?parent=1166"}],"curies":[{"name":"wp","href":"https:\/\/api.w.org\/{rel}","templated":true}]}}